{"id":1774,"date":"2021-10-08T16:10:11","date_gmt":"2021-10-08T14:10:11","guid":{"rendered":"https:\/\/fts.you2.pl\/index.php\/produkt\/matchworn-u21-norwegia-1990-91-third-3-m\/"},"modified":"2025-09-18T11:10:49","modified_gmt":"2025-09-18T09:10:49","slug":"matchworn-u21-norwegia-1990-91-third-3-m","status":"publish","type":"product","link":"https:\/\/fts.you2.pl\/en\/matchworn-u21-norwegia-1990-91-third-3-m\/","title":{"rendered":"Norwegia 1991 3 [M]"},"content":{"rendered":"<p><strong>Klub: <\/strong>Norwegia<\/p>\n<p><strong>Sezon: <\/strong>1991<\/p>\n<p><strong>Rozmiar: <\/strong>M<\/p>\n<p><strong>Wymiary (szeroko\u015b\u0107 pod pachami\/d\u0142ugo\u015b\u0107) w cm: <\/strong>56\/72<\/p>\n<p><b>Dodatkowe informacje: <\/b>Jedna z wielu koszulek przekazanych przez norwesk\u0105 federacj\u0119 pi\u0142karsk\u0105 klubom ni\u017cszych lig.<\/p>","protected":false},"excerpt":{"rendered":"<p>Norwegia U21 1991 3 [M]<\/p>","protected":false},"featured_media":3703,"template":"","meta":{"_kad_blocks_custom_css":"","_kad_blocks_head_custom_js":"","_kad_blocks_body_custom_js":"","_kad_blocks_footer_custom_js":"","_kad_post_transparent":"","_kad_post_title":"","_kad_post_layout":"","_kad_post_sidebar_id":"","_kad_post_content_style":"","_kad_post_vertical_padding":"","_kad_post_feature":"","_kad_post_feature_position":"","_kad_post_header":false,"_kad_post_footer":false},"product_brand":[45],"product_cat":[23,114,22],"product_tag":[],"class_list":{"0":"post-1774","1":"product","2":"type-product","3":"status-publish","4":"has-post-thumbnail","6":"product_brand-adidas","7":"product_cat-europa","8":"product_cat-pozostale","9":"product_cat-reprezentacje","10":"pa_location-filip","11":"pa_numer-145","12":"pa_rozmiar-m","13":"pa_sezon-146","15":"first","16":"instock","17":"taxable","18":"shipping-taxable","19":"purchasable","20":"product-type-simple","21":"entry","22":"content-bg","23":"loop-entry"},"taxonomy_info":{"product_brand":[{"value":45,"label":"Adidas"}],"product_cat":[{"value":23,"label":"Europa"},{"value":114,"label":"Pozosta\u0142e"},{"value":22,"label":"REPREZENTACJE"}],"pa_location":[{"value":18,"label":"FILIP"}],"pa_numer":[{"value":145,"label":"3"}],"pa_rozmiar":[{"value":28,"label":"M"}],"pa_sezon":[{"value":146,"label":"1991"}]},"featured_image_src_large":["https:\/\/fts.you2.pl\/wp-content\/uploads\/2025\/09\/13801-Norwegia-1991-3-M-1-1024x1024.jpg",1024,1024,true],"author_info":[],"comment_info":"","_links":{"self":[{"href":"https:\/\/fts.you2.pl\/en\/wp-json\/wp\/v2\/product\/1774","targetHints":{"allow":["GET"]}}],"collection":[{"href":"https:\/\/fts.you2.pl\/en\/wp-json\/wp\/v2\/product"}],"about":[{"href":"https:\/\/fts.you2.pl\/en\/wp-json\/wp\/v2\/types\/product"}],"wp:featuredmedia":[{"embeddable":true,"href":"https:\/\/fts.you2.pl\/en\/wp-json\/wp\/v2\/media\/3703"}],"wp:attachment":[{"href":"https:\/\/fts.you2.pl\/en\/wp-json\/wp\/v2\/media?parent=1774"}],"wp:term":[{"taxonomy":"product_brand","embeddable":true,"href":"https:\/\/fts.you2.pl\/en\/wp-json\/wp\/v2\/product_brand?post=1774"},{"taxonomy":"product_cat","embeddable":true,"href":"https:\/\/fts.you2.pl\/en\/wp-json\/wp\/v2\/product_cat?post=1774"},{"taxonomy":"product_tag","embeddable":true,"href":"https:\/\/fts.you2.pl\/en\/wp-json\/wp\/v2\/product_tag?post=1774"}],"curies":[{"name":"wp","href":"https:\/\/api.w.org\/{rel}","templated":true}]}}