{"id":1779,"date":"2021-10-08T16:10:28","date_gmt":"2021-10-08T14:10:28","guid":{"rendered":"https:\/\/fts.you2.pl\/index.php\/produkt\/phoenix-suns-4-gortat-xl\/"},"modified":"2025-09-18T12:42:13","modified_gmt":"2025-09-18T10:42:13","slug":"phoenix-suns-4-gortat-xl","status":"publish","type":"product","link":"https:\/\/fts.you2.pl\/en\/phoenix-suns-4-gortat-xl\/","title":{"rendered":"Phoenix Suns 4 Gortat Home [XL]"},"content":{"rendered":"<p><strong>Klub: <\/strong>Phoenix Suns<\/p>\n<p><strong>Zawodnik: <\/strong>4 Gortat<\/p>\n<p><strong>Rozmiar: <\/strong>XL<\/p>\n<p><strong>Wymiary (szeroko\u015b\u0107 pod pachami\/d\u0142ugo\u015b\u0107) w cm:\u00a0<\/strong>66\/81<\/p>\n<p><strong>Stan:<\/strong> Doskona\u0142y<\/p>\n<p><strong>Dodatkowe informacje:<\/strong> Wersja tej koszulki to replika.<\/p>","protected":false},"excerpt":{"rendered":"<p>Phoenix Suns 4 Gortat Home [XL]<\/p>","protected":false},"featured_media":3751,"template":"","meta":{"_kad_blocks_custom_css":"","_kad_blocks_head_custom_js":"","_kad_blocks_body_custom_js":"","_kad_blocks_footer_custom_js":"","_kad_post_transparent":"","_kad_post_title":"","_kad_post_layout":"","_kad_post_sidebar_id":"","_kad_post_content_style":"","_kad_post_vertical_padding":"","_kad_post_feature":"","_kad_post_feature_position":"","_kad_post_header":false,"_kad_post_footer":false},"product_brand":[45],"product_cat":[25,110,127],"product_tag":[],"class_list":{"0":"post-1779","1":"product","2":"type-product","3":"status-publish","4":"has-post-thumbnail","6":"product_brand-adidas","7":"product_cat-inne","8":"product_cat-inne-sporty","9":"product_cat-koszykowka","10":"pa_location-filip","11":"pa_napis-gortat","12":"pa_numer-154","13":"pa_rozmiar-xl","15":"first","16":"instock","17":"taxable","18":"shipping-taxable","19":"purchasable","20":"product-type-simple","21":"entry","22":"content-bg","23":"loop-entry"},"taxonomy_info":{"product_brand":[{"value":45,"label":"Adidas"}],"product_cat":[{"value":25,"label":"Inne"},{"value":110,"label":"Inne sporty"},{"value":127,"label":"Koszyk\u00f3wka"}],"pa_location":[{"value":18,"label":"FILIP"}],"pa_napis":[{"value":153,"label":"Gortat"}],"pa_numer":[{"value":154,"label":"4"}],"pa_rozmiar":[{"value":57,"label":"XL"}]},"featured_image_src_large":["https:\/\/fts.you2.pl\/wp-content\/uploads\/2025\/09\/10778-Phoenix-Suns-4-Gortat-XL-1024x1024.jpg",1024,1024,true],"author_info":[],"comment_info":"","_links":{"self":[{"href":"https:\/\/fts.you2.pl\/en\/wp-json\/wp\/v2\/product\/1779","targetHints":{"allow":["GET"]}}],"collection":[{"href":"https:\/\/fts.you2.pl\/en\/wp-json\/wp\/v2\/product"}],"about":[{"href":"https:\/\/fts.you2.pl\/en\/wp-json\/wp\/v2\/types\/product"}],"wp:featuredmedia":[{"embeddable":true,"href":"https:\/\/fts.you2.pl\/en\/wp-json\/wp\/v2\/media\/3751"}],"wp:attachment":[{"href":"https:\/\/fts.you2.pl\/en\/wp-json\/wp\/v2\/media?parent=1779"}],"wp:term":[{"taxonomy":"product_brand","embeddable":true,"href":"https:\/\/fts.you2.pl\/en\/wp-json\/wp\/v2\/product_brand?post=1779"},{"taxonomy":"product_cat","embeddable":true,"href":"https:\/\/fts.you2.pl\/en\/wp-json\/wp\/v2\/product_cat?post=1779"},{"taxonomy":"product_tag","embeddable":true,"href":"https:\/\/fts.you2.pl\/en\/wp-json\/wp\/v2\/product_tag?post=1779"}],"curies":[{"name":"wp","href":"https:\/\/api.w.org\/{rel}","templated":true}]}}