{"id":1780,"date":"2021-10-08T16:10:32","date_gmt":"2021-10-08T14:10:32","guid":{"rendered":"https:\/\/fts.you2.pl\/index.php\/produkt\/koszulka-bramkarska-polska-1998-00-12-xxl\/"},"modified":"2025-09-18T12:43:55","modified_gmt":"2025-09-18T10:43:55","slug":"koszulka-bramkarska-polska-1998-00-12-xxl","status":"publish","type":"product","link":"https:\/\/fts.you2.pl\/en\/koszulka-bramkarska-polska-1998-00-12-xxl\/","title":{"rendered":"Koszulka bramkarska Polska 1998\/00 12 [XXL]"},"content":{"rendered":"<p><strong>Klub: <\/strong>Polska<\/p>\n<p><strong>Sezon: <\/strong>1998\/00 <\/p>\n<p><strong>Rozmiar: <\/strong>XXL<\/p>\n<p><strong>Wymiary (szeroko\u015b\u0107 pod pachami\/d\u0142ugo\u015b\u0107) w cm:\u00a0<\/strong>65\/90<\/p>\n<p><strong>Stan:<\/strong> Dobry &#8211; pojedyncze zabrudzenia, jedno spore w okolicy ramienia i pocz\u0105tku r\u0119kawka (ze wzgl\u0119du na nat\u0119\u017cenie \u015bwiat\u0142a niewidoczne na zdj\u0119ciu).<\/p>","protected":false},"excerpt":{"rendered":"<p>Koszulka bramkarska Polska 1998\/00 12 [XXL]<\/p>","protected":false},"featured_media":3756,"template":"","meta":{"_kad_blocks_custom_css":"","_kad_blocks_head_custom_js":"","_kad_blocks_body_custom_js":"","_kad_blocks_footer_custom_js":"","_kad_post_transparent":"","_kad_post_title":"","_kad_post_layout":"","_kad_post_sidebar_id":"","_kad_post_content_style":"","_kad_post_vertical_padding":"","_kad_post_feature":"","_kad_post_feature_position":"","_kad_post_header":false,"_kad_post_footer":false},"product_brand":[55],"product_cat":[23,157,22],"product_tag":[],"class_list":{"0":"post-1780","1":"product","2":"type-product","3":"status-publish","4":"has-post-thumbnail","6":"product_brand-nike","7":"product_cat-europa","8":"product_cat-polska","9":"product_cat-reprezentacje","10":"pa_location-filip","11":"pa_numer-155","12":"pa_rozmiar-xxl","13":"pa_sezon-1998-00","15":"first","16":"instock","17":"taxable","18":"shipping-taxable","19":"purchasable","20":"product-type-simple","21":"entry","22":"content-bg","23":"loop-entry"},"taxonomy_info":{"product_brand":[{"value":55,"label":"Nike"}],"product_cat":[{"value":23,"label":"Europa"},{"value":157,"label":"Polska"},{"value":22,"label":"REPREZENTACJE"}],"pa_location":[{"value":18,"label":"FILIP"}],"pa_numer":[{"value":155,"label":"12"}],"pa_rozmiar":[{"value":71,"label":"XXL"}],"pa_sezon":[{"value":156,"label":"1998\/00"}]},"featured_image_src_large":["https:\/\/fts.you2.pl\/wp-content\/uploads\/2025\/09\/9971-Koszulka-bramkarska-Polska-199800-12-XXL-1024x1024.jpg",1024,1024,true],"author_info":[],"comment_info":"","_links":{"self":[{"href":"https:\/\/fts.you2.pl\/en\/wp-json\/wp\/v2\/product\/1780","targetHints":{"allow":["GET"]}}],"collection":[{"href":"https:\/\/fts.you2.pl\/en\/wp-json\/wp\/v2\/product"}],"about":[{"href":"https:\/\/fts.you2.pl\/en\/wp-json\/wp\/v2\/types\/product"}],"wp:featuredmedia":[{"embeddable":true,"href":"https:\/\/fts.you2.pl\/en\/wp-json\/wp\/v2\/media\/3756"}],"wp:attachment":[{"href":"https:\/\/fts.you2.pl\/en\/wp-json\/wp\/v2\/media?parent=1780"}],"wp:term":[{"taxonomy":"product_brand","embeddable":true,"href":"https:\/\/fts.you2.pl\/en\/wp-json\/wp\/v2\/product_brand?post=1780"},{"taxonomy":"product_cat","embeddable":true,"href":"https:\/\/fts.you2.pl\/en\/wp-json\/wp\/v2\/product_cat?post=1780"},{"taxonomy":"product_tag","embeddable":true,"href":"https:\/\/fts.you2.pl\/en\/wp-json\/wp\/v2\/product_tag?post=1780"}],"curies":[{"name":"wp","href":"https:\/\/api.w.org\/{rel}","templated":true}]}}