{"id":1787,"date":"2021-10-08T16:11:07","date_gmt":"2021-10-08T14:11:07","guid":{"rendered":"https:\/\/fts.you2.pl\/index.php\/produkt\/southampton-fc-2011-12-away-9-rodriguez-m\/"},"modified":"2025-09-18T12:57:34","modified_gmt":"2025-09-18T10:57:34","slug":"southampton-fc-2011-12-away-9-rodriguez-m","status":"publish","type":"product","link":"https:\/\/fts.you2.pl\/en\/southampton-fc-2011-12-away-9-rodriguez-m\/","title":{"rendered":"Southampton FC 2011\/12 Away 9 Rodriguez [M]"},"content":{"rendered":"<p><strong>Klub: <\/strong>Southampton FC<\/p>\n<p><strong>Zawodnik: <\/strong>9 Rodriguez<\/p>\n<p><strong>Sezon: <\/strong>2011\/12 Away<\/p>\n<p><strong>Rozmiar: <\/strong>M<\/p>\n<p><strong>Wymiary (szeroko\u015b\u0107 pod pachami\/d\u0142ugo\u015b\u0107):\u00a0<\/strong>53\/71<\/p>\n<p><strong>Stan:<\/strong> Bardzo dobry &#8211; drobne zabrudzenia.<\/p>","protected":false},"excerpt":{"rendered":"<p>Southampton FC 2011\/12 Away 9 Rodriguez [M]<\/p>","protected":false},"featured_media":3810,"template":"","meta":{"_kad_blocks_custom_css":"","_kad_blocks_head_custom_js":"","_kad_blocks_body_custom_js":"","_kad_blocks_footer_custom_js":"","_kad_post_transparent":"","_kad_post_title":"","_kad_post_layout":"","_kad_post_sidebar_id":"","_kad_post_content_style":"","_kad_post_vertical_padding":"","_kad_post_feature":"","_kad_post_feature_position":"","_kad_post_header":false,"_kad_post_footer":false},"product_brand":[21],"product_cat":[32,31,33],"product_tag":[],"class_list":{"0":"post-1787","1":"product","2":"type-product","3":"status-publish","4":"has-post-thumbnail","6":"product_brand-umbro","7":"product_cat-kluby-angielskie","8":"product_cat-kluby-europejskie","9":"product_cat-pozostale-kluby-angielskie","10":"pa_location-filip","11":"pa_napis-rodriguez","12":"pa_numer-166","13":"pa_rozmiar-m","14":"pa_sezon-2011-12","16":"first","17":"instock","18":"taxable","19":"shipping-taxable","20":"purchasable","21":"product-type-simple","22":"entry","23":"content-bg","24":"loop-entry"},"taxonomy_info":{"product_brand":[{"value":21,"label":"Umbro"}],"product_cat":[{"value":32,"label":"Kluby Angielskie"},{"value":31,"label":"Kluby Europejskie"},{"value":33,"label":"Pozosta\u0142e kluby angielskie"}],"pa_location":[{"value":18,"label":"FILIP"}],"pa_napis":[{"value":165,"label":"Rodriguez"}],"pa_numer":[{"value":166,"label":"9"}],"pa_rozmiar":[{"value":28,"label":"M"}],"pa_sezon":[{"value":68,"label":"2011\/12"}]},"featured_image_src_large":["https:\/\/fts.you2.pl\/wp-content\/uploads\/2025\/09\/13319-Southampton-FC-201112-Away-9-Rodriguez-M-1-1024x1024.jpg",1024,1024,true],"author_info":[],"comment_info":"","_links":{"self":[{"href":"https:\/\/fts.you2.pl\/en\/wp-json\/wp\/v2\/product\/1787","targetHints":{"allow":["GET"]}}],"collection":[{"href":"https:\/\/fts.you2.pl\/en\/wp-json\/wp\/v2\/product"}],"about":[{"href":"https:\/\/fts.you2.pl\/en\/wp-json\/wp\/v2\/types\/product"}],"wp:featuredmedia":[{"embeddable":true,"href":"https:\/\/fts.you2.pl\/en\/wp-json\/wp\/v2\/media\/3810"}],"wp:attachment":[{"href":"https:\/\/fts.you2.pl\/en\/wp-json\/wp\/v2\/media?parent=1787"}],"wp:term":[{"taxonomy":"product_brand","embeddable":true,"href":"https:\/\/fts.you2.pl\/en\/wp-json\/wp\/v2\/product_brand?post=1787"},{"taxonomy":"product_cat","embeddable":true,"href":"https:\/\/fts.you2.pl\/en\/wp-json\/wp\/v2\/product_cat?post=1787"},{"taxonomy":"product_tag","embeddable":true,"href":"https:\/\/fts.you2.pl\/en\/wp-json\/wp\/v2\/product_tag?post=1787"}],"curies":[{"name":"wp","href":"https:\/\/api.w.org\/{rel}","templated":true}]}}