{"id":1806,"date":"2021-10-08T16:11:54","date_gmt":"2021-10-08T14:11:54","guid":{"rendered":"https:\/\/fts.you2.pl\/index.php\/produkt\/werder-brema-2009-10-third-22-frings-s\/"},"modified":"2025-09-18T13:31:00","modified_gmt":"2025-09-18T11:31:00","slug":"werder-brema-2009-10-third-22-frings-s","status":"publish","type":"product","link":"https:\/\/fts.you2.pl\/en\/werder-brema-2009-10-third-22-frings-s\/","title":{"rendered":"Werder Brema 2009\/10 Third 22 Frings [S]"},"content":{"rendered":"<p><strong>Klub: <\/strong>Werder Brema<\/p>\n<p><strong>Zawodnik: <\/strong>22 Frings<\/p>\n<p><strong>Sezon: <\/strong>2009\/10 Third<\/p>\n<p><strong>Rozmiar: <\/strong>S<\/p>\n<p><strong>Wymiary (szeroko\u015b\u0107 pod pachami\/d\u0142ugo\u015b\u0107) w cm:\u00a0<\/strong>46\/68<\/p>\n<p><strong>Stan:<\/strong> Bardzo dobry &#8211; delikatnie p\u0119kaj\u0105cy nadruk na plecach.<\/p>","protected":false},"excerpt":{"rendered":"<p>Werder Brema 2009\/10 Third 22 Frings [S]<\/p>","protected":false},"featured_media":3940,"template":"","meta":{"_kad_blocks_custom_css":"","_kad_blocks_head_custom_js":"","_kad_blocks_body_custom_js":"","_kad_blocks_footer_custom_js":"","_kad_post_transparent":"","_kad_post_title":"","_kad_post_layout":"","_kad_post_sidebar_id":"","_kad_post_content_style":"","_kad_post_vertical_padding":"","_kad_post_feature":"","_kad_post_feature_position":"","_kad_post_header":false,"_kad_post_footer":false},"product_brand":[55],"product_cat":[31,46,183],"product_tag":[],"class_list":{"0":"post-1806","1":"product","2":"type-product","3":"status-publish","4":"has-post-thumbnail","6":"product_brand-nike","7":"product_cat-kluby-europejskie","8":"product_cat-kluby-niemieckie","9":"product_cat-werder-brema","10":"pa_location-filip","11":"pa_napis-frings","12":"pa_numer-182","13":"pa_rozmiar-s","14":"pa_sezon-2009-10","16":"first","17":"instock","18":"taxable","19":"shipping-taxable","20":"purchasable","21":"product-type-simple","22":"entry","23":"content-bg","24":"loop-entry"},"taxonomy_info":{"product_brand":[{"value":55,"label":"Nike"}],"product_cat":[{"value":31,"label":"Kluby Europejskie"},{"value":46,"label":"Kluby Niemieckie"},{"value":183,"label":"Werder Brema"}],"pa_location":[{"value":18,"label":"FILIP"}],"pa_napis":[{"value":181,"label":"Frings"}],"pa_numer":[{"value":182,"label":"22"}],"pa_rozmiar":[{"value":19,"label":"S"}],"pa_sezon":[{"value":95,"label":"2009\/10"}]},"featured_image_src_large":["https:\/\/fts.you2.pl\/wp-content\/uploads\/2025\/09\/9711-Werder-Brema-200910-Third-22-Frings-S-1024x1024.jpg",1024,1024,true],"author_info":[],"comment_info":"","_links":{"self":[{"href":"https:\/\/fts.you2.pl\/en\/wp-json\/wp\/v2\/product\/1806","targetHints":{"allow":["GET"]}}],"collection":[{"href":"https:\/\/fts.you2.pl\/en\/wp-json\/wp\/v2\/product"}],"about":[{"href":"https:\/\/fts.you2.pl\/en\/wp-json\/wp\/v2\/types\/product"}],"wp:featuredmedia":[{"embeddable":true,"href":"https:\/\/fts.you2.pl\/en\/wp-json\/wp\/v2\/media\/3940"}],"wp:attachment":[{"href":"https:\/\/fts.you2.pl\/en\/wp-json\/wp\/v2\/media?parent=1806"}],"wp:term":[{"taxonomy":"product_brand","embeddable":true,"href":"https:\/\/fts.you2.pl\/en\/wp-json\/wp\/v2\/product_brand?post=1806"},{"taxonomy":"product_cat","embeddable":true,"href":"https:\/\/fts.you2.pl\/en\/wp-json\/wp\/v2\/product_cat?post=1806"},{"taxonomy":"product_tag","embeddable":true,"href":"https:\/\/fts.you2.pl\/en\/wp-json\/wp\/v2\/product_tag?post=1806"}],"curies":[{"name":"wp","href":"https:\/\/api.w.org\/{rel}","templated":true}]}}