{"id":1812,"date":"2021-10-28T16:22:11","date_gmt":"2021-10-28T14:22:11","guid":{"rendered":"https:\/\/fts.you2.pl\/index.php\/produkt\/koszulka-do-pilki-recznej-norwegia-199395-2-m\/"},"modified":"2025-09-18T13:42:01","modified_gmt":"2025-09-18T11:42:01","slug":"koszulka-do-pilki-recznej-norwegia-199395-2-m","status":"publish","type":"product","link":"https:\/\/fts.you2.pl\/en\/koszulka-do-pilki-recznej-norwegia-199395-2-m\/","title":{"rendered":"PI\u0141KA R\u0118CZNA Norwegia 1993\/95 2 [M]"},"content":{"rendered":"<p><strong>Klub:<\/strong> Norwegia<\/p>\n<p><strong>Sezon:<\/strong> 1993\/95<\/p>\n<p><strong>Rozmiar:<\/strong> M<\/p>\n<p><strong>Wymiary (szeroko\u015b\u0107 pod pachami\/d\u0142ugo\u015b\u0107) w cm:\u00a0<\/strong>56\/75<\/p>\n<p><strong>Stan:<\/strong> Dobry &#8211; pop\u0119kane nadruki.<\/p>\n<p><strong>Info:<\/strong> Koszulka norweskiej kadry pi\u0142ki r\u0119cznej, u\u017cywana prawdopodobnie w latach 93\/95.<\/p>","protected":false},"excerpt":{"rendered":"<p>PI\u0141KA R\u0118CZNA Norwegia 1993\/95 2 [M]<\/p>","protected":false},"featured_media":3995,"template":"","meta":{"_kad_blocks_custom_css":"","_kad_blocks_head_custom_js":"","_kad_blocks_body_custom_js":"","_kad_blocks_footer_custom_js":"","_kad_post_transparent":"","_kad_post_title":"","_kad_post_layout":"","_kad_post_sidebar_id":"","_kad_post_content_style":"","_kad_post_vertical_padding":"","_kad_post_feature":"","_kad_post_feature_position":"","_kad_post_header":false,"_kad_post_footer":false},"product_brand":[45],"product_cat":[25,110,188],"product_tag":[],"class_list":{"0":"post-1812","1":"product","2":"type-product","3":"status-publish","4":"has-post-thumbnail","6":"product_brand-adidas","7":"product_cat-inne","8":"product_cat-inne-sporty","9":"product_cat-pilka-reczna","10":"pa_location-filip","11":"pa_numer-158","12":"pa_rozmiar-m","13":"pa_sezon-1993-95","15":"first","16":"instock","17":"taxable","18":"shipping-taxable","19":"purchasable","20":"product-type-simple","21":"entry","22":"content-bg","23":"loop-entry"},"taxonomy_info":{"product_brand":[{"value":45,"label":"Adidas"}],"product_cat":[{"value":25,"label":"Inne"},{"value":110,"label":"Inne sporty"},{"value":188,"label":"Pi\u0142ka R\u0119czna"}],"pa_location":[{"value":18,"label":"FILIP"}],"pa_numer":[{"value":158,"label":"2"}],"pa_rozmiar":[{"value":28,"label":"M"}],"pa_sezon":[{"value":194,"label":"1993\/95"}]},"featured_image_src_large":["https:\/\/fts.you2.pl\/wp-content\/uploads\/2025\/09\/10561-Koszulka-do-pilki-recznej-Norwegia-199395-2-M-1024x1024.jpg",1024,1024,true],"author_info":[],"comment_info":"","_links":{"self":[{"href":"https:\/\/fts.you2.pl\/en\/wp-json\/wp\/v2\/product\/1812","targetHints":{"allow":["GET"]}}],"collection":[{"href":"https:\/\/fts.you2.pl\/en\/wp-json\/wp\/v2\/product"}],"about":[{"href":"https:\/\/fts.you2.pl\/en\/wp-json\/wp\/v2\/types\/product"}],"wp:featuredmedia":[{"embeddable":true,"href":"https:\/\/fts.you2.pl\/en\/wp-json\/wp\/v2\/media\/3995"}],"wp:attachment":[{"href":"https:\/\/fts.you2.pl\/en\/wp-json\/wp\/v2\/media?parent=1812"}],"wp:term":[{"taxonomy":"product_brand","embeddable":true,"href":"https:\/\/fts.you2.pl\/en\/wp-json\/wp\/v2\/product_brand?post=1812"},{"taxonomy":"product_cat","embeddable":true,"href":"https:\/\/fts.you2.pl\/en\/wp-json\/wp\/v2\/product_cat?post=1812"},{"taxonomy":"product_tag","embeddable":true,"href":"https:\/\/fts.you2.pl\/en\/wp-json\/wp\/v2\/product_tag?post=1812"}],"curies":[{"name":"wp","href":"https:\/\/api.w.org\/{rel}","templated":true}]}}