{"id":1821,"date":"2022-03-12T14:14:47","date_gmt":"2022-03-12T13:14:47","guid":{"rendered":"https:\/\/fts.you2.pl\/index.php\/produkt\/rapid-wieden-199698-home-xxl\/"},"modified":"2025-09-18T13:58:01","modified_gmt":"2025-09-18T11:58:01","slug":"rapid-wieden-199698-home-xxl","status":"publish","type":"product","link":"https:\/\/fts.you2.pl\/en\/rapid-wieden-199698-home-xxl\/","title":{"rendered":"Rapid Wiede\u0144 1996\/98 Home [XXL]"},"content":{"rendered":"<p><strong>Klub:\u00a0<\/strong>Rapid Wiede\u0144<\/p>\n<p><strong>Sezon:\u00a0<\/strong>1996\/98 Home<\/p>\n<p><strong>Rozmiar:\u00a0<\/strong>XXL<\/p>\n<p><strong>Stan: <\/strong>Bardzo dobry &#8211; kilka punktowych zabrudze\u0144 i mikro zaci\u0105gni\u0119\u0107.<\/p>\n<p><strong>Wymiary (szeroko\u015b\u0107 pod pachami\/d\u0142ugo\u015b\u0107) w cm:\u00a0<\/strong>60\/77<\/p>","protected":false},"excerpt":{"rendered":"<p>Rapid Wiede\u0144 1996\/98 Home [XXL]<\/p>","protected":false},"featured_media":4061,"template":"","meta":{"_kad_blocks_custom_css":"","_kad_blocks_head_custom_js":"","_kad_blocks_body_custom_js":"","_kad_blocks_footer_custom_js":"","_kad_post_transparent":"","_kad_post_title":"","_kad_post_layout":"","_kad_post_sidebar_id":"","_kad_post_content_style":"","_kad_post_vertical_padding":"","_kad_post_feature":"","_kad_post_feature_position":"","_kad_post_header":false,"_kad_post_footer":false},"product_brand":[59],"product_cat":[104,50,31],"product_tag":[],"class_list":{"0":"post-1821","1":"product","2":"type-product","3":"status-publish","4":"has-post-thumbnail","6":"product_brand-diadora","7":"product_cat-austria-i-szwajcaria","8":"product_cat-kluby-europejskie-kluby-europejskie","9":"product_cat-kluby-europejskie","10":"pa_location-filip","11":"pa_rozmiar-xxl","13":"first","14":"instock","15":"taxable","16":"shipping-taxable","17":"purchasable","18":"product-type-simple","19":"entry","20":"content-bg","21":"loop-entry"},"taxonomy_info":{"product_brand":[{"value":59,"label":"Diadora"}],"product_cat":[{"value":104,"label":"Austria i Szwajcaria"},{"value":50,"label":"Kluby Europejskie"},{"value":31,"label":"Kluby Europejskie"}],"pa_location":[{"value":18,"label":"FILIP"}],"pa_rozmiar":[{"value":71,"label":"XXL"}]},"featured_image_src_large":["https:\/\/fts.you2.pl\/wp-content\/uploads\/2025\/09\/10440-Rapid-Wieden-199698-Home-XXL-1024x1024.jpg",1024,1024,true],"author_info":[],"comment_info":"","_links":{"self":[{"href":"https:\/\/fts.you2.pl\/en\/wp-json\/wp\/v2\/product\/1821","targetHints":{"allow":["GET"]}}],"collection":[{"href":"https:\/\/fts.you2.pl\/en\/wp-json\/wp\/v2\/product"}],"about":[{"href":"https:\/\/fts.you2.pl\/en\/wp-json\/wp\/v2\/types\/product"}],"wp:featuredmedia":[{"embeddable":true,"href":"https:\/\/fts.you2.pl\/en\/wp-json\/wp\/v2\/media\/4061"}],"wp:attachment":[{"href":"https:\/\/fts.you2.pl\/en\/wp-json\/wp\/v2\/media?parent=1821"}],"wp:term":[{"taxonomy":"product_brand","embeddable":true,"href":"https:\/\/fts.you2.pl\/en\/wp-json\/wp\/v2\/product_brand?post=1821"},{"taxonomy":"product_cat","embeddable":true,"href":"https:\/\/fts.you2.pl\/en\/wp-json\/wp\/v2\/product_cat?post=1821"},{"taxonomy":"product_tag","embeddable":true,"href":"https:\/\/fts.you2.pl\/en\/wp-json\/wp\/v2\/product_tag?post=1821"}],"curies":[{"name":"wp","href":"https:\/\/api.w.org\/{rel}","templated":true}]}}