{"id":1822,"date":"2022-03-12T14:24:56","date_gmt":"2022-03-12T13:24:56","guid":{"rendered":"https:\/\/fts.you2.pl\/index.php\/produkt\/newcastle-united-fc-200001-home-xl\/"},"modified":"2025-09-18T13:59:48","modified_gmt":"2025-09-18T11:59:48","slug":"newcastle-united-fc-200001-home-xl","status":"publish","type":"product","link":"https:\/\/fts.you2.pl\/en\/newcastle-united-fc-200001-home-xl\/","title":{"rendered":"Newcastle United FC 2000\/01 Home [XL]"},"content":{"rendered":"<p><strong>Klub:\u00a0<\/strong>Newcastle United FC<\/p>\n<p><strong>Sezon:\u00a0<\/strong>2000\/01 Home<\/p>\n<p><strong>Rozmiar:\u00a0<\/strong>XL<\/p>\n<p><strong>Stan:\u00a0<\/strong>Doskona\u0142y<\/p>\n<p><strong>Wymiary (szeroko\u015b\u0107 pod pachami\/d\u0142ugo\u015b\u0107) w cm:\u00a0<\/strong>59\/76<\/p>","protected":false},"excerpt":{"rendered":"<p>Newcastle United FC 2000\/01 Home [XL]<\/p>","protected":false},"featured_media":4067,"template":"","meta":{"_kad_blocks_custom_css":"","_kad_blocks_head_custom_js":"","_kad_blocks_body_custom_js":"","_kad_blocks_footer_custom_js":"","_kad_post_transparent":"","_kad_post_title":"","_kad_post_layout":"","_kad_post_sidebar_id":"","_kad_post_content_style":"","_kad_post_vertical_padding":"","_kad_post_feature":"","_kad_post_feature_position":"","_kad_post_header":false,"_kad_post_footer":false},"product_brand":[45],"product_cat":[32,31,33],"product_tag":[],"class_list":{"0":"post-1822","1":"product","2":"type-product","3":"status-publish","4":"has-post-thumbnail","6":"product_brand-adidas","7":"product_cat-kluby-angielskie","8":"product_cat-kluby-europejskie","9":"product_cat-pozostale-kluby-angielskie","10":"pa_location-filip","11":"pa_rozmiar-xl","12":"pa_sezon-2000-01","14":"first","15":"instock","16":"taxable","17":"shipping-taxable","18":"purchasable","19":"product-type-simple","20":"entry","21":"content-bg","22":"loop-entry"},"taxonomy_info":{"product_brand":[{"value":45,"label":"Adidas"}],"product_cat":[{"value":32,"label":"Kluby Angielskie"},{"value":31,"label":"Kluby Europejskie"},{"value":33,"label":"Pozosta\u0142e kluby angielskie"}],"pa_location":[{"value":18,"label":"FILIP"}],"pa_rozmiar":[{"value":57,"label":"XL"}],"pa_sezon":[{"value":205,"label":"2000\/01"}]},"featured_image_src_large":["https:\/\/fts.you2.pl\/wp-content\/uploads\/2025\/09\/10459-Newcastle-United-FC-200001-Home-XL-1024x1024.jpg",1024,1024,true],"author_info":[],"comment_info":"","_links":{"self":[{"href":"https:\/\/fts.you2.pl\/en\/wp-json\/wp\/v2\/product\/1822","targetHints":{"allow":["GET"]}}],"collection":[{"href":"https:\/\/fts.you2.pl\/en\/wp-json\/wp\/v2\/product"}],"about":[{"href":"https:\/\/fts.you2.pl\/en\/wp-json\/wp\/v2\/types\/product"}],"wp:featuredmedia":[{"embeddable":true,"href":"https:\/\/fts.you2.pl\/en\/wp-json\/wp\/v2\/media\/4067"}],"wp:attachment":[{"href":"https:\/\/fts.you2.pl\/en\/wp-json\/wp\/v2\/media?parent=1822"}],"wp:term":[{"taxonomy":"product_brand","embeddable":true,"href":"https:\/\/fts.you2.pl\/en\/wp-json\/wp\/v2\/product_brand?post=1822"},{"taxonomy":"product_cat","embeddable":true,"href":"https:\/\/fts.you2.pl\/en\/wp-json\/wp\/v2\/product_cat?post=1822"},{"taxonomy":"product_tag","embeddable":true,"href":"https:\/\/fts.you2.pl\/en\/wp-json\/wp\/v2\/product_tag?post=1822"}],"curies":[{"name":"wp","href":"https:\/\/api.w.org\/{rel}","templated":true}]}}