{"id":1823,"date":"2022-03-12T14:28:33","date_gmt":"2022-03-12T13:28:33","guid":{"rendered":"https:\/\/fts.you2.pl\/index.php\/produkt\/fc-porto-200203-home-m\/"},"modified":"2025-09-18T14:01:31","modified_gmt":"2025-09-18T12:01:31","slug":"fc-porto-200203-home-m","status":"publish","type":"product","link":"https:\/\/fts.you2.pl\/en\/fc-porto-200203-home-m\/","title":{"rendered":"FC Porto 2002\/03 Home [M]"},"content":{"rendered":"<p><strong>Klub:\u00a0<\/strong>FC Porto<\/p>\n<p><strong>Sezon:\u00a0<\/strong>2002\/03 Home<\/p>\n<p><strong>Rozmiar:\u00a0<\/strong>M<\/p>\n<p><strong>Wymiary (szeroko\u015b\u0107 pod pachami\/d\u0142ugo\u015b\u0107) w cm:\u00a0<\/strong>55\/70<\/p>\n<p><strong>Stan:\u00a0<\/strong>Zadowalaj\u0105cy &#8211; koszulka posiada mocno zniszczony patch ligowy na r\u0119kawku, oraz ma uci\u0119t\u0105 metk\u0119 wewn\u0119trzn\u0105.<\/p>","protected":false},"excerpt":{"rendered":"<p>FC Porto 2002\/03 Home [M]<\/p>","protected":false},"featured_media":4073,"template":"","meta":{"_kad_blocks_custom_css":"","_kad_blocks_head_custom_js":"","_kad_blocks_body_custom_js":"","_kad_blocks_footer_custom_js":"","_kad_post_transparent":"","_kad_post_title":"","_kad_post_layout":"","_kad_post_sidebar_id":"","_kad_post_content_style":"","_kad_post_vertical_padding":"","_kad_post_feature":"","_kad_post_feature_position":"","_kad_post_header":false,"_kad_post_footer":false},"product_brand":[55],"product_cat":[31,50,206],"product_tag":[],"class_list":{"0":"post-1823","1":"product","2":"type-product","3":"status-publish","4":"has-post-thumbnail","6":"product_brand-nike","7":"product_cat-kluby-europejskie","8":"product_cat-kluby-europejskie-kluby-europejskie","9":"product_cat-portugalia","10":"pa_location-filip","11":"pa_rozmiar-m","12":"pa_sezon-2002-03","14":"first","15":"instock","16":"taxable","17":"shipping-taxable","18":"purchasable","19":"product-type-simple","20":"entry","21":"content-bg","22":"loop-entry"},"taxonomy_info":{"product_brand":[{"value":55,"label":"Nike"}],"product_cat":[{"value":31,"label":"Kluby Europejskie"},{"value":50,"label":"Kluby Europejskie"},{"value":206,"label":"Portugalia"}],"pa_location":[{"value":18,"label":"FILIP"}],"pa_rozmiar":[{"value":28,"label":"M"}],"pa_sezon":[{"value":106,"label":"2002\/03"}]},"featured_image_src_large":["https:\/\/fts.you2.pl\/wp-content\/uploads\/2025\/09\/10467-FC-Porto-200203-Home-M-1024x1024.jpg",1024,1024,true],"author_info":[],"comment_info":"","_links":{"self":[{"href":"https:\/\/fts.you2.pl\/en\/wp-json\/wp\/v2\/product\/1823","targetHints":{"allow":["GET"]}}],"collection":[{"href":"https:\/\/fts.you2.pl\/en\/wp-json\/wp\/v2\/product"}],"about":[{"href":"https:\/\/fts.you2.pl\/en\/wp-json\/wp\/v2\/types\/product"}],"wp:featuredmedia":[{"embeddable":true,"href":"https:\/\/fts.you2.pl\/en\/wp-json\/wp\/v2\/media\/4073"}],"wp:attachment":[{"href":"https:\/\/fts.you2.pl\/en\/wp-json\/wp\/v2\/media?parent=1823"}],"wp:term":[{"taxonomy":"product_brand","embeddable":true,"href":"https:\/\/fts.you2.pl\/en\/wp-json\/wp\/v2\/product_brand?post=1823"},{"taxonomy":"product_cat","embeddable":true,"href":"https:\/\/fts.you2.pl\/en\/wp-json\/wp\/v2\/product_cat?post=1823"},{"taxonomy":"product_tag","embeddable":true,"href":"https:\/\/fts.you2.pl\/en\/wp-json\/wp\/v2\/product_tag?post=1823"}],"curies":[{"name":"wp","href":"https:\/\/api.w.org\/{rel}","templated":true}]}}