{"id":1824,"date":"2022-03-28T11:48:46","date_gmt":"2022-03-28T09:48:46","guid":{"rendered":"https:\/\/fts.you2.pl\/index.php\/produkt\/greuther-furth-2018-19-away-4-gugganig-l\/"},"modified":"2025-09-18T14:03:19","modified_gmt":"2025-09-18T12:03:19","slug":"greuther-furth-2018-19-away-4-gugganig-l","status":"publish","type":"product","link":"https:\/\/fts.you2.pl\/en\/greuther-furth-2018-19-away-4-gugganig-l\/","title":{"rendered":"MATCH WORN Greuther Furth 2018\/19 Away 4 Gugganig [L]"},"content":{"rendered":"<p><strong>Klub: <\/strong>Greuther Furth<\/p>\n<p><strong>Zawodnik: <\/strong>4 Gugganig<\/p>\n<p><strong>Sezon: <\/strong>2018\/19 Away<\/p>\n<p><strong>Rozmiar: <\/strong>L<\/p>\n<p><strong>Wymiary (szeroko\u015b\u0107 pod pachami\/d\u0142ugo\u015b\u0107) w cm:\u00a0<\/strong>53\/73<\/p>\n<p><strong>Stan:<\/strong> Bardzo dobry\u00a0<\/p>\n<p><strong>Dodatkowe informacje:<\/strong> Na podstawie poszlak przypuszczamy i zak\u0142adamy, \u017ce jest to koszulka meczowa Lukasa Gugganiga, by\u0142ego m\u0142odzie\u017cowego reprezentanta Austrii, kt\u00f3ry aktualnie reprezentuje barwy VFL Osnabruck. Trykot zosta\u0142 wyprany po meczu, lecz na patchach pozosta\u0142y \u015blady zabrudze\u0144 boiskowych.<\/p><\/p>","protected":false},"excerpt":{"rendered":"<p>MATCH WORN Greuther Furth 2018\/19 Away 4 Gugganig [L]<\/p>","protected":false},"featured_media":4081,"template":"","meta":{"_kad_blocks_custom_css":"","_kad_blocks_head_custom_js":"","_kad_blocks_body_custom_js":"","_kad_blocks_footer_custom_js":"","_kad_post_transparent":"","_kad_post_title":"","_kad_post_layout":"","_kad_post_sidebar_id":"","_kad_post_content_style":"","_kad_post_vertical_padding":"","_kad_post_feature":"","_kad_post_feature_position":"","_kad_post_header":false,"_kad_post_footer":false},"product_brand":[201],"product_cat":[31,46,173,174],"product_tag":[],"class_list":{"0":"post-1824","1":"product","2":"type-product","3":"status-publish","4":"has-post-thumbnail","6":"product_brand-hummel","7":"product_cat-kluby-europejskie","8":"product_cat-kluby-niemieckie","9":"product_cat-match-worn-issue","10":"product_cat-pozostale-kluby-niemieckie","11":"pa_location-filip","12":"pa_napis-gugganig","13":"pa_numer-154","14":"pa_rozmiar-l","15":"pa_sezon-2018-19","17":"first","18":"instock","19":"taxable","20":"shipping-taxable","21":"purchasable","22":"product-type-simple","23":"entry","24":"content-bg","25":"loop-entry"},"taxonomy_info":{"product_brand":[{"value":201,"label":"Hummel"}],"product_cat":[{"value":31,"label":"Kluby Europejskie"},{"value":46,"label":"Kluby Niemieckie"},{"value":173,"label":"MATCH WORN &amp; ISSUE"},{"value":174,"label":"Pozosta\u0142e kluby niemieckie"}],"pa_location":[{"value":18,"label":"FILIP"}],"pa_napis":[{"value":207,"label":"Gugganig"}],"pa_numer":[{"value":154,"label":"4"}],"pa_rozmiar":[{"value":39,"label":"L"}],"pa_sezon":[{"value":208,"label":"2018\/19"}]},"featured_image_src_large":["https:\/\/fts.you2.pl\/wp-content\/uploads\/2025\/09\/10837-MATCH-WORN-Greuther-Furth-201819-Away-4-Gugganig-L-1024x1024.jpg",1024,1024,true],"author_info":[],"comment_info":"","_links":{"self":[{"href":"https:\/\/fts.you2.pl\/en\/wp-json\/wp\/v2\/product\/1824","targetHints":{"allow":["GET"]}}],"collection":[{"href":"https:\/\/fts.you2.pl\/en\/wp-json\/wp\/v2\/product"}],"about":[{"href":"https:\/\/fts.you2.pl\/en\/wp-json\/wp\/v2\/types\/product"}],"wp:featuredmedia":[{"embeddable":true,"href":"https:\/\/fts.you2.pl\/en\/wp-json\/wp\/v2\/media\/4081"}],"wp:attachment":[{"href":"https:\/\/fts.you2.pl\/en\/wp-json\/wp\/v2\/media?parent=1824"}],"wp:term":[{"taxonomy":"product_brand","embeddable":true,"href":"https:\/\/fts.you2.pl\/en\/wp-json\/wp\/v2\/product_brand?post=1824"},{"taxonomy":"product_cat","embeddable":true,"href":"https:\/\/fts.you2.pl\/en\/wp-json\/wp\/v2\/product_cat?post=1824"},{"taxonomy":"product_tag","embeddable":true,"href":"https:\/\/fts.you2.pl\/en\/wp-json\/wp\/v2\/product_tag?post=1824"}],"curies":[{"name":"wp","href":"https:\/\/api.w.org\/{rel}","templated":true}]}}