{"id":1825,"date":"2022-03-28T11:48:48","date_gmt":"2022-03-28T09:48:48","guid":{"rendered":"https:\/\/fts.you2.pl\/index.php\/produkt\/real-betis-2003-04-away-l\/"},"modified":"2025-09-18T14:05:03","modified_gmt":"2025-09-18T12:05:03","slug":"real-betis-2003-04-away-l","status":"publish","type":"product","link":"https:\/\/fts.you2.pl\/en\/real-betis-2003-04-away-l\/","title":{"rendered":"Real Betis 2003\/04 Away [L]"},"content":{"rendered":"<p><strong>Klub: <\/strong>Real Betis<\/p>\n<p><strong>Sezon: <\/strong>2003\/04 Away<\/p>\n<p><strong>Rozmiar: <\/strong>L<\/p>\n<p><strong>Wymiary (szeroko\u015b\u0107 pod pachami\/d\u0142ugo\u015b\u0107) w cm:\u00a0<\/strong>49\/66<\/p>\n<p><strong>Stan:<\/strong> Zadowalaj\u0105cy &#8211; koszulka posiada dwa \u015blady po przeprasowaniu.<\/p>","protected":false},"excerpt":{"rendered":"<p>Real Betis 2003\/04 Away [L]<\/p>","protected":false},"featured_media":4091,"template":"","meta":{"_kad_blocks_custom_css":"","_kad_blocks_head_custom_js":"","_kad_blocks_body_custom_js":"","_kad_blocks_footer_custom_js":"","_kad_post_transparent":"","_kad_post_title":"","_kad_post_layout":"","_kad_post_sidebar_id":"","_kad_post_content_style":"","_kad_post_vertical_padding":"","_kad_post_feature":"","_kad_post_feature_position":"","_kad_post_header":false,"_kad_post_footer":false},"product_brand":[35],"product_cat":[31,87,88],"product_tag":[],"class_list":{"0":"post-1825","1":"product","2":"type-product","3":"status-publish","4":"has-post-thumbnail","6":"product_brand-kappa","7":"product_cat-kluby-europejskie","8":"product_cat-kluby-hiszpanskie","9":"product_cat-pozostale-kluby-hiszpanskie","10":"pa_location-filip","11":"pa_rozmiar-l","12":"pa_sezon-2003-04","14":"first","15":"instock","16":"taxable","17":"shipping-taxable","18":"purchasable","19":"product-type-simple","20":"entry","21":"content-bg","22":"loop-entry"},"taxonomy_info":{"product_brand":[{"value":35,"label":"Kappa"}],"product_cat":[{"value":31,"label":"Kluby Europejskie"},{"value":87,"label":"Kluby Hiszpa\u0144skie"},{"value":88,"label":"Pozosta\u0142e kluby hiszpa\u0144skie"}],"pa_location":[{"value":18,"label":"FILIP"}],"pa_rozmiar":[{"value":39,"label":"L"}],"pa_sezon":[{"value":99,"label":"2003\/04"}]},"featured_image_src_large":["https:\/\/fts.you2.pl\/wp-content\/uploads\/2025\/09\/10859-Real-Betis-200304-Away-L-1024x1024.jpg",1024,1024,true],"author_info":[],"comment_info":"","_links":{"self":[{"href":"https:\/\/fts.you2.pl\/en\/wp-json\/wp\/v2\/product\/1825","targetHints":{"allow":["GET"]}}],"collection":[{"href":"https:\/\/fts.you2.pl\/en\/wp-json\/wp\/v2\/product"}],"about":[{"href":"https:\/\/fts.you2.pl\/en\/wp-json\/wp\/v2\/types\/product"}],"wp:featuredmedia":[{"embeddable":true,"href":"https:\/\/fts.you2.pl\/en\/wp-json\/wp\/v2\/media\/4091"}],"wp:attachment":[{"href":"https:\/\/fts.you2.pl\/en\/wp-json\/wp\/v2\/media?parent=1825"}],"wp:term":[{"taxonomy":"product_brand","embeddable":true,"href":"https:\/\/fts.you2.pl\/en\/wp-json\/wp\/v2\/product_brand?post=1825"},{"taxonomy":"product_cat","embeddable":true,"href":"https:\/\/fts.you2.pl\/en\/wp-json\/wp\/v2\/product_cat?post=1825"},{"taxonomy":"product_tag","embeddable":true,"href":"https:\/\/fts.you2.pl\/en\/wp-json\/wp\/v2\/product_tag?post=1825"}],"curies":[{"name":"wp","href":"https:\/\/api.w.org\/{rel}","templated":true}]}}