{"id":1826,"date":"2022-03-28T11:48:51","date_gmt":"2022-03-28T09:48:51","guid":{"rendered":"https:\/\/fts.you2.pl\/index.php\/produkt\/koszulka-treningowa-new-york-metrostars-1996-98-m\/"},"modified":"2025-09-18T14:07:00","modified_gmt":"2025-09-18T12:07:00","slug":"koszulka-treningowa-new-york-metrostars-1996-98-m","status":"publish","type":"product","link":"https:\/\/fts.you2.pl\/en\/koszulka-treningowa-new-york-metrostars-1996-98-m\/","title":{"rendered":"Koszulka treningowa New York MetroStars 1996\/98 [M]"},"content":{"rendered":"<p><strong>Klub: <\/strong>New York MetroStars<\/p>\n<p><strong>Sezon: <\/strong>1996\/98 <\/p>\n<p><strong>Rozmiar: <\/strong>M<\/p>\n<p><strong>Wymiary (szeroko\u015b\u0107 pod pachami\/d\u0142ugo\u015b\u0107) w cm:\u00a0<\/strong>58\/75<\/p>\n<p><strong>Stan:<\/strong> Zadowalaj\u0105cy &#8211; ca\u0142kowity brak sponsora na froncie koszulki oraz ledwie zauwa\u017calne \u015blady po nim. Osobi\u015bcie uwa\u017camy, \u017ce nadaje to koszulce uroku oraz tzw &#8222;casualowego&#8221; stylu.<\/p>","protected":false},"excerpt":{"rendered":"<p>Koszulka treningowa New York MetroStars 1996\/98 [M]<\/p>","protected":false},"featured_media":4100,"template":"","meta":{"_kad_blocks_custom_css":"","_kad_blocks_head_custom_js":"","_kad_blocks_body_custom_js":"","_kad_blocks_footer_custom_js":"","_kad_post_transparent":"","_kad_post_title":"","_kad_post_layout":"","_kad_post_sidebar_id":"","_kad_post_content_style":"","_kad_post_vertical_padding":"","_kad_post_feature":"","_kad_post_feature_position":"","_kad_post_header":false,"_kad_post_footer":false},"product_brand":[55],"product_cat":[37,25,36,26],"product_tag":[],"class_list":{"0":"post-1826","1":"product","2":"type-product","3":"status-publish","4":"has-post-thumbnail","6":"product_brand-nike","7":"product_cat-ameryka-srodkowa-i-polnocna","8":"product_cat-inne","9":"product_cat-kluby-reszty-swiata","10":"product_cat-kurtki-bluzy-trening","11":"pa_location-filip","12":"pa_rozmiar-m","13":"pa_sezon-1996-98","15":"first","16":"instock","17":"taxable","18":"shipping-taxable","19":"purchasable","20":"product-type-simple","21":"entry","22":"content-bg","23":"loop-entry"},"taxonomy_info":{"product_brand":[{"value":55,"label":"Nike"}],"product_cat":[{"value":37,"label":"Ameryka \u015arodkowa i P\u00f3\u0142nocna"},{"value":25,"label":"Inne"},{"value":36,"label":"Kluby Reszty \u015awiata"},{"value":26,"label":"Kurtki\/bluzy\/trening"}],"pa_location":[{"value":18,"label":"FILIP"}],"pa_rozmiar":[{"value":28,"label":"M"}],"pa_sezon":[{"value":52,"label":"1996\/98"}]},"featured_image_src_large":["https:\/\/fts.you2.pl\/wp-content\/uploads\/2025\/09\/10919-Koszulka-treningowa-New-York-MetroStars-199698-M-1024x1024.jpg",1024,1024,true],"author_info":[],"comment_info":"","_links":{"self":[{"href":"https:\/\/fts.you2.pl\/en\/wp-json\/wp\/v2\/product\/1826","targetHints":{"allow":["GET"]}}],"collection":[{"href":"https:\/\/fts.you2.pl\/en\/wp-json\/wp\/v2\/product"}],"about":[{"href":"https:\/\/fts.you2.pl\/en\/wp-json\/wp\/v2\/types\/product"}],"wp:featuredmedia":[{"embeddable":true,"href":"https:\/\/fts.you2.pl\/en\/wp-json\/wp\/v2\/media\/4100"}],"wp:attachment":[{"href":"https:\/\/fts.you2.pl\/en\/wp-json\/wp\/v2\/media?parent=1826"}],"wp:term":[{"taxonomy":"product_brand","embeddable":true,"href":"https:\/\/fts.you2.pl\/en\/wp-json\/wp\/v2\/product_brand?post=1826"},{"taxonomy":"product_cat","embeddable":true,"href":"https:\/\/fts.you2.pl\/en\/wp-json\/wp\/v2\/product_cat?post=1826"},{"taxonomy":"product_tag","embeddable":true,"href":"https:\/\/fts.you2.pl\/en\/wp-json\/wp\/v2\/product_tag?post=1826"}],"curies":[{"name":"wp","href":"https:\/\/api.w.org\/{rel}","templated":true}]}}