{"id":1830,"date":"2022-04-10T12:04:57","date_gmt":"2022-04-10T10:04:57","guid":{"rendered":"https:\/\/fts.you2.pl\/index.php\/produkt\/psg-2010-11-away-l\/"},"modified":"2025-09-18T14:14:05","modified_gmt":"2025-09-18T12:14:05","slug":"psg-2010-11-away-l","status":"publish","type":"product","link":"https:\/\/fts.you2.pl\/en\/psg-2010-11-away-l\/","title":{"rendered":"PSG 2010\/11 Away [L]"},"content":{"rendered":"<p><strong>Klub: <\/strong>PSG<\/p>\n<p><strong>Sezon: <\/strong>2010\/11 Away<\/p>\n<p><strong>Rozmiar: <\/strong>L<\/p>\n<p><strong>Wymiary (szeroko\u015b\u0107 pod pachami\/d\u0142ugo\u015b\u0107) w cm:\u00a0<\/strong>53\/72<\/p>\n<p><strong>Stan:<\/strong> Zadowalaj\u0105cy &#8211; kilka zabrudze\u0144 u do\u0142u koszulki na froncie oraz jedno z ty\u0142u.<\/p>\n<p><strong>Dodatkowe informacje:<\/strong> Bardzo rzadka koszulka okoliczno\u015bciowa, wydana z okazji czterdziestolecia PSG.<\/p>","protected":false},"excerpt":{"rendered":"<p>PSG 2010\/11 Away [L]<\/p>","protected":false},"featured_media":4130,"template":"","meta":{"_kad_blocks_custom_css":"","_kad_blocks_head_custom_js":"","_kad_blocks_body_custom_js":"","_kad_blocks_footer_custom_js":"","_kad_post_transparent":"","_kad_post_title":"","_kad_post_layout":"","_kad_post_sidebar_id":"","_kad_post_content_style":"","_kad_post_vertical_padding":"","_kad_post_feature":"","_kad_post_feature_position":"","_kad_post_header":false,"_kad_post_footer":false},"product_brand":[55],"product_cat":[31,129,210],"product_tag":[],"class_list":{"0":"post-1830","1":"product","2":"type-product","3":"status-publish","4":"has-post-thumbnail","6":"product_brand-nike","7":"product_cat-kluby-europejskie","8":"product_cat-kluby-francuskie","9":"product_cat-paris-saint-germain","10":"pa_location-filip","11":"pa_rozmiar-l","12":"pa_sezon-2010-11","14":"first","15":"instock","16":"taxable","17":"shipping-taxable","18":"purchasable","19":"product-type-simple","20":"entry","21":"content-bg","22":"loop-entry"},"taxonomy_info":{"product_brand":[{"value":55,"label":"Nike"}],"product_cat":[{"value":31,"label":"Kluby Europejskie"},{"value":129,"label":"Kluby Francuskie"},{"value":210,"label":"Paris Saint Germain"}],"pa_location":[{"value":18,"label":"FILIP"}],"pa_rozmiar":[{"value":39,"label":"L"}],"pa_sezon":[{"value":168,"label":"2010\/11"}]},"featured_image_src_large":["https:\/\/fts.you2.pl\/wp-content\/uploads\/2025\/09\/11156-PSG-201011-Away-L-1024x1024.jpg",1024,1024,true],"author_info":[],"comment_info":"","_links":{"self":[{"href":"https:\/\/fts.you2.pl\/en\/wp-json\/wp\/v2\/product\/1830","targetHints":{"allow":["GET"]}}],"collection":[{"href":"https:\/\/fts.you2.pl\/en\/wp-json\/wp\/v2\/product"}],"about":[{"href":"https:\/\/fts.you2.pl\/en\/wp-json\/wp\/v2\/types\/product"}],"wp:featuredmedia":[{"embeddable":true,"href":"https:\/\/fts.you2.pl\/en\/wp-json\/wp\/v2\/media\/4130"}],"wp:attachment":[{"href":"https:\/\/fts.you2.pl\/en\/wp-json\/wp\/v2\/media?parent=1830"}],"wp:term":[{"taxonomy":"product_brand","embeddable":true,"href":"https:\/\/fts.you2.pl\/en\/wp-json\/wp\/v2\/product_brand?post=1830"},{"taxonomy":"product_cat","embeddable":true,"href":"https:\/\/fts.you2.pl\/en\/wp-json\/wp\/v2\/product_cat?post=1830"},{"taxonomy":"product_tag","embeddable":true,"href":"https:\/\/fts.you2.pl\/en\/wp-json\/wp\/v2\/product_tag?post=1830"}],"curies":[{"name":"wp","href":"https:\/\/api.w.org\/{rel}","templated":true}]}}