{"id":1832,"date":"2022-04-10T12:05:05","date_gmt":"2022-04-10T10:05:05","guid":{"rendered":"https:\/\/fts.you2.pl\/index.php\/produkt\/fc-guegnon-1997-98-home-m\/"},"modified":"2025-09-18T14:17:51","modified_gmt":"2025-09-18T12:17:51","slug":"fc-guegnon-1997-98-home-m","status":"publish","type":"product","link":"https:\/\/fts.you2.pl\/en\/fc-guegnon-1997-98-home-m\/","title":{"rendered":"FC Guegnon 1997\/98 Home [M]"},"content":{"rendered":"<p><strong>Klub: <\/strong>FC Guegnon<\/p>\n<p><strong>Sezon: <\/strong>1997\/98 Home<\/p>\n<p><strong>Rozmiar: <\/strong>M<\/p>\n<p><strong>Stan: <\/strong>Zadowalaj\u0105cy &#8211; kilka niewielkich zaci\u0105gni\u0119\u0107 i mikro dziurek.<\/p>\n<p><strong>Wymiary (szeroko\u015b\u0107 pod pachami\/d\u0142ugo\u015b\u0107) w cm:\u00a0<\/strong>54\/71<\/p>\n<p><strong>Dodatkowe informacje: <\/strong>FC Guegnon to klub, kt\u00f3ry aktualnie znajduje si\u0119 na peryferiach wielkiego futbolu, warto jednak zaznaczy\u0107, \u017ce zesp\u00f3\u0142 ten w 1991 dotar\u0142 a\u017c do p\u00f3\u0142fina\u0142u Pucharu Francji, a w 1999 roku wygra\u0142 francuski Puchar Ligi zwyci\u0119\u017caj\u0105c w finale z PSG 2:0 staj\u0105c si\u0119 tym samym pierwszym francuskim klubem, kt\u00f3ry osi\u0105gn\u0105\u0142 taki sukces na codzie\u0144 wyst\u0119puj\u0105c w drugiej lidze. W kwietniu 2011 klub utraci\u0142 status profesjonalnego.\u00a0<\/p>","protected":false},"excerpt":{"rendered":"<p>FC Guegnon 1997\/98 Home [M]<\/p>","protected":false},"featured_media":4147,"template":"","meta":{"_kad_blocks_custom_css":"","_kad_blocks_head_custom_js":"","_kad_blocks_body_custom_js":"","_kad_blocks_footer_custom_js":"","_kad_post_transparent":"","_kad_post_title":"","_kad_post_layout":"","_kad_post_sidebar_id":"","_kad_post_content_style":"","_kad_post_vertical_padding":"","_kad_post_feature":"","_kad_post_feature_position":"","_kad_post_header":false,"_kad_post_footer":false},"product_brand":[45],"product_cat":[31,129,130],"product_tag":[],"class_list":{"0":"post-1832","1":"product","2":"type-product","3":"status-publish","4":"has-post-thumbnail","6":"product_brand-adidas","7":"product_cat-kluby-europejskie","8":"product_cat-kluby-francuskie","9":"product_cat-pozostale-kluby-francuskie","10":"pa_location-filip","11":"pa_rozmiar-m","12":"pa_sezon-1997-98","14":"first","15":"instock","16":"taxable","17":"shipping-taxable","18":"purchasable","19":"product-type-simple","20":"entry","21":"content-bg","22":"loop-entry"},"taxonomy_info":{"product_brand":[{"value":45,"label":"Adidas"}],"product_cat":[{"value":31,"label":"Kluby Europejskie"},{"value":129,"label":"Kluby Francuskie"},{"value":130,"label":"Pozosta\u0142e kluby francuskie"}],"pa_location":[{"value":18,"label":"FILIP"}],"pa_rozmiar":[{"value":28,"label":"M"}],"pa_sezon":[{"value":29,"label":"1997\/98"}]},"featured_image_src_large":["https:\/\/fts.you2.pl\/wp-content\/uploads\/2025\/09\/11037-FC-Guegnon-199798-Home-M-1024x1024.jpg",1024,1024,true],"author_info":[],"comment_info":"","_links":{"self":[{"href":"https:\/\/fts.you2.pl\/en\/wp-json\/wp\/v2\/product\/1832","targetHints":{"allow":["GET"]}}],"collection":[{"href":"https:\/\/fts.you2.pl\/en\/wp-json\/wp\/v2\/product"}],"about":[{"href":"https:\/\/fts.you2.pl\/en\/wp-json\/wp\/v2\/types\/product"}],"wp:featuredmedia":[{"embeddable":true,"href":"https:\/\/fts.you2.pl\/en\/wp-json\/wp\/v2\/media\/4147"}],"wp:attachment":[{"href":"https:\/\/fts.you2.pl\/en\/wp-json\/wp\/v2\/media?parent=1832"}],"wp:term":[{"taxonomy":"product_brand","embeddable":true,"href":"https:\/\/fts.you2.pl\/en\/wp-json\/wp\/v2\/product_brand?post=1832"},{"taxonomy":"product_cat","embeddable":true,"href":"https:\/\/fts.you2.pl\/en\/wp-json\/wp\/v2\/product_cat?post=1832"},{"taxonomy":"product_tag","embeddable":true,"href":"https:\/\/fts.you2.pl\/en\/wp-json\/wp\/v2\/product_tag?post=1832"}],"curies":[{"name":"wp","href":"https:\/\/api.w.org\/{rel}","templated":true}]}}