{"id":1834,"date":"2022-04-30T10:22:48","date_gmt":"2022-04-30T08:22:48","guid":{"rendered":"https:\/\/fts.you2.pl\/index.php\/produkt\/manchester-united-2011-12-home-23-cleverley-xxl\/"},"modified":"2025-09-18T14:21:26","modified_gmt":"2025-09-18T12:21:26","slug":"manchester-united-2011-12-home-23-cleverley-xxl","status":"publish","type":"product","link":"https:\/\/fts.you2.pl\/en\/manchester-united-2011-12-home-23-cleverley-xxl\/","title":{"rendered":"Manchester United 2011\/12 Home 23 Cleverley [XXL]"},"content":{"rendered":"<p><strong>Klub: <\/strong>Manchester United<\/p>\n<p><strong>Zawodnik: <\/strong>23 Cleverley<\/p>\n<p><strong>Sezon: <\/strong>2011\/12 Home<\/p>\n<p><strong>Rozmiar: <\/strong>XXL<\/p>\n<p><strong>Stan:<\/strong> Dobry &#8211; jedynymi wadami koszulki s\u0105 mocno przetarte patche ligowe na r\u0119kawkach.<\/p>\n<p><strong>Wymiary (szeroko\u015b\u0107 pod pachami\/d\u0142ugo\u015b\u0107) w cm: <\/strong>64\/80<\/p>","protected":false},"excerpt":{"rendered":"<p>Manchester United 2011\/12 Home 23 Cleverley [XXL]<\/p>","protected":false},"featured_media":4168,"template":"","meta":{"_kad_blocks_custom_css":"","_kad_blocks_head_custom_js":"","_kad_blocks_body_custom_js":"","_kad_blocks_footer_custom_js":"","_kad_post_transparent":"","_kad_post_title":"","_kad_post_layout":"","_kad_post_sidebar_id":"","_kad_post_content_style":"","_kad_post_vertical_padding":"","_kad_post_feature":"","_kad_post_feature_position":"","_kad_post_header":false,"_kad_post_footer":false},"product_brand":[55],"product_cat":[32,31,133],"product_tag":[],"class_list":{"0":"post-1834","1":"product","2":"type-product","3":"status-publish","4":"has-post-thumbnail","6":"product_brand-nike","7":"product_cat-kluby-angielskie","8":"product_cat-kluby-europejskie","9":"product_cat-manchester-united","10":"pa_location-filip","11":"pa_napis-cleverley","12":"pa_numer-214","13":"pa_rozmiar-xxl","14":"pa_sezon-2011-12","16":"first","17":"instock","18":"taxable","19":"shipping-taxable","20":"purchasable","21":"product-type-simple","22":"entry","23":"content-bg","24":"loop-entry"},"taxonomy_info":{"product_brand":[{"value":55,"label":"Nike"}],"product_cat":[{"value":32,"label":"Kluby Angielskie"},{"value":31,"label":"Kluby Europejskie"},{"value":133,"label":"Manchester United"}],"pa_location":[{"value":18,"label":"FILIP"}],"pa_napis":[{"value":213,"label":"Cleverley"}],"pa_numer":[{"value":214,"label":"23"}],"pa_rozmiar":[{"value":71,"label":"XXL"}],"pa_sezon":[{"value":68,"label":"2011\/12"}]},"featured_image_src_large":["https:\/\/fts.you2.pl\/wp-content\/uploads\/2025\/09\/11988-Manchester-United-201112-Home-23-Cleverley-XXL-1024x1024.jpg",1024,1024,true],"author_info":[],"comment_info":"","_links":{"self":[{"href":"https:\/\/fts.you2.pl\/en\/wp-json\/wp\/v2\/product\/1834","targetHints":{"allow":["GET"]}}],"collection":[{"href":"https:\/\/fts.you2.pl\/en\/wp-json\/wp\/v2\/product"}],"about":[{"href":"https:\/\/fts.you2.pl\/en\/wp-json\/wp\/v2\/types\/product"}],"wp:featuredmedia":[{"embeddable":true,"href":"https:\/\/fts.you2.pl\/en\/wp-json\/wp\/v2\/media\/4168"}],"wp:attachment":[{"href":"https:\/\/fts.you2.pl\/en\/wp-json\/wp\/v2\/media?parent=1834"}],"wp:term":[{"taxonomy":"product_brand","embeddable":true,"href":"https:\/\/fts.you2.pl\/en\/wp-json\/wp\/v2\/product_brand?post=1834"},{"taxonomy":"product_cat","embeddable":true,"href":"https:\/\/fts.you2.pl\/en\/wp-json\/wp\/v2\/product_cat?post=1834"},{"taxonomy":"product_tag","embeddable":true,"href":"https:\/\/fts.you2.pl\/en\/wp-json\/wp\/v2\/product_tag?post=1834"}],"curies":[{"name":"wp","href":"https:\/\/api.w.org\/{rel}","templated":true}]}}