{"id":1835,"date":"2022-04-30T10:22:49","date_gmt":"2022-04-30T08:22:49","guid":{"rendered":"https:\/\/fts.you2.pl\/index.php\/produkt\/denizlispor-2004-05-away-17-eyup-m\/"},"modified":"2025-09-18T14:23:15","modified_gmt":"2025-09-18T12:23:15","slug":"denizlispor-2004-05-away-17-eyup-m","status":"publish","type":"product","link":"https:\/\/fts.you2.pl\/en\/denizlispor-2004-05-away-17-eyup-m\/","title":{"rendered":"Denizlispor 2004\/05 Away 17 Eyup [M]"},"content":{"rendered":"<p><strong>Klub: <\/strong>Denizlispor<\/p>\n<p><strong>Zawodnik: <\/strong>17 Eyup<\/p>\n<p><strong>Sezon: <\/strong>2004\/05 Away<\/p>\n<p><strong>Rozmiar: <\/strong>M<\/p>\n<p><strong>Wymiary (szeroko\u015b\u0107 pod pachami\/d\u0142ugo\u015b\u0107) w cm:\u00a0<\/strong>55\/73<\/p>\n<p><strong>Stan:<\/strong> Bardzo dobry &#8211; jedno drobne zabrudzenie na froncie koszulki.<\/p>","protected":false},"excerpt":{"rendered":"<p>Denizlispor 2004\/05 Away 17 Eyup [M]<\/p>","protected":false},"featured_media":4176,"template":"","meta":{"_kad_blocks_custom_css":"","_kad_blocks_head_custom_js":"","_kad_blocks_body_custom_js":"","_kad_blocks_footer_custom_js":"","_kad_post_transparent":"","_kad_post_title":"","_kad_post_layout":"","_kad_post_sidebar_id":"","_kad_post_content_style":"","_kad_post_vertical_padding":"","_kad_post_feature":"","_kad_post_feature_position":"","_kad_post_header":false,"_kad_post_footer":false},"product_brand":[96],"product_cat":[50,31,51],"product_tag":[],"class_list":{"0":"post-1835","1":"product","2":"type-product","3":"status-publish","4":"has-post-thumbnail","6":"product_brand-le-coq-sportif","7":"product_cat-kluby-europejskie-kluby-europejskie","8":"product_cat-kluby-europejskie","9":"product_cat-turcja","10":"pa_location-filip","11":"pa_napis-eyup","12":"pa_numer-94","13":"pa_rozmiar-m","14":"pa_sezon-2004-05","16":"first","17":"instock","18":"taxable","19":"shipping-taxable","20":"purchasable","21":"product-type-simple","22":"entry","23":"content-bg","24":"loop-entry"},"taxonomy_info":{"product_brand":[{"value":96,"label":"Le Coq Sportif"}],"product_cat":[{"value":50,"label":"Kluby Europejskie"},{"value":31,"label":"Kluby Europejskie"},{"value":51,"label":"Turcja"}],"pa_location":[{"value":18,"label":"FILIP"}],"pa_napis":[{"value":215,"label":"Eyup"}],"pa_numer":[{"value":94,"label":"17"}],"pa_rozmiar":[{"value":28,"label":"M"}],"pa_sezon":[{"value":216,"label":"2004\/05"}]},"featured_image_src_large":["https:\/\/fts.you2.pl\/wp-content\/uploads\/2025\/09\/11979-Denizlispor-200405-Away-17-Eyup-M-1024x1024.jpg",1024,1024,true],"author_info":[],"comment_info":"","_links":{"self":[{"href":"https:\/\/fts.you2.pl\/en\/wp-json\/wp\/v2\/product\/1835","targetHints":{"allow":["GET"]}}],"collection":[{"href":"https:\/\/fts.you2.pl\/en\/wp-json\/wp\/v2\/product"}],"about":[{"href":"https:\/\/fts.you2.pl\/en\/wp-json\/wp\/v2\/types\/product"}],"wp:featuredmedia":[{"embeddable":true,"href":"https:\/\/fts.you2.pl\/en\/wp-json\/wp\/v2\/media\/4176"}],"wp:attachment":[{"href":"https:\/\/fts.you2.pl\/en\/wp-json\/wp\/v2\/media?parent=1835"}],"wp:term":[{"taxonomy":"product_brand","embeddable":true,"href":"https:\/\/fts.you2.pl\/en\/wp-json\/wp\/v2\/product_brand?post=1835"},{"taxonomy":"product_cat","embeddable":true,"href":"https:\/\/fts.you2.pl\/en\/wp-json\/wp\/v2\/product_cat?post=1835"},{"taxonomy":"product_tag","embeddable":true,"href":"https:\/\/fts.you2.pl\/en\/wp-json\/wp\/v2\/product_tag?post=1835"}],"curies":[{"name":"wp","href":"https:\/\/api.w.org\/{rel}","templated":true}]}}