{"id":1840,"date":"2022-05-10T15:18:28","date_gmt":"2022-05-10T13:18:28","guid":{"rendered":"https:\/\/fts.you2.pl\/index.php\/produkt\/tsg-1899-hoffenheim-2015-16-home-31-volland-xxl\/"},"modified":"2025-09-18T14:32:09","modified_gmt":"2025-09-18T12:32:09","slug":"tsg-1899-hoffenheim-2015-16-home-31-volland-xxl","status":"publish","type":"product","link":"https:\/\/fts.you2.pl\/en\/tsg-1899-hoffenheim-2015-16-home-31-volland-xxl\/","title":{"rendered":"TSG 1899 Hoffenheim 2015\/16 Home 31 Volland [XXL]"},"content":{"rendered":"<p><strong>Klub: <\/strong>TSG 1899 Hoffenheim<\/p>\n<p><strong>Zawodnik: <\/strong>31 Volland<\/p>\n<p><strong>Sezon: <\/strong>2015\/16 Home<\/p>\n<p><strong>Rozmiar: <\/strong>XXL<\/p>\n<p><strong>Wymiary (szeroko\u015b\u0107 pod pachami\/d\u0142ugo\u015b\u0107) w cm:\u00a0<\/strong>57\/80<\/p>\n<p><strong>Stan:<\/strong> Doskona\u0142y &#8211; jedyn\u0105 wad\u0105 jest wyci\u0119ta metka ze \u015brodka koszulki.<\/p>","protected":false},"excerpt":{"rendered":"<p>TSG 1899 Hoffenheim 2015\/16 Home 31 Volland [XXL]<\/p>","protected":false},"featured_media":4210,"template":"","meta":{"_kad_blocks_custom_css":"","_kad_blocks_head_custom_js":"","_kad_blocks_body_custom_js":"","_kad_blocks_footer_custom_js":"","_kad_post_transparent":"","_kad_post_title":"","_kad_post_layout":"","_kad_post_sidebar_id":"","_kad_post_content_style":"","_kad_post_vertical_padding":"","_kad_post_feature":"","_kad_post_feature_position":"","_kad_post_header":false,"_kad_post_footer":false},"product_brand":[69],"product_cat":[31,46,174],"product_tag":[],"class_list":{"0":"post-1840","1":"product","2":"type-product","3":"status-publish","4":"has-post-thumbnail","6":"product_brand-lotto","7":"product_cat-kluby-europejskie","8":"product_cat-kluby-niemieckie","9":"product_cat-pozostale-kluby-niemieckie","10":"pa_location-filip","11":"pa_napis-volland","12":"pa_numer-221","13":"pa_rozmiar-xxl","14":"pa_sezon-2015-16","16":"first","17":"instock","18":"taxable","19":"shipping-taxable","20":"purchasable","21":"product-type-simple","22":"entry","23":"content-bg","24":"loop-entry"},"taxonomy_info":{"product_brand":[{"value":69,"label":"Lotto"}],"product_cat":[{"value":31,"label":"Kluby Europejskie"},{"value":46,"label":"Kluby Niemieckie"},{"value":174,"label":"Pozosta\u0142e kluby niemieckie"}],"pa_location":[{"value":18,"label":"FILIP"}],"pa_napis":[{"value":220,"label":"Volland"}],"pa_numer":[{"value":221,"label":"31"}],"pa_rozmiar":[{"value":71,"label":"XXL"}],"pa_sezon":[{"value":128,"label":"2015\/16"}]},"featured_image_src_large":["https:\/\/fts.you2.pl\/wp-content\/uploads\/2025\/09\/12365-TSG-1899-Hoffenheim-201516-Home-31-Volland-XXL-1024x1024.jpg",1024,1024,true],"author_info":[],"comment_info":"","_links":{"self":[{"href":"https:\/\/fts.you2.pl\/en\/wp-json\/wp\/v2\/product\/1840","targetHints":{"allow":["GET"]}}],"collection":[{"href":"https:\/\/fts.you2.pl\/en\/wp-json\/wp\/v2\/product"}],"about":[{"href":"https:\/\/fts.you2.pl\/en\/wp-json\/wp\/v2\/types\/product"}],"wp:featuredmedia":[{"embeddable":true,"href":"https:\/\/fts.you2.pl\/en\/wp-json\/wp\/v2\/media\/4210"}],"wp:attachment":[{"href":"https:\/\/fts.you2.pl\/en\/wp-json\/wp\/v2\/media?parent=1840"}],"wp:term":[{"taxonomy":"product_brand","embeddable":true,"href":"https:\/\/fts.you2.pl\/en\/wp-json\/wp\/v2\/product_brand?post=1840"},{"taxonomy":"product_cat","embeddable":true,"href":"https:\/\/fts.you2.pl\/en\/wp-json\/wp\/v2\/product_cat?post=1840"},{"taxonomy":"product_tag","embeddable":true,"href":"https:\/\/fts.you2.pl\/en\/wp-json\/wp\/v2\/product_tag?post=1840"}],"curies":[{"name":"wp","href":"https:\/\/api.w.org\/{rel}","templated":true}]}}