{"id":1845,"date":"2022-05-28T17:28:42","date_gmt":"2022-05-28T15:28:42","guid":{"rendered":"https:\/\/fts.you2.pl\/index.php\/produkt\/koszulka-bramkarska-bolton-wanderers-2019-20-1-l\/"},"modified":"2025-09-18T14:41:36","modified_gmt":"2025-09-18T12:41:36","slug":"koszulka-bramkarska-bolton-wanderers-2019-20-1-l","status":"publish","type":"product","link":"https:\/\/fts.you2.pl\/en\/koszulka-bramkarska-bolton-wanderers-2019-20-1-l\/","title":{"rendered":"Koszulka bramkarska Bolton Wanderers 2019\/20 1 [L]"},"content":{"rendered":"<p><strong>Klub: <\/strong>Bolton Wanderers<\/p>\n<p><strong>Sezon: <\/strong>2019\/20<\/p>\n<p><strong>Rozmiar: <\/strong>L<\/p>\n<p><strong>Wymiary (szeroko\u015b\u0107 pod pachami\/d\u0142ugo\u015b\u0107):\u00a0<\/strong>53\/70<\/p>\n<p><strong>Stan:<\/strong> Bardzo dobry &#8211; delikatnie pop\u0119kany nadruk sponsora.<\/p>","protected":false},"excerpt":{"rendered":"<p>Koszulka bramkarska Bolton Wanderers 2019\/20 1 [L]<\/p>","protected":false},"featured_media":4245,"template":"","meta":{"_kad_blocks_custom_css":"","_kad_blocks_head_custom_js":"","_kad_blocks_body_custom_js":"","_kad_blocks_footer_custom_js":"","_kad_post_transparent":"","_kad_post_title":"","_kad_post_layout":"","_kad_post_sidebar_id":"","_kad_post_content_style":"","_kad_post_vertical_padding":"","_kad_post_feature":"","_kad_post_feature_position":"","_kad_post_header":false,"_kad_post_footer":false},"product_brand":[227],"product_cat":[32,31,33],"product_tag":[],"class_list":{"0":"post-1845","1":"product","2":"type-product","3":"status-publish","4":"has-post-thumbnail","6":"product_brand-bolton-wanderers","7":"product_cat-kluby-angielskie","8":"product_cat-kluby-europejskie","9":"product_cat-pozostale-kluby-angielskie","10":"pa_location-filip","11":"pa_numer-98","12":"pa_rozmiar-l","13":"pa_sezon-2019-20","15":"first","16":"instock","17":"taxable","18":"shipping-taxable","19":"purchasable","20":"product-type-simple","21":"entry","22":"content-bg","23":"loop-entry"},"taxonomy_info":{"product_brand":[{"value":227,"label":"Bolton Wanderers"}],"product_cat":[{"value":32,"label":"Kluby Angielskie"},{"value":31,"label":"Kluby Europejskie"},{"value":33,"label":"Pozosta\u0142e kluby angielskie"}],"pa_location":[{"value":18,"label":"FILIP"}],"pa_numer":[{"value":98,"label":"1"}],"pa_rozmiar":[{"value":39,"label":"L"}],"pa_sezon":[{"value":226,"label":"2019\/20"}]},"featured_image_src_large":["https:\/\/fts.you2.pl\/wp-content\/uploads\/2025\/09\/13001-Koszulka-bramkarska-Bolton-Wanderers-201920-1-L-1-1024x1024.jpg",1024,1024,true],"author_info":[],"comment_info":"","_links":{"self":[{"href":"https:\/\/fts.you2.pl\/en\/wp-json\/wp\/v2\/product\/1845","targetHints":{"allow":["GET"]}}],"collection":[{"href":"https:\/\/fts.you2.pl\/en\/wp-json\/wp\/v2\/product"}],"about":[{"href":"https:\/\/fts.you2.pl\/en\/wp-json\/wp\/v2\/types\/product"}],"wp:featuredmedia":[{"embeddable":true,"href":"https:\/\/fts.you2.pl\/en\/wp-json\/wp\/v2\/media\/4245"}],"wp:attachment":[{"href":"https:\/\/fts.you2.pl\/en\/wp-json\/wp\/v2\/media?parent=1845"}],"wp:term":[{"taxonomy":"product_brand","embeddable":true,"href":"https:\/\/fts.you2.pl\/en\/wp-json\/wp\/v2\/product_brand?post=1845"},{"taxonomy":"product_cat","embeddable":true,"href":"https:\/\/fts.you2.pl\/en\/wp-json\/wp\/v2\/product_cat?post=1845"},{"taxonomy":"product_tag","embeddable":true,"href":"https:\/\/fts.you2.pl\/en\/wp-json\/wp\/v2\/product_tag?post=1845"}],"curies":[{"name":"wp","href":"https:\/\/api.w.org\/{rel}","templated":true}]}}