{"id":1848,"date":"2022-06-12T09:18:53","date_gmt":"2022-06-12T07:18:53","guid":{"rendered":"https:\/\/fts.you2.pl\/index.php\/produkt\/tsv-monachium-1860-2016-17-third-17-uduokhai-xl\/"},"modified":"2025-09-18T14:47:35","modified_gmt":"2025-09-18T12:47:35","slug":"tsv-monachium-1860-2016-17-third-17-uduokhai-xl","status":"publish","type":"product","link":"https:\/\/fts.you2.pl\/en\/tsv-monachium-1860-2016-17-third-17-uduokhai-xl\/","title":{"rendered":"TSV Monachium 1860 2016\/17 Third 17 Uduokhai [XL]"},"content":{"rendered":"<p><strong>Klub: <\/strong>TSV Monachium 1860<\/p>\n<p><strong>Zawodnik: <\/strong>17 Uduokhai<\/p>\n<p><strong>Sezon: <\/strong>2016\/17 Third<\/p>\n<p><strong>Rozmiar: <\/strong>XL<\/p>\n<p><strong>Wymiary (szeroko\u015b\u0107 pod pachami\/d\u0142ugo\u015b\u0107): <\/strong>56\/76<\/p>\n<p><strong>Stan:<\/strong> Dobry &#8211; dwa zabrudzenia z ty\u0142u koszulki oraz subtelna plamka na froncie.<\/p>","protected":false},"excerpt":{"rendered":"<p>TSV Monachium 1860 2016\/17 Third 17 Uduokhai [XL]<\/p>","protected":false},"featured_media":4274,"template":"","meta":{"_kad_blocks_custom_css":"","_kad_blocks_head_custom_js":"","_kad_blocks_body_custom_js":"","_kad_blocks_footer_custom_js":"","_kad_post_transparent":"","_kad_post_title":"","_kad_post_layout":"","_kad_post_sidebar_id":"","_kad_post_content_style":"","_kad_post_vertical_padding":"","_kad_post_feature":"","_kad_post_feature_position":"","_kad_post_header":false,"_kad_post_footer":false},"product_brand":[231],"product_cat":[31,46,174],"product_tag":[],"class_list":{"0":"post-1848","1":"product","2":"type-product","3":"status-publish","4":"has-post-thumbnail","6":"product_brand-macron","7":"product_cat-kluby-europejskie","8":"product_cat-kluby-niemieckie","9":"product_cat-pozostale-kluby-niemieckie","10":"pa_location-filip","11":"pa_napis-uduokhai","12":"pa_numer-94","13":"pa_rozmiar-xl","14":"pa_sezon-2016-17","16":"first","17":"instock","18":"taxable","19":"shipping-taxable","20":"purchasable","21":"product-type-simple","22":"entry","23":"content-bg","24":"loop-entry"},"taxonomy_info":{"product_brand":[{"value":231,"label":"macron"}],"product_cat":[{"value":31,"label":"Kluby Europejskie"},{"value":46,"label":"Kluby Niemieckie"},{"value":174,"label":"Pozosta\u0142e kluby niemieckie"}],"pa_location":[{"value":18,"label":"FILIP"}],"pa_napis":[{"value":230,"label":"Uduokhai"}],"pa_numer":[{"value":94,"label":"17"}],"pa_rozmiar":[{"value":57,"label":"XL"}],"pa_sezon":[{"value":200,"label":"2016\/17"}]},"featured_image_src_large":["https:\/\/fts.you2.pl\/wp-content\/uploads\/2025\/09\/13210-TSV-Monachium-1860-201617-Third-17-Uduokhai-XL-1-1024x1024.jpg",1024,1024,true],"author_info":[],"comment_info":"","_links":{"self":[{"href":"https:\/\/fts.you2.pl\/en\/wp-json\/wp\/v2\/product\/1848","targetHints":{"allow":["GET"]}}],"collection":[{"href":"https:\/\/fts.you2.pl\/en\/wp-json\/wp\/v2\/product"}],"about":[{"href":"https:\/\/fts.you2.pl\/en\/wp-json\/wp\/v2\/types\/product"}],"wp:featuredmedia":[{"embeddable":true,"href":"https:\/\/fts.you2.pl\/en\/wp-json\/wp\/v2\/media\/4274"}],"wp:attachment":[{"href":"https:\/\/fts.you2.pl\/en\/wp-json\/wp\/v2\/media?parent=1848"}],"wp:term":[{"taxonomy":"product_brand","embeddable":true,"href":"https:\/\/fts.you2.pl\/en\/wp-json\/wp\/v2\/product_brand?post=1848"},{"taxonomy":"product_cat","embeddable":true,"href":"https:\/\/fts.you2.pl\/en\/wp-json\/wp\/v2\/product_cat?post=1848"},{"taxonomy":"product_tag","embeddable":true,"href":"https:\/\/fts.you2.pl\/en\/wp-json\/wp\/v2\/product_tag?post=1848"}],"curies":[{"name":"wp","href":"https:\/\/api.w.org\/{rel}","templated":true}]}}