{"id":1849,"date":"2022-06-12T09:19:00","date_gmt":"2022-06-12T07:19:00","guid":{"rendered":"https:\/\/fts.you2.pl\/index.php\/produkt\/feyenoord-rotterdam-2008-09-third-xxl\/"},"modified":"2025-09-18T14:49:20","modified_gmt":"2025-09-18T12:49:20","slug":"feyenoord-rotterdam-2008-09-third-xxl","status":"publish","type":"product","link":"https:\/\/fts.you2.pl\/en\/feyenoord-rotterdam-2008-09-third-xxl\/","title":{"rendered":"Feyenoord Rotterdam 2008\/09 Third [XXL]"},"content":{"rendered":"<p><strong>Klub: <\/strong>Feyenoord Rotterdam<\/p>\n<p><strong>Sezon: <\/strong>2008\/09 Third<\/p>\n<p><strong>Rozmiar: <\/strong>XXL<\/p>\n<p><strong>Wymiary (szeroko\u015b\u0107 pod pachami\/d\u0142ugo\u015b\u0107) w cm:\u00a0<\/strong>53\/75<\/p>\n<p><strong>Stan:<\/strong> Bardzo dobry &#8211; delikatnie pop\u0119kane loga Kappy na r\u0119kawkach.<\/p>\n<p><strong>Dodatkowe informacje:<\/strong> Koszulka okoliczno\u015bciowa wydana z okazji 100 lecia klubu.<\/p>","protected":false},"excerpt":{"rendered":"<p>Feyenoord Rotterdam 2008\/09 Third [XXL]<\/p>","protected":false},"featured_media":4285,"template":"","meta":{"_kad_blocks_custom_css":"","_kad_blocks_head_custom_js":"","_kad_blocks_body_custom_js":"","_kad_blocks_footer_custom_js":"","_kad_post_transparent":"","_kad_post_title":"","_kad_post_layout":"","_kad_post_sidebar_id":"","_kad_post_content_style":"","_kad_post_vertical_padding":"","_kad_post_feature":"","_kad_post_feature_position":"","_kad_post_header":false,"_kad_post_footer":false},"product_brand":[35],"product_cat":[107,50,31],"product_tag":[],"class_list":{"0":"post-1849","1":"product","2":"type-product","3":"status-publish","4":"has-post-thumbnail","6":"product_brand-kappa","7":"product_cat-belgia-i-holandia","8":"product_cat-kluby-europejskie-kluby-europejskie","9":"product_cat-kluby-europejskie","10":"pa_location-filip","11":"pa_rozmiar-xxl","12":"pa_sezon-2008-09","14":"first","15":"instock","16":"taxable","17":"shipping-taxable","18":"purchasable","19":"product-type-simple","20":"entry","21":"content-bg","22":"loop-entry"},"taxonomy_info":{"product_brand":[{"value":35,"label":"Kappa"}],"product_cat":[{"value":107,"label":"Belgia i Holandia"},{"value":50,"label":"Kluby Europejskie"},{"value":31,"label":"Kluby Europejskie"}],"pa_location":[{"value":18,"label":"FILIP"}],"pa_rozmiar":[{"value":71,"label":"XXL"}],"pa_sezon":[{"value":72,"label":"2008\/09"}]},"featured_image_src_large":["https:\/\/fts.you2.pl\/wp-content\/uploads\/2025\/09\/13151-Feyenoord-Rotterdam-200809-Third-XXL-1-1024x1024.jpg",1024,1024,true],"author_info":[],"comment_info":"","_links":{"self":[{"href":"https:\/\/fts.you2.pl\/en\/wp-json\/wp\/v2\/product\/1849","targetHints":{"allow":["GET"]}}],"collection":[{"href":"https:\/\/fts.you2.pl\/en\/wp-json\/wp\/v2\/product"}],"about":[{"href":"https:\/\/fts.you2.pl\/en\/wp-json\/wp\/v2\/types\/product"}],"wp:featuredmedia":[{"embeddable":true,"href":"https:\/\/fts.you2.pl\/en\/wp-json\/wp\/v2\/media\/4285"}],"wp:attachment":[{"href":"https:\/\/fts.you2.pl\/en\/wp-json\/wp\/v2\/media?parent=1849"}],"wp:term":[{"taxonomy":"product_brand","embeddable":true,"href":"https:\/\/fts.you2.pl\/en\/wp-json\/wp\/v2\/product_brand?post=1849"},{"taxonomy":"product_cat","embeddable":true,"href":"https:\/\/fts.you2.pl\/en\/wp-json\/wp\/v2\/product_cat?post=1849"},{"taxonomy":"product_tag","embeddable":true,"href":"https:\/\/fts.you2.pl\/en\/wp-json\/wp\/v2\/product_tag?post=1849"}],"curies":[{"name":"wp","href":"https:\/\/api.w.org\/{rel}","templated":true}]}}