{"id":1855,"date":"2022-07-09T20:13:21","date_gmt":"2022-07-09T18:13:21","guid":{"rendered":"https:\/\/fts.you2.pl\/index.php\/produkt\/match-prepared-udinese-2017-18-home-66-jaadi-m\/"},"modified":"2025-09-18T15:01:06","modified_gmt":"2025-09-18T13:01:06","slug":"match-prepared-udinese-2017-18-home-66-jaadi-m","status":"publish","type":"product","link":"https:\/\/fts.you2.pl\/en\/match-prepared-udinese-2017-18-home-66-jaadi-m\/","title":{"rendered":"MATCH PREPARED Udinese 2017\/18 Home 66 Jaadi [M]"},"content":{"rendered":"<p><strong>Klub: <\/strong>Udinese<\/p>\n<p><strong>Zawodnik: <\/strong>66 Jaadi<\/p>\n<p><strong>Sezon: <\/strong>2017\/18 Home<\/p>\n<p><strong>Rozmiar: <\/strong>M<\/p>\n<p><strong>Wymiary (szeroko\u015b\u0107 pod pachami\/d\u0142ugo\u015b\u0107) w cm:\u00a0<\/strong>57\/71<\/p>\n<p><strong>Stan:<\/strong> Zadowalaj\u0105cy &#8211; koszulka posiada zabrudzenia w kolorze czerwonym oraz p\u0119kaj\u0105ce logo producenta i herb klubowy.<\/p>\n<p><strong>Dodatkowe informacje:<\/strong> Koszulka przygotowana pod rozgrywki Serie A dla belgijskiego zawodnika Nabila Jaadiego, kt\u00f3ry finalnie w tamtym sezonie w barwach Udinese nie zagra\u0142. Koszulka pozyskana ze zbior\u00f3w tego pi\u0142karza.<\/p>","protected":false},"excerpt":{"rendered":"<p>MATCH PREPARED Udinese 2017\/18 Home 66 Jaadi [M]<\/p>","protected":false},"featured_media":4344,"template":"","meta":{"_kad_blocks_custom_css":"","_kad_blocks_head_custom_js":"","_kad_blocks_body_custom_js":"","_kad_blocks_footer_custom_js":"","_kad_post_transparent":"","_kad_post_title":"","_kad_post_layout":"","_kad_post_sidebar_id":"","_kad_post_content_style":"","_kad_post_vertical_padding":"","_kad_post_feature":"","_kad_post_feature_position":"","_kad_post_header":false,"_kad_post_footer":false},"product_brand":[239],"product_cat":[31,117,173,152],"product_tag":[],"class_list":{"0":"post-1855","1":"product","2":"type-product","3":"status-publish","4":"has-post-thumbnail","6":"product_brand-h2o","7":"product_cat-kluby-europejskie","8":"product_cat-kluby-wloskie","9":"product_cat-match-worn-issue","10":"product_cat-pozostale-kluby-wloskie","11":"pa_location-filip","12":"pa_napis-jaadi","13":"pa_numer-238","14":"pa_rozmiar-m","15":"pa_sezon-2017-18","17":"first","18":"instock","19":"taxable","20":"shipping-taxable","21":"purchasable","22":"product-type-simple","23":"entry","24":"content-bg","25":"loop-entry"},"taxonomy_info":{"product_brand":[{"value":239,"label":"H2O"}],"product_cat":[{"value":31,"label":"Kluby Europejskie"},{"value":117,"label":"Kluby W\u0142oskie"},{"value":173,"label":"MATCH WORN &amp; ISSUE"},{"value":152,"label":"Pozosta\u0142e kluby w\u0142oskie"}],"pa_location":[{"value":18,"label":"FILIP"}],"pa_napis":[{"value":237,"label":"Jaadi"}],"pa_numer":[{"value":238,"label":"66"}],"pa_rozmiar":[{"value":28,"label":"M"}],"pa_sezon":[{"value":70,"label":"2017\/18"}]},"featured_image_src_large":["https:\/\/fts.you2.pl\/wp-content\/uploads\/2025\/09\/14452-MATCH-PREPARED-Udinese-201718-Home-66-Jaadi-M-1024x1024.jpg",1024,1024,true],"author_info":[],"comment_info":"","_links":{"self":[{"href":"https:\/\/fts.you2.pl\/en\/wp-json\/wp\/v2\/product\/1855","targetHints":{"allow":["GET"]}}],"collection":[{"href":"https:\/\/fts.you2.pl\/en\/wp-json\/wp\/v2\/product"}],"about":[{"href":"https:\/\/fts.you2.pl\/en\/wp-json\/wp\/v2\/types\/product"}],"wp:featuredmedia":[{"embeddable":true,"href":"https:\/\/fts.you2.pl\/en\/wp-json\/wp\/v2\/media\/4344"}],"wp:attachment":[{"href":"https:\/\/fts.you2.pl\/en\/wp-json\/wp\/v2\/media?parent=1855"}],"wp:term":[{"taxonomy":"product_brand","embeddable":true,"href":"https:\/\/fts.you2.pl\/en\/wp-json\/wp\/v2\/product_brand?post=1855"},{"taxonomy":"product_cat","embeddable":true,"href":"https:\/\/fts.you2.pl\/en\/wp-json\/wp\/v2\/product_cat?post=1855"},{"taxonomy":"product_tag","embeddable":true,"href":"https:\/\/fts.you2.pl\/en\/wp-json\/wp\/v2\/product_tag?post=1855"}],"curies":[{"name":"wp","href":"https:\/\/api.w.org\/{rel}","templated":true}]}}