{"id":1858,"date":"2022-08-18T17:50:08","date_gmt":"2022-08-18T15:50:08","guid":{"rendered":"https:\/\/fts.you2.pl\/index.php\/produkt\/match-worn-valencia-cf-2016-17-home-11-bakkali-s\/"},"modified":"2025-09-18T15:06:26","modified_gmt":"2025-09-18T13:06:26","slug":"match-worn-valencia-cf-2016-17-home-11-bakkali-s","status":"publish","type":"product","link":"https:\/\/fts.you2.pl\/en\/match-worn-valencia-cf-2016-17-home-11-bakkali-s\/","title":{"rendered":"MATCH ISSUE Valencia CF 2016\/17 Home 11 Bakkali [S]"},"content":{"rendered":"<p><strong>Klub: <\/strong>Valencia CF<\/p>\n<p><strong>Zawodnik: <\/strong>11 Bakkali<\/p>\n<p><strong>Sezon: <\/strong>2016\/17 Home<\/p>\n<p><strong>Rozmiar: <\/strong>S<\/p>\n<p><strong>Stan: <\/strong>Bardzo dobry &#8211; na koszulce wyst\u0119puj\u0105 drobne zabrudzenia.<\/p>\n<p><strong>Wymiary (szeroko\u015b\u0107 pod pachami\/d\u0142ugo\u015b\u0107) w cm: <\/strong>49\/70<\/p>\n<p><strong>Dodatkowe informacje:<\/strong> Koszulka meczowa Zakarii Bakkaliego, kt\u00f3ry w Valencii sp\u0119dzi\u0142 3 lata, z czego rok na wypo\u017cyczeniu w Deportivo La Coruna. Jest znany z bycia najm\u0142odszym strzelcem hat-tricka w meczu Eredivisie, czego dokona\u0142 w wieku 16 lat i 133 dni. Valencia w tamtym okresie gra\u0142a w najni\u017cszym modelu Adidasa &#8211; Climacool, a koszulk\u0119 pozyskali\u015bmy wraz z innymi koszulkami meczowymi od kontaktu zza granicy.<\/p>","protected":false},"excerpt":{"rendered":"<p>MATCH ISSUE Valencia CF 2016\/17 Home 11 Bakkali [S]<\/p>","protected":false},"featured_media":4366,"template":"","meta":{"_kad_blocks_custom_css":"","_kad_blocks_head_custom_js":"","_kad_blocks_body_custom_js":"","_kad_blocks_footer_custom_js":"","_kad_post_transparent":"","_kad_post_title":"","_kad_post_layout":"","_kad_post_sidebar_id":"","_kad_post_content_style":"","_kad_post_vertical_padding":"","_kad_post_feature":"","_kad_post_feature_position":"","_kad_post_header":false,"_kad_post_footer":false},"product_brand":[45],"product_cat":[31,87,173,242],"product_tag":[],"class_list":{"0":"post-1858","1":"product","2":"type-product","3":"status-publish","4":"has-post-thumbnail","6":"product_brand-adidas","7":"product_cat-kluby-europejskie","8":"product_cat-kluby-hiszpanskie","9":"product_cat-match-worn-issue","10":"product_cat-valencia-cf","11":"pa_location-filip","12":"pa_napis-bakkali","13":"pa_numer-148","14":"pa_rozmiar-s","15":"pa_sezon-2016-17","17":"first","18":"instock","19":"taxable","20":"shipping-taxable","21":"purchasable","22":"product-type-simple","23":"entry","24":"content-bg","25":"loop-entry"},"taxonomy_info":{"product_brand":[{"value":45,"label":"Adidas"}],"product_cat":[{"value":31,"label":"Kluby Europejskie"},{"value":87,"label":"Kluby Hiszpa\u0144skie"},{"value":173,"label":"MATCH WORN &amp; ISSUE"},{"value":242,"label":"Valencia CF"}],"pa_location":[{"value":18,"label":"FILIP"}],"pa_napis":[{"value":241,"label":"Bakkali"}],"pa_numer":[{"value":148,"label":"11"}],"pa_rozmiar":[{"value":19,"label":"S"}],"pa_sezon":[{"value":200,"label":"2016\/17"}]},"featured_image_src_large":["https:\/\/fts.you2.pl\/wp-content\/uploads\/2025\/09\/15569-MATCH-WORN-Valencia-CF-201617-Home-11-Bakkali-S-1024x1024.jpg",1024,1024,true],"author_info":[],"comment_info":"","_links":{"self":[{"href":"https:\/\/fts.you2.pl\/en\/wp-json\/wp\/v2\/product\/1858","targetHints":{"allow":["GET"]}}],"collection":[{"href":"https:\/\/fts.you2.pl\/en\/wp-json\/wp\/v2\/product"}],"about":[{"href":"https:\/\/fts.you2.pl\/en\/wp-json\/wp\/v2\/types\/product"}],"wp:featuredmedia":[{"embeddable":true,"href":"https:\/\/fts.you2.pl\/en\/wp-json\/wp\/v2\/media\/4366"}],"wp:attachment":[{"href":"https:\/\/fts.you2.pl\/en\/wp-json\/wp\/v2\/media?parent=1858"}],"wp:term":[{"taxonomy":"product_brand","embeddable":true,"href":"https:\/\/fts.you2.pl\/en\/wp-json\/wp\/v2\/product_brand?post=1858"},{"taxonomy":"product_cat","embeddable":true,"href":"https:\/\/fts.you2.pl\/en\/wp-json\/wp\/v2\/product_cat?post=1858"},{"taxonomy":"product_tag","embeddable":true,"href":"https:\/\/fts.you2.pl\/en\/wp-json\/wp\/v2\/product_tag?post=1858"}],"curies":[{"name":"wp","href":"https:\/\/api.w.org\/{rel}","templated":true}]}}