{"id":1863,"date":"2022-08-23T14:05:17","date_gmt":"2022-08-23T12:05:17","guid":{"rendered":"https:\/\/fts.you2.pl\/index.php\/produkt\/match-worn-fc-aarau-2016-17-away-20-audino-m\/"},"modified":"2025-09-18T15:15:15","modified_gmt":"2025-09-18T13:15:15","slug":"match-worn-fc-aarau-2016-17-away-20-audino-m","status":"publish","type":"product","link":"https:\/\/fts.you2.pl\/en\/match-worn-fc-aarau-2016-17-away-20-audino-m\/","title":{"rendered":"MATCH WORN FC Aarau 2016\/17 Away 20 Audino [M]"},"content":{"rendered":"<p><strong>Klub: <\/strong>FC Aarau<\/p>\n<p><strong>Zawodnik: <\/strong>20 Audino<\/p>\n<p><strong>Sezon: <\/strong>2016\/17 Away<\/p>\n<p><strong>Rozmiar: <\/strong>M<\/p>\n<p><strong>Stan: <\/strong>Bardzo dobry &#8211; koszulka posiada drobne zabrudzenia boiskowe.<\/p>\n<p><strong>Wymiary (szeroko\u015b\u0107 pod pachami\/d\u0142ugo\u015b\u0107) w cm: <\/strong>50\/74<\/p>","protected":false},"excerpt":{"rendered":"<p>MATCH WORN FC Aarau 2016\/17 Away 20 Audino [M]<\/p>","protected":false},"featured_media":4405,"template":"","meta":{"_kad_blocks_custom_css":"","_kad_blocks_head_custom_js":"","_kad_blocks_body_custom_js":"","_kad_blocks_footer_custom_js":"","_kad_post_transparent":"","_kad_post_title":"","_kad_post_layout":"","_kad_post_sidebar_id":"","_kad_post_content_style":"","_kad_post_vertical_padding":"","_kad_post_feature":"","_kad_post_feature_position":"","_kad_post_header":false,"_kad_post_footer":false},"product_brand":[55],"product_cat":[104,31,50,173],"product_tag":[],"class_list":{"0":"post-1863","1":"product","2":"type-product","3":"status-publish","4":"has-post-thumbnail","6":"product_brand-nike","7":"product_cat-austria-i-szwajcaria","8":"product_cat-kluby-europejskie","9":"product_cat-kluby-europejskie-kluby-europejskie","10":"product_cat-match-worn-issue","11":"pa_location-filip","12":"pa_napis-audino","13":"pa_numer-123","14":"pa_rozmiar-m","15":"pa_sezon-2016-17","17":"first","18":"instock","19":"taxable","20":"shipping-taxable","21":"purchasable","22":"product-type-simple","23":"entry","24":"content-bg","25":"loop-entry"},"taxonomy_info":{"product_brand":[{"value":55,"label":"Nike"}],"product_cat":[{"value":104,"label":"Austria i Szwajcaria"},{"value":31,"label":"Kluby Europejskie"},{"value":50,"label":"Kluby Europejskie"},{"value":173,"label":"MATCH WORN &amp; ISSUE"}],"pa_location":[{"value":18,"label":"FILIP"}],"pa_napis":[{"value":246,"label":"Audino"}],"pa_numer":[{"value":123,"label":"20"}],"pa_rozmiar":[{"value":28,"label":"M"}],"pa_sezon":[{"value":200,"label":"2016\/17"}]},"featured_image_src_large":["https:\/\/fts.you2.pl\/wp-content\/uploads\/2025\/09\/15838-MATCH-WORN-FC-Aarau-201617-Away-20-Audino-M-1024x1024.jpg",1024,1024,true],"author_info":[],"comment_info":"","_links":{"self":[{"href":"https:\/\/fts.you2.pl\/en\/wp-json\/wp\/v2\/product\/1863","targetHints":{"allow":["GET"]}}],"collection":[{"href":"https:\/\/fts.you2.pl\/en\/wp-json\/wp\/v2\/product"}],"about":[{"href":"https:\/\/fts.you2.pl\/en\/wp-json\/wp\/v2\/types\/product"}],"wp:featuredmedia":[{"embeddable":true,"href":"https:\/\/fts.you2.pl\/en\/wp-json\/wp\/v2\/media\/4405"}],"wp:attachment":[{"href":"https:\/\/fts.you2.pl\/en\/wp-json\/wp\/v2\/media?parent=1863"}],"wp:term":[{"taxonomy":"product_brand","embeddable":true,"href":"https:\/\/fts.you2.pl\/en\/wp-json\/wp\/v2\/product_brand?post=1863"},{"taxonomy":"product_cat","embeddable":true,"href":"https:\/\/fts.you2.pl\/en\/wp-json\/wp\/v2\/product_cat?post=1863"},{"taxonomy":"product_tag","embeddable":true,"href":"https:\/\/fts.you2.pl\/en\/wp-json\/wp\/v2\/product_tag?post=1863"}],"curies":[{"name":"wp","href":"https:\/\/api.w.org\/{rel}","templated":true}]}}