{"id":1872,"date":"2022-09-19T18:45:16","date_gmt":"2022-09-19T16:45:16","guid":{"rendered":"https:\/\/fts.you2.pl\/index.php\/produkt\/greuther-furth-2000-01-away-4-boy-xl\/"},"modified":"2025-09-18T15:31:38","modified_gmt":"2025-09-18T13:31:38","slug":"greuther-furth-2000-01-away-4-boy-xl","status":"publish","type":"product","link":"https:\/\/fts.you2.pl\/en\/greuther-furth-2000-01-away-4-boy-xl\/","title":{"rendered":"Greuther Furth 2000\/01 Away 4 Boy [XL]"},"content":{"rendered":"<p><strong>Klub: <\/strong>Greuther Furth<\/p>\n<p><strong>Zawodnik: <\/strong>4 Boy<\/p>\n<p><strong>Sezon: <\/strong>2000\/01 Away<\/p>\n<p><strong>Rozmiar: <\/strong>XL<\/p>\n<p><strong>Wymiary (szeroko\u015b\u0107 pod pachami\/d\u0142ugo\u015b\u0107) w cm: <\/strong>59\/73(prz\u00f3d)78(ty\u0142)<\/p>\n<p><strong>Stan:<\/strong> Zadowalaj\u0105cy &#8211; koszulka posiada kilka zaci\u0105gni\u0119\u0107 oraz podniszczony numer na plecach.<\/p>","protected":false},"excerpt":{"rendered":"<p>Greuther Furth 2000\/01 Away 4 Boy [XL]<\/p>","protected":false},"featured_media":4482,"template":"","meta":{"_kad_blocks_custom_css":"","_kad_blocks_head_custom_js":"","_kad_blocks_body_custom_js":"","_kad_blocks_footer_custom_js":"","_kad_post_transparent":"","_kad_post_title":"","_kad_post_layout":"","_kad_post_sidebar_id":"","_kad_post_content_style":"","_kad_post_vertical_padding":"","_kad_post_feature":"","_kad_post_feature_position":"","_kad_post_header":false,"_kad_post_footer":false},"product_brand":[55],"product_cat":[31,46,174],"product_tag":[],"class_list":{"0":"post-1872","1":"product","2":"type-product","3":"status-publish","4":"has-post-thumbnail","6":"product_brand-nike","7":"product_cat-kluby-europejskie","8":"product_cat-kluby-niemieckie","9":"product_cat-pozostale-kluby-niemieckie","10":"pa_location-filip","11":"pa_napis-boy","12":"pa_numer-154","13":"pa_rozmiar-xl","14":"pa_sezon-2000-01","16":"first","17":"instock","18":"taxable","19":"shipping-taxable","20":"purchasable","21":"product-type-simple","22":"entry","23":"content-bg","24":"loop-entry"},"taxonomy_info":{"product_brand":[{"value":55,"label":"Nike"}],"product_cat":[{"value":31,"label":"Kluby Europejskie"},{"value":46,"label":"Kluby Niemieckie"},{"value":174,"label":"Pozosta\u0142e kluby niemieckie"}],"pa_location":[{"value":18,"label":"FILIP"}],"pa_napis":[{"value":256,"label":"Boy"}],"pa_numer":[{"value":154,"label":"4"}],"pa_rozmiar":[{"value":57,"label":"XL"}],"pa_sezon":[{"value":205,"label":"2000\/01"}]},"featured_image_src_large":["https:\/\/fts.you2.pl\/wp-content\/uploads\/2025\/09\/16659-Greuther-Furth-200001-Away-4-Boy-XL-1024x1024.jpg",1024,1024,true],"author_info":[],"comment_info":"","_links":{"self":[{"href":"https:\/\/fts.you2.pl\/en\/wp-json\/wp\/v2\/product\/1872","targetHints":{"allow":["GET"]}}],"collection":[{"href":"https:\/\/fts.you2.pl\/en\/wp-json\/wp\/v2\/product"}],"about":[{"href":"https:\/\/fts.you2.pl\/en\/wp-json\/wp\/v2\/types\/product"}],"wp:featuredmedia":[{"embeddable":true,"href":"https:\/\/fts.you2.pl\/en\/wp-json\/wp\/v2\/media\/4482"}],"wp:attachment":[{"href":"https:\/\/fts.you2.pl\/en\/wp-json\/wp\/v2\/media?parent=1872"}],"wp:term":[{"taxonomy":"product_brand","embeddable":true,"href":"https:\/\/fts.you2.pl\/en\/wp-json\/wp\/v2\/product_brand?post=1872"},{"taxonomy":"product_cat","embeddable":true,"href":"https:\/\/fts.you2.pl\/en\/wp-json\/wp\/v2\/product_cat?post=1872"},{"taxonomy":"product_tag","embeddable":true,"href":"https:\/\/fts.you2.pl\/en\/wp-json\/wp\/v2\/product_tag?post=1872"}],"curies":[{"name":"wp","href":"https:\/\/api.w.org\/{rel}","templated":true}]}}