{"id":1874,"date":"2022-09-19T18:45:27","date_gmt":"2022-09-19T16:45:27","guid":{"rendered":"https:\/\/fts.you2.pl\/index.php\/produkt\/player-issue-borussia-dortmund-2018-19-home-11-reus-s\/"},"modified":"2025-09-18T15:35:17","modified_gmt":"2025-09-18T13:35:17","slug":"player-issue-borussia-dortmund-2018-19-home-11-reus-s","status":"publish","type":"product","link":"https:\/\/fts.you2.pl\/en\/player-issue-borussia-dortmund-2018-19-home-11-reus-s\/","title":{"rendered":"PLAYER ISSUE Borussia Dortmund 2018\/19 Home 11 Reus [S]"},"content":{"rendered":"<p><strong>Klub: <\/strong>Borussia Dortmund<\/p>\n<p><strong>Zawodnik: <\/strong>11 Reus<\/p>\n<p><strong>Sezon: <\/strong>2018\/19 Home<\/p>\n<p><strong>Rozmiar: <\/strong>S<\/p>\n<p><strong>Wymiary (szeroko\u015b\u0107 pod pachami\/d\u0142ugo\u015b\u0107) w cm: <\/strong>40,48(przy pe\u0142nym rozci\u0105gni\u0119ciu)\/69<\/p>\n<p><strong>Stan:<\/strong> Bardzo dobry &#8211; miniaturowe zabrudzenie przy patchu Bundesligi oraz mikro uchybienie w literce &#8222;S&#8221; w nazwisku. Dodatkowo, koszulka posiada wyci\u0119t\u0105 metk\u0119 przy karku.<\/p>\n<p><strong>Dodatkowe informacje:<\/strong> Koszulka w najwy\u017cszej wersji, meczowej. Wyr\u00f3\u017cnia j\u0105 niesamowicie porz\u0105dny i rozci\u0105gliwy materia\u0142, przystosowany dla os\u00f3b o atletycznej budowie cia\u0142a.<\/p>","protected":false},"excerpt":{"rendered":"<p>PLAYER ISSUE Borussia Dortmund 2018\/19 Home 11 Reus [S]<\/p>","protected":false},"featured_media":4499,"template":"","meta":{"_kad_blocks_custom_css":"","_kad_blocks_head_custom_js":"","_kad_blocks_body_custom_js":"","_kad_blocks_footer_custom_js":"","_kad_post_transparent":"","_kad_post_title":"","_kad_post_layout":"","_kad_post_sidebar_id":"","_kad_post_content_style":"","_kad_post_vertical_padding":"","_kad_post_feature":"","_kad_post_feature_position":"","_kad_post_header":false,"_kad_post_footer":false},"product_brand":[86],"product_cat":[65,31,46],"product_tag":[],"class_list":{"0":"post-1874","1":"product","2":"type-product","3":"status-publish","4":"has-post-thumbnail","6":"product_brand-puma","7":"product_cat-borussia-dortmund","8":"product_cat-kluby-europejskie","9":"product_cat-kluby-niemieckie","10":"pa_location-filip","11":"pa_napis-reus","12":"pa_numer-148","13":"pa_rozmiar-s","14":"pa_sezon-2018-19","16":"first","17":"instock","18":"taxable","19":"shipping-taxable","20":"purchasable","21":"product-type-simple","22":"entry","23":"content-bg","24":"loop-entry"},"taxonomy_info":{"product_brand":[{"value":86,"label":"Puma"}],"product_cat":[{"value":65,"label":"Borussia Dortmund"},{"value":31,"label":"Kluby Europejskie"},{"value":46,"label":"Kluby Niemieckie"}],"pa_location":[{"value":18,"label":"FILIP"}],"pa_napis":[{"value":257,"label":"Reus"}],"pa_numer":[{"value":148,"label":"11"}],"pa_rozmiar":[{"value":19,"label":"S"}],"pa_sezon":[{"value":208,"label":"2018\/19"}]},"featured_image_src_large":["https:\/\/fts.you2.pl\/wp-content\/uploads\/2025\/09\/16555-PLAYER-ISSUE-Borussia-Dortmund-201819-Home-11-Reus-S-1024x1024.jpg",1024,1024,true],"author_info":[],"comment_info":"","_links":{"self":[{"href":"https:\/\/fts.you2.pl\/en\/wp-json\/wp\/v2\/product\/1874","targetHints":{"allow":["GET"]}}],"collection":[{"href":"https:\/\/fts.you2.pl\/en\/wp-json\/wp\/v2\/product"}],"about":[{"href":"https:\/\/fts.you2.pl\/en\/wp-json\/wp\/v2\/types\/product"}],"wp:featuredmedia":[{"embeddable":true,"href":"https:\/\/fts.you2.pl\/en\/wp-json\/wp\/v2\/media\/4499"}],"wp:attachment":[{"href":"https:\/\/fts.you2.pl\/en\/wp-json\/wp\/v2\/media?parent=1874"}],"wp:term":[{"taxonomy":"product_brand","embeddable":true,"href":"https:\/\/fts.you2.pl\/en\/wp-json\/wp\/v2\/product_brand?post=1874"},{"taxonomy":"product_cat","embeddable":true,"href":"https:\/\/fts.you2.pl\/en\/wp-json\/wp\/v2\/product_cat?post=1874"},{"taxonomy":"product_tag","embeddable":true,"href":"https:\/\/fts.you2.pl\/en\/wp-json\/wp\/v2\/product_tag?post=1874"}],"curies":[{"name":"wp","href":"https:\/\/api.w.org\/{rel}","templated":true}]}}