{"id":1875,"date":"2022-10-08T19:04:53","date_gmt":"2022-10-08T17:04:53","guid":{"rendered":"https:\/\/fts.you2.pl\/index.php\/produkt\/custom-polo-holandia-l\/"},"modified":"2025-09-18T15:37:08","modified_gmt":"2025-09-18T13:37:08","slug":"custom-polo-holandia-l","status":"publish","type":"product","link":"https:\/\/fts.you2.pl\/en\/custom-polo-holandia-l\/","title":{"rendered":"CUSTOM Polo Holandia [L]"},"content":{"rendered":"<p><strong>Klub: <\/strong>Holandia<\/p>\n<p><strong>Rozmiar: <\/strong>L<\/p>\n<p><strong>Stan: <\/strong>Doskona\u0142y<\/p>\n<p><strong>Wymiary (szeroko\u015b\u0107 pod pachami\/d\u0142ugo\u015b\u0107) w cm: <\/strong>53\/74<\/p>\n<p><strong>Dodatkowe informacje:<\/strong> customowa koszulka typu polo reprezentacji Holandii.<\/p>","protected":false},"excerpt":{"rendered":"<p>CUSTOM Polo Holandia [L]<\/p>","protected":false},"featured_media":4509,"template":"","meta":{"_kad_blocks_custom_css":"","_kad_blocks_head_custom_js":"","_kad_blocks_body_custom_js":"","_kad_blocks_footer_custom_js":"","_kad_post_transparent":"","_kad_post_title":"","_kad_post_layout":"","_kad_post_sidebar_id":"","_kad_post_content_style":"","_kad_post_vertical_padding":"","_kad_post_feature":"","_kad_post_feature_position":"","_kad_post_header":false,"_kad_post_footer":false},"product_brand":[55],"product_cat":[23,113,22],"product_tag":[],"class_list":{"0":"post-1875","1":"product","2":"type-product","3":"status-publish","4":"has-post-thumbnail","6":"product_brand-nike","7":"product_cat-europa","8":"product_cat-holandia","9":"product_cat-reprezentacje","10":"pa_location-filip","11":"pa_rozmiar-l","13":"first","14":"instock","15":"taxable","16":"shipping-taxable","17":"purchasable","18":"product-type-simple","19":"entry","20":"content-bg","21":"loop-entry"},"taxonomy_info":{"product_brand":[{"value":55,"label":"Nike"}],"product_cat":[{"value":23,"label":"Europa"},{"value":113,"label":"Holandia"},{"value":22,"label":"REPREZENTACJE"}],"pa_location":[{"value":18,"label":"FILIP"}],"pa_rozmiar":[{"value":39,"label":"L"}]},"featured_image_src_large":["https:\/\/fts.you2.pl\/wp-content\/uploads\/2025\/09\/17087-CUSTOM-Polo-Holandia-L-1024x1024.jpg",1024,1024,true],"author_info":[],"comment_info":"","_links":{"self":[{"href":"https:\/\/fts.you2.pl\/en\/wp-json\/wp\/v2\/product\/1875","targetHints":{"allow":["GET"]}}],"collection":[{"href":"https:\/\/fts.you2.pl\/en\/wp-json\/wp\/v2\/product"}],"about":[{"href":"https:\/\/fts.you2.pl\/en\/wp-json\/wp\/v2\/types\/product"}],"wp:featuredmedia":[{"embeddable":true,"href":"https:\/\/fts.you2.pl\/en\/wp-json\/wp\/v2\/media\/4509"}],"wp:attachment":[{"href":"https:\/\/fts.you2.pl\/en\/wp-json\/wp\/v2\/media?parent=1875"}],"wp:term":[{"taxonomy":"product_brand","embeddable":true,"href":"https:\/\/fts.you2.pl\/en\/wp-json\/wp\/v2\/product_brand?post=1875"},{"taxonomy":"product_cat","embeddable":true,"href":"https:\/\/fts.you2.pl\/en\/wp-json\/wp\/v2\/product_cat?post=1875"},{"taxonomy":"product_tag","embeddable":true,"href":"https:\/\/fts.you2.pl\/en\/wp-json\/wp\/v2\/product_tag?post=1875"}],"curies":[{"name":"wp","href":"https:\/\/api.w.org\/{rel}","templated":true}]}}