{"id":1882,"date":"2022-11-04T18:00:05","date_gmt":"2022-11-04T17:00:05","guid":{"rendered":"https:\/\/fts.you2.pl\/index.php\/produkt\/niemcy-2012-14-home-10-podolski-s\/"},"modified":"2025-09-18T15:50:16","modified_gmt":"2025-09-18T13:50:16","slug":"niemcy-2012-14-home-10-podolski-s","status":"publish","type":"product","link":"https:\/\/fts.you2.pl\/en\/niemcy-2012-14-home-10-podolski-s\/","title":{"rendered":"Niemcy 2012\/14 Home 10 Podolski [S]"},"content":{"rendered":"<p><strong>Klub: <\/strong>Niemcy<\/p>\n<p><strong>Zawodnik: <\/strong>10 Podolski<\/p>\n<p><strong>Sezon: <\/strong>2012\/14 Home<\/p>\n<p><strong>Rozmiar: <\/strong>S<\/p>\n<p><strong>Stan: <\/strong>Bardzo dobry &#8211; delikatny odcisk na cyfrze '1&#8242; z ty\u0142u koszulki.<\/p>\n<p><strong>Wymiary (szeroko\u015b\u0107 pod pachami\/d\u0142ugo\u015b\u0107) w cm: <\/strong>48\/68<\/p>","protected":false},"excerpt":{"rendered":"<p>Niemcy 2012\/14 Home 10 Podolski [S]<\/p>","protected":false},"featured_media":4561,"template":"","meta":{"_kad_blocks_custom_css":"","_kad_blocks_head_custom_js":"","_kad_blocks_body_custom_js":"","_kad_blocks_footer_custom_js":"","_kad_post_transparent":"","_kad_post_title":"","_kad_post_layout":"","_kad_post_sidebar_id":"","_kad_post_content_style":"","_kad_post_vertical_padding":"","_kad_post_feature":"","_kad_post_feature_position":"","_kad_post_header":false,"_kad_post_footer":false},"product_brand":[45],"product_cat":[23,143,22],"product_tag":[],"class_list":{"0":"post-1882","1":"product","2":"type-product","3":"status-publish","4":"has-post-thumbnail","6":"product_brand-adidas","7":"product_cat-europa","8":"product_cat-niemcy","9":"product_cat-reprezentacje","10":"pa_location-filip","11":"pa_napis-podolski","12":"pa_numer-63","13":"pa_rozmiar-s","14":"pa_sezon-2012-14","16":"first","17":"instock","18":"taxable","19":"shipping-taxable","20":"purchasable","21":"product-type-simple","22":"entry","23":"content-bg","24":"loop-entry"},"taxonomy_info":{"product_brand":[{"value":45,"label":"Adidas"}],"product_cat":[{"value":23,"label":"Europa"},{"value":143,"label":"Niemcy"},{"value":22,"label":"REPREZENTACJE"}],"pa_location":[{"value":18,"label":"FILIP"}],"pa_napis":[{"value":261,"label":"Podolski"}],"pa_numer":[{"value":63,"label":"10"}],"pa_rozmiar":[{"value":19,"label":"S"}],"pa_sezon":[{"value":262,"label":"2012\/14"}]},"featured_image_src_large":["https:\/\/fts.you2.pl\/wp-content\/uploads\/2025\/09\/17818-Niemcy-201214-Home-10-Podolski-S-1024x1024.jpg",1024,1024,true],"author_info":[],"comment_info":"","_links":{"self":[{"href":"https:\/\/fts.you2.pl\/en\/wp-json\/wp\/v2\/product\/1882","targetHints":{"allow":["GET"]}}],"collection":[{"href":"https:\/\/fts.you2.pl\/en\/wp-json\/wp\/v2\/product"}],"about":[{"href":"https:\/\/fts.you2.pl\/en\/wp-json\/wp\/v2\/types\/product"}],"wp:featuredmedia":[{"embeddable":true,"href":"https:\/\/fts.you2.pl\/en\/wp-json\/wp\/v2\/media\/4561"}],"wp:attachment":[{"href":"https:\/\/fts.you2.pl\/en\/wp-json\/wp\/v2\/media?parent=1882"}],"wp:term":[{"taxonomy":"product_brand","embeddable":true,"href":"https:\/\/fts.you2.pl\/en\/wp-json\/wp\/v2\/product_brand?post=1882"},{"taxonomy":"product_cat","embeddable":true,"href":"https:\/\/fts.you2.pl\/en\/wp-json\/wp\/v2\/product_cat?post=1882"},{"taxonomy":"product_tag","embeddable":true,"href":"https:\/\/fts.you2.pl\/en\/wp-json\/wp\/v2\/product_tag?post=1882"}],"curies":[{"name":"wp","href":"https:\/\/api.w.org\/{rel}","templated":true}]}}