{"id":1883,"date":"2022-11-04T18:00:06","date_gmt":"2022-11-04T17:00:06","guid":{"rendered":"https:\/\/fts.you2.pl\/index.php\/produkt\/player-issue-usa-2012-14-home-10-donovan-m\/"},"modified":"2025-09-18T15:52:09","modified_gmt":"2025-09-18T13:52:09","slug":"player-issue-usa-2012-14-home-10-donovan-m","status":"publish","type":"product","link":"https:\/\/fts.you2.pl\/en\/player-issue-usa-2012-14-home-10-donovan-m\/","title":{"rendered":"PLAYER ISSUE USA 2012\/14 Home 10 Donovan [M]"},"content":{"rendered":"<p><strong>Klub: <\/strong>USA<\/p>\n<p><strong>Zawodnik: <\/strong>10 Donovan<\/p>\n<p><strong>Sezon: <\/strong>2012\/14 Home<\/p>\n<p><strong>Rozmiar: <\/strong>M<\/p>\n<p><strong>Stan: <\/strong>Doskona\u0142y<\/p>\n<p><strong>Wymiary (szeroko\u015b\u0107 pod pachami\/d\u0142ugo\u015b\u0107) w cm: <\/strong>47\/71<\/p>\n<p><strong>Dodatkowe informacje:<\/strong> Koszulka w komercyjnej wersji meczowej.<\/p>","protected":false},"excerpt":{"rendered":"<p>PLAYER ISSUE USA 2012\/14 Home 10 Donovan [M]<\/p>","protected":false},"featured_media":4570,"template":"","meta":{"_kad_blocks_custom_css":"","_kad_blocks_head_custom_js":"","_kad_blocks_body_custom_js":"","_kad_blocks_footer_custom_js":"","_kad_post_transparent":"","_kad_post_title":"","_kad_post_layout":"","_kad_post_sidebar_id":"","_kad_post_content_style":"","_kad_post_vertical_padding":"","_kad_post_feature":"","_kad_post_feature_position":"","_kad_post_header":false,"_kad_post_footer":false},"product_brand":[55],"product_cat":[138,22],"product_tag":[],"class_list":{"0":"post-1883","1":"product","2":"type-product","3":"status-publish","4":"has-post-thumbnail","6":"product_brand-nike","7":"product_cat-ameryka-srodkowa-i-polnocna-reprezentacje","8":"product_cat-reprezentacje","9":"pa_location-filip","10":"pa_napis-donovan","11":"pa_numer-63","12":"pa_rozmiar-m","13":"pa_sezon-2012-14","15":"first","16":"instock","17":"taxable","18":"shipping-taxable","19":"purchasable","20":"product-type-simple","21":"entry","22":"content-bg","23":"loop-entry"},"taxonomy_info":{"product_brand":[{"value":55,"label":"Nike"}],"product_cat":[{"value":138,"label":"Ameryka \u015arodkowa i P\u00f3\u0142nocna"},{"value":22,"label":"REPREZENTACJE"}],"pa_location":[{"value":18,"label":"FILIP"}],"pa_napis":[{"value":263,"label":"Donovan"}],"pa_numer":[{"value":63,"label":"10"}],"pa_rozmiar":[{"value":28,"label":"M"}],"pa_sezon":[{"value":262,"label":"2012\/14"}]},"featured_image_src_large":["https:\/\/fts.you2.pl\/wp-content\/uploads\/2025\/09\/17809-PLAYER-ISSUE-USA-201214-Home-10-Donovan-M-1024x1024.jpg",1024,1024,true],"author_info":[],"comment_info":"","_links":{"self":[{"href":"https:\/\/fts.you2.pl\/en\/wp-json\/wp\/v2\/product\/1883","targetHints":{"allow":["GET"]}}],"collection":[{"href":"https:\/\/fts.you2.pl\/en\/wp-json\/wp\/v2\/product"}],"about":[{"href":"https:\/\/fts.you2.pl\/en\/wp-json\/wp\/v2\/types\/product"}],"wp:featuredmedia":[{"embeddable":true,"href":"https:\/\/fts.you2.pl\/en\/wp-json\/wp\/v2\/media\/4570"}],"wp:attachment":[{"href":"https:\/\/fts.you2.pl\/en\/wp-json\/wp\/v2\/media?parent=1883"}],"wp:term":[{"taxonomy":"product_brand","embeddable":true,"href":"https:\/\/fts.you2.pl\/en\/wp-json\/wp\/v2\/product_brand?post=1883"},{"taxonomy":"product_cat","embeddable":true,"href":"https:\/\/fts.you2.pl\/en\/wp-json\/wp\/v2\/product_cat?post=1883"},{"taxonomy":"product_tag","embeddable":true,"href":"https:\/\/fts.you2.pl\/en\/wp-json\/wp\/v2\/product_tag?post=1883"}],"curies":[{"name":"wp","href":"https:\/\/api.w.org\/{rel}","templated":true}]}}