{"id":1889,"date":"2022-12-02T11:39:36","date_gmt":"2022-12-02T10:39:36","guid":{"rendered":"https:\/\/fts.you2.pl\/index.php\/produkt\/arabia-saudyjska-2006-08-home-s\/"},"modified":"2025-09-18T16:03:17","modified_gmt":"2025-09-18T14:03:17","slug":"arabia-saudyjska-2006-08-home-s","status":"publish","type":"product","link":"https:\/\/fts.you2.pl\/en\/arabia-saudyjska-2006-08-home-s\/","title":{"rendered":"Arabia Saudyjska 2006\/08 Home [S]"},"content":{"rendered":"<p><strong>Klub: <\/strong>Arabia Saudyjska<\/p>\n<p><strong>Sezon: <\/strong>2006\/08 Home<\/p>\n<p><strong>Rozmiar: <\/strong>S<\/p>\n<p><strong>Stan: <\/strong>Dobry &#8211; dwa widoczne zabrudzenia w okolicach r\u0119kawka.<\/p>\n<p><strong>Wymiary (szeroko\u015b\u0107 pod pachami\/d\u0142ugo\u015b\u0107) w cm: <\/strong>47\/70<\/p>","protected":false},"excerpt":{"rendered":"<p>Arabia Saudyjska 2006\/08 Home [S]<\/p>","protected":false},"featured_media":4624,"template":"","meta":{"_kad_blocks_custom_css":"","_kad_blocks_head_custom_js":"","_kad_blocks_body_custom_js":"","_kad_blocks_footer_custom_js":"","_kad_post_transparent":"","_kad_post_title":"","_kad_post_layout":"","_kad_post_sidebar_id":"","_kad_post_content_style":"","_kad_post_vertical_padding":"","_kad_post_feature":"","_kad_post_feature_position":"","_kad_post_header":false,"_kad_post_footer":false},"product_brand":[86],"product_cat":[140,22],"product_tag":[],"class_list":{"0":"post-1889","1":"product","2":"type-product","3":"status-publish","4":"has-post-thumbnail","6":"product_brand-puma","7":"product_cat-azja","8":"product_cat-reprezentacje","9":"pa_location-filip","10":"pa_rozmiar-s","11":"pa_sezon-2006-08","13":"first","14":"instock","15":"taxable","16":"shipping-taxable","17":"purchasable","18":"product-type-simple","19":"entry","20":"content-bg","21":"loop-entry"},"taxonomy_info":{"product_brand":[{"value":86,"label":"Puma"}],"product_cat":[{"value":140,"label":"Azja"},{"value":22,"label":"REPREZENTACJE"}],"pa_location":[{"value":18,"label":"FILIP"}],"pa_rozmiar":[{"value":19,"label":"S"}],"pa_sezon":[{"value":112,"label":"2006\/08"}]},"featured_image_src_large":["https:\/\/fts.you2.pl\/wp-content\/uploads\/2025\/09\/18510-Arabia-Saudyjska-200608-Home-S-1024x1024.jpg",1024,1024,true],"author_info":[],"comment_info":"","_links":{"self":[{"href":"https:\/\/fts.you2.pl\/en\/wp-json\/wp\/v2\/product\/1889","targetHints":{"allow":["GET"]}}],"collection":[{"href":"https:\/\/fts.you2.pl\/en\/wp-json\/wp\/v2\/product"}],"about":[{"href":"https:\/\/fts.you2.pl\/en\/wp-json\/wp\/v2\/types\/product"}],"wp:featuredmedia":[{"embeddable":true,"href":"https:\/\/fts.you2.pl\/en\/wp-json\/wp\/v2\/media\/4624"}],"wp:attachment":[{"href":"https:\/\/fts.you2.pl\/en\/wp-json\/wp\/v2\/media?parent=1889"}],"wp:term":[{"taxonomy":"product_brand","embeddable":true,"href":"https:\/\/fts.you2.pl\/en\/wp-json\/wp\/v2\/product_brand?post=1889"},{"taxonomy":"product_cat","embeddable":true,"href":"https:\/\/fts.you2.pl\/en\/wp-json\/wp\/v2\/product_cat?post=1889"},{"taxonomy":"product_tag","embeddable":true,"href":"https:\/\/fts.you2.pl\/en\/wp-json\/wp\/v2\/product_tag?post=1889"}],"curies":[{"name":"wp","href":"https:\/\/api.w.org\/{rel}","templated":true}]}}