{"id":1899,"date":"2022-12-16T21:40:30","date_gmt":"2022-12-16T20:40:30","guid":{"rendered":"https:\/\/fts.you2.pl\/index.php\/produkt\/wlochy-2003-04-away-7-del-piero-m\/"},"modified":"2025-09-18T16:11:10","modified_gmt":"2025-09-18T14:11:10","slug":"wlochy-2003-04-away-7-del-piero-m","status":"publish","type":"product","link":"https:\/\/fts.you2.pl\/en\/wlochy-2003-04-away-7-del-piero-m\/","title":{"rendered":"W\u0142ochy 2003\/04 Home 7 Del Piero [M]"},"content":{"rendered":"<p><strong>Klub: <\/strong>W\u0142ochy<\/p>\n<p><strong>Zawodnik: <\/strong>7 Del Piero<\/p>\n<p><strong>Sezon: <\/strong>2003\/04 Home<\/p>\n<p><strong>Rozmiar: <\/strong>M<\/p>\n<p><strong>Wymiary (szeroko\u015b\u0107 pod pachami\/d\u0142ugo\u015b\u0107) w cm: <\/strong>50\/63(prz\u00f3d), 70(ty\u0142)<\/p>\n<p><strong>Stan:<\/strong> Zadowalaj\u0105cy &#8211; koszulka posiada delikatne rozci\u0119cie materia\u0142u na karku, mikro zabrudzenia, dwa niewielkie zaci\u0105gni\u0119cia przy numerze oraz delikatnie uszkodzon\u0105 jedn\u0105 literk\u0119 w nazwisku.<\/p>","protected":false},"excerpt":{"rendered":"<p>W\u0142ochy 2003\/04 Home 7 Del Piero [M]<\/p>","protected":false},"featured_media":4670,"template":"","meta":{"_kad_blocks_custom_css":"","_kad_blocks_head_custom_js":"","_kad_blocks_body_custom_js":"","_kad_blocks_footer_custom_js":"","_kad_post_transparent":"","_kad_post_title":"","_kad_post_layout":"","_kad_post_sidebar_id":"","_kad_post_content_style":"","_kad_post_vertical_padding":"","_kad_post_feature":"","_kad_post_feature_position":"","_kad_post_header":false,"_kad_post_footer":false},"product_brand":[86],"product_cat":[23,22,190],"product_tag":[],"class_list":{"0":"post-1899","1":"product","2":"type-product","3":"status-publish","4":"has-post-thumbnail","6":"product_brand-puma","7":"product_cat-europa","8":"product_cat-reprezentacje","9":"product_cat-wlochy","10":"pa_location-filip","11":"pa_napis-del-piero","12":"pa_numer-43","13":"pa_rozmiar-m","14":"pa_sezon-2003-04","16":"first","17":"instock","18":"taxable","19":"shipping-taxable","20":"purchasable","21":"product-type-simple","22":"entry","23":"content-bg","24":"loop-entry"},"taxonomy_info":{"product_brand":[{"value":86,"label":"Puma"}],"product_cat":[{"value":23,"label":"Europa"},{"value":22,"label":"REPREZENTACJE"},{"value":190,"label":"W\u0142ochy"}],"pa_location":[{"value":18,"label":"FILIP"}],"pa_napis":[{"value":271,"label":"Del Piero"}],"pa_numer":[{"value":43,"label":"7"}],"pa_rozmiar":[{"value":28,"label":"M"}],"pa_sezon":[{"value":99,"label":"2003\/04"}]},"featured_image_src_large":["https:\/\/fts.you2.pl\/wp-content\/uploads\/2025\/09\/19005-Wlochy-200304-Away-7-Del-Piero-M-1024x1024.jpg",1024,1024,true],"author_info":[],"comment_info":"","_links":{"self":[{"href":"https:\/\/fts.you2.pl\/en\/wp-json\/wp\/v2\/product\/1899","targetHints":{"allow":["GET"]}}],"collection":[{"href":"https:\/\/fts.you2.pl\/en\/wp-json\/wp\/v2\/product"}],"about":[{"href":"https:\/\/fts.you2.pl\/en\/wp-json\/wp\/v2\/types\/product"}],"wp:featuredmedia":[{"embeddable":true,"href":"https:\/\/fts.you2.pl\/en\/wp-json\/wp\/v2\/media\/4670"}],"wp:attachment":[{"href":"https:\/\/fts.you2.pl\/en\/wp-json\/wp\/v2\/media?parent=1899"}],"wp:term":[{"taxonomy":"product_brand","embeddable":true,"href":"https:\/\/fts.you2.pl\/en\/wp-json\/wp\/v2\/product_brand?post=1899"},{"taxonomy":"product_cat","embeddable":true,"href":"https:\/\/fts.you2.pl\/en\/wp-json\/wp\/v2\/product_cat?post=1899"},{"taxonomy":"product_tag","embeddable":true,"href":"https:\/\/fts.you2.pl\/en\/wp-json\/wp\/v2\/product_tag?post=1899"}],"curies":[{"name":"wp","href":"https:\/\/api.w.org\/{rel}","templated":true}]}}