{"id":1904,"date":"2022-12-30T13:39:08","date_gmt":"2022-12-30T12:39:08","guid":{"rendered":"https:\/\/fts.you2.pl\/index.php\/produkt\/kansas-city-wizards-1997-98-away-xxl\/"},"modified":"2025-09-18T16:21:05","modified_gmt":"2025-09-18T14:21:05","slug":"kansas-city-wizards-1997-98-away-xxl","status":"publish","type":"product","link":"https:\/\/fts.you2.pl\/en\/kansas-city-wizards-1997-98-away-xxl\/","title":{"rendered":"Kansas City Wizards 1997\/98 Away [XXL]"},"content":{"rendered":"<p><strong>Klub: <\/strong>Kansas City Wizards<\/p>\n<p><strong>Sezon: <\/strong>1997\/98 Away<\/p>\n<p><strong>Rozmiar: <\/strong>XXL<\/p>\n<p><strong>Stan: <\/strong>Bardzo dobry &#8211; koszulka posiada nieznaczn\u0105 ilo\u015b\u0107 drobnych zaci\u0105gni\u0119\u0107.<\/p>\n<p><strong>Wymiary (szeroko\u015b\u0107 pod pachami\/d\u0142ugo\u015b\u0107) w cm: <\/strong>68\/84<\/p>","protected":false},"excerpt":{"rendered":"<p>Kansas City Wizards 1997\/98 Away [XXL]<\/p>","protected":false},"featured_media":4713,"template":"","meta":{"_kad_blocks_custom_css":"","_kad_blocks_head_custom_js":"","_kad_blocks_body_custom_js":"","_kad_blocks_footer_custom_js":"","_kad_post_transparent":"","_kad_post_title":"","_kad_post_layout":"","_kad_post_sidebar_id":"","_kad_post_content_style":"","_kad_post_vertical_padding":"","_kad_post_feature":"","_kad_post_feature_position":"","_kad_post_header":false,"_kad_post_footer":false},"product_brand":[45],"product_cat":[37,36],"product_tag":[],"class_list":{"0":"post-1904","1":"product","2":"type-product","3":"status-publish","4":"has-post-thumbnail","6":"product_brand-adidas","7":"product_cat-ameryka-srodkowa-i-polnocna","8":"product_cat-kluby-reszty-swiata","9":"pa_location-filip","10":"pa_rozmiar-xxl","11":"pa_sezon-1997-98","13":"first","14":"instock","15":"taxable","16":"shipping-taxable","17":"purchasable","18":"product-type-simple","19":"entry","20":"content-bg","21":"loop-entry"},"taxonomy_info":{"product_brand":[{"value":45,"label":"Adidas"}],"product_cat":[{"value":37,"label":"Ameryka \u015arodkowa i P\u00f3\u0142nocna"},{"value":36,"label":"Kluby Reszty \u015awiata"}],"pa_location":[{"value":18,"label":"FILIP"}],"pa_rozmiar":[{"value":71,"label":"XXL"}],"pa_sezon":[{"value":29,"label":"1997\/98"}]},"featured_image_src_large":["https:\/\/fts.you2.pl\/wp-content\/uploads\/2025\/09\/19332-Kansas-City-Wizards-199798-Away-XXL-1024x1024.jpg",1024,1024,true],"author_info":[],"comment_info":"","_links":{"self":[{"href":"https:\/\/fts.you2.pl\/en\/wp-json\/wp\/v2\/product\/1904","targetHints":{"allow":["GET"]}}],"collection":[{"href":"https:\/\/fts.you2.pl\/en\/wp-json\/wp\/v2\/product"}],"about":[{"href":"https:\/\/fts.you2.pl\/en\/wp-json\/wp\/v2\/types\/product"}],"wp:featuredmedia":[{"embeddable":true,"href":"https:\/\/fts.you2.pl\/en\/wp-json\/wp\/v2\/media\/4713"}],"wp:attachment":[{"href":"https:\/\/fts.you2.pl\/en\/wp-json\/wp\/v2\/media?parent=1904"}],"wp:term":[{"taxonomy":"product_brand","embeddable":true,"href":"https:\/\/fts.you2.pl\/en\/wp-json\/wp\/v2\/product_brand?post=1904"},{"taxonomy":"product_cat","embeddable":true,"href":"https:\/\/fts.you2.pl\/en\/wp-json\/wp\/v2\/product_cat?post=1904"},{"taxonomy":"product_tag","embeddable":true,"href":"https:\/\/fts.you2.pl\/en\/wp-json\/wp\/v2\/product_tag?post=1904"}],"curies":[{"name":"wp","href":"https:\/\/api.w.org\/{rel}","templated":true}]}}