{"id":1905,"date":"2022-12-30T13:39:09","date_gmt":"2022-12-30T12:39:09","guid":{"rendered":"https:\/\/fts.you2.pl\/index.php\/produkt\/palmeiras-1999-home-m\/"},"modified":"2025-09-18T16:22:52","modified_gmt":"2025-09-18T14:22:52","slug":"palmeiras-1999-home-m","status":"publish","type":"product","link":"https:\/\/fts.you2.pl\/en\/palmeiras-1999-home-m\/","title":{"rendered":"Palmeiras 1999 Home [M]"},"content":{"rendered":"<p><strong>Klub: <\/strong>Palmeiras<\/p>\n<p><strong>Sezon: <\/strong>1999 Home<\/p>\n<p><strong>Rozmiar: <\/strong>M<\/p>\n<p><strong>Stan: <\/strong>S\u0142aby &#8211; koszulka posiada bardzo du\u017co niewielkich i punktowych zaci\u0105gni\u0119\u0107 na ca\u0142ej swojej powierzchni.<\/p>\n<p><strong>Wymiary (szeroko\u015b\u0107 pod pachami\/d\u0142ugo\u015b\u0107) w cm: <\/strong>56\/72<\/p>","protected":false},"excerpt":{"rendered":"<p>Palmeiras 1999 Home [M]<\/p>","protected":false},"featured_media":4720,"template":"","meta":{"_kad_blocks_custom_css":"","_kad_blocks_head_custom_js":"","_kad_blocks_body_custom_js":"","_kad_blocks_footer_custom_js":"","_kad_post_transparent":"","_kad_post_title":"","_kad_post_layout":"","_kad_post_sidebar_id":"","_kad_post_content_style":"","_kad_post_vertical_padding":"","_kad_post_feature":"","_kad_post_feature_position":"","_kad_post_header":false,"_kad_post_footer":false},"product_brand":[277],"product_cat":[56,36],"product_tag":[],"class_list":{"0":"post-1905","1":"product","2":"type-product","3":"status-publish","4":"has-post-thumbnail","6":"product_brand-rhumell","7":"product_cat-ameryka-poludniowa","8":"product_cat-kluby-reszty-swiata","9":"pa_location-filip","10":"pa_rozmiar-m","11":"pa_sezon-276","13":"first","14":"instock","15":"taxable","16":"shipping-taxable","17":"purchasable","18":"product-type-simple","19":"entry","20":"content-bg","21":"loop-entry"},"taxonomy_info":{"product_brand":[{"value":277,"label":"Rhumell"}],"product_cat":[{"value":56,"label":"Ameryka Po\u0142udniowa"},{"value":36,"label":"Kluby Reszty \u015awiata"}],"pa_location":[{"value":18,"label":"FILIP"}],"pa_rozmiar":[{"value":28,"label":"M"}],"pa_sezon":[{"value":276,"label":"1999"}]},"featured_image_src_large":["https:\/\/fts.you2.pl\/wp-content\/uploads\/2025\/09\/19315-Palmeiras-1999-Home-M-1024x1024.jpg",1024,1024,true],"author_info":[],"comment_info":"","_links":{"self":[{"href":"https:\/\/fts.you2.pl\/en\/wp-json\/wp\/v2\/product\/1905","targetHints":{"allow":["GET"]}}],"collection":[{"href":"https:\/\/fts.you2.pl\/en\/wp-json\/wp\/v2\/product"}],"about":[{"href":"https:\/\/fts.you2.pl\/en\/wp-json\/wp\/v2\/types\/product"}],"wp:featuredmedia":[{"embeddable":true,"href":"https:\/\/fts.you2.pl\/en\/wp-json\/wp\/v2\/media\/4720"}],"wp:attachment":[{"href":"https:\/\/fts.you2.pl\/en\/wp-json\/wp\/v2\/media?parent=1905"}],"wp:term":[{"taxonomy":"product_brand","embeddable":true,"href":"https:\/\/fts.you2.pl\/en\/wp-json\/wp\/v2\/product_brand?post=1905"},{"taxonomy":"product_cat","embeddable":true,"href":"https:\/\/fts.you2.pl\/en\/wp-json\/wp\/v2\/product_cat?post=1905"},{"taxonomy":"product_tag","embeddable":true,"href":"https:\/\/fts.you2.pl\/en\/wp-json\/wp\/v2\/product_tag?post=1905"}],"curies":[{"name":"wp","href":"https:\/\/api.w.org\/{rel}","templated":true}]}}