{"id":1909,"date":"2023-01-13T21:54:08","date_gmt":"2023-01-13T20:54:08","guid":{"rendered":"https:\/\/fts.you2.pl\/index.php\/produkt\/bnwt-player-issue-atletico-madryt-2021-22-away-6-koke-s\/"},"modified":"2025-09-18T16:31:28","modified_gmt":"2025-09-18T14:31:28","slug":"bnwt-player-issue-atletico-madryt-2021-22-away-6-koke-s","status":"publish","type":"product","link":"https:\/\/fts.you2.pl\/en\/bnwt-player-issue-atletico-madryt-2021-22-away-6-koke-s\/","title":{"rendered":"BNWT PLAYER ISSUE Atletico Madryt 2021\/22 Away 6 Koke [S]"},"content":{"rendered":"<p><strong>Klub: <\/strong>Atletico Madryt<\/p>\n<p><strong>Zawodnik: <\/strong>6 Koke<\/p>\n<p><strong>Sezon: <\/strong>2021\/22 Away<\/p>\n<p><strong>Rozmiar: <\/strong>S<\/p>\n<p><strong>Stan: <\/strong>BNWT &#8211; Koszulka nowa, z metkami<\/p>\n<p><strong>Wymiary (szeroko\u015b\u0107 pod pachami\/d\u0142ugo\u015b\u0107) w cm: <\/strong>46\/68<\/p>","protected":false},"excerpt":{"rendered":"<p>BNWT PLAYER ISSUE Atletico Madryt 2021\/22 Away 6 Koke [S]<\/p>","protected":false},"featured_media":4764,"template":"","meta":{"_kad_blocks_custom_css":"","_kad_blocks_head_custom_js":"","_kad_blocks_body_custom_js":"","_kad_blocks_footer_custom_js":"","_kad_post_transparent":"","_kad_post_title":"","_kad_post_layout":"","_kad_post_sidebar_id":"","_kad_post_content_style":"","_kad_post_vertical_padding":"","_kad_post_feature":"","_kad_post_feature_position":"","_kad_post_header":false,"_kad_post_footer":false},"product_brand":[55],"product_cat":[283,31,87],"product_tag":[],"class_list":{"0":"post-1909","1":"product","2":"type-product","3":"status-publish","4":"has-post-thumbnail","6":"product_brand-nike","7":"product_cat-atletico-madryt","8":"product_cat-kluby-europejskie","9":"product_cat-kluby-hiszpanskie","10":"pa_location-filip","11":"pa_napis-koke","12":"pa_numer-281","13":"pa_rozmiar-s","14":"pa_sezon-2021-22","16":"first","17":"instock","18":"taxable","19":"shipping-taxable","20":"purchasable","21":"product-type-simple","22":"entry","23":"content-bg","24":"loop-entry"},"taxonomy_info":{"product_brand":[{"value":55,"label":"Nike"}],"product_cat":[{"value":283,"label":"Atletico Madryt"},{"value":31,"label":"Kluby Europejskie"},{"value":87,"label":"Kluby Hiszpa\u0144skie"}],"pa_location":[{"value":18,"label":"FILIP"}],"pa_napis":[{"value":280,"label":"Koke"}],"pa_numer":[{"value":281,"label":"6"}],"pa_rozmiar":[{"value":19,"label":"S"}],"pa_sezon":[{"value":282,"label":"2021\/22"}]},"featured_image_src_large":["https:\/\/fts.you2.pl\/wp-content\/uploads\/2025\/09\/19874-BNWT-PLAYER-ISSUE-Atletico-Madryt-202122-Away-6-Koke-S-1024x1024.jpg",1024,1024,true],"author_info":[],"comment_info":"","_links":{"self":[{"href":"https:\/\/fts.you2.pl\/en\/wp-json\/wp\/v2\/product\/1909","targetHints":{"allow":["GET"]}}],"collection":[{"href":"https:\/\/fts.you2.pl\/en\/wp-json\/wp\/v2\/product"}],"about":[{"href":"https:\/\/fts.you2.pl\/en\/wp-json\/wp\/v2\/types\/product"}],"wp:featuredmedia":[{"embeddable":true,"href":"https:\/\/fts.you2.pl\/en\/wp-json\/wp\/v2\/media\/4764"}],"wp:attachment":[{"href":"https:\/\/fts.you2.pl\/en\/wp-json\/wp\/v2\/media?parent=1909"}],"wp:term":[{"taxonomy":"product_brand","embeddable":true,"href":"https:\/\/fts.you2.pl\/en\/wp-json\/wp\/v2\/product_brand?post=1909"},{"taxonomy":"product_cat","embeddable":true,"href":"https:\/\/fts.you2.pl\/en\/wp-json\/wp\/v2\/product_cat?post=1909"},{"taxonomy":"product_tag","embeddable":true,"href":"https:\/\/fts.you2.pl\/en\/wp-json\/wp\/v2\/product_tag?post=1909"}],"curies":[{"name":"wp","href":"https:\/\/api.w.org\/{rel}","templated":true}]}}