{"id":1910,"date":"2023-02-15T18:43:58","date_gmt":"2023-02-15T17:43:58","guid":{"rendered":"https:\/\/fts.you2.pl\/index.php\/produkt\/vicenza-2007-08-home-m\/"},"modified":"2025-09-18T16:33:26","modified_gmt":"2025-09-18T14:33:26","slug":"vicenza-2007-08-home-m","status":"publish","type":"product","link":"https:\/\/fts.you2.pl\/en\/vicenza-2007-08-home-m\/","title":{"rendered":"Vicenza 2007\/08 Home [M]"},"content":{"rendered":"<p><strong>Klub: <\/strong>Vicenza<\/p>\n<p><strong>Sezon: <\/strong>2007\/08 Home<\/p>\n<p><strong>Rozmiar: <\/strong>M<\/p>\n<p><strong>Stan: <\/strong>Bardzo dobry &#8211; starta naszywka z rozmiarem.<\/p>\n<p><strong>Wymiary (szeroko\u015b\u0107 pod pachami\/d\u0142ugo\u015b\u0107) w cm: <\/strong>51\/72<\/p>","protected":false},"excerpt":{"rendered":"<p>Vicenza 2007\/08 Home [M]<\/p>","protected":false},"featured_media":4775,"template":"","meta":{"_kad_blocks_custom_css":"","_kad_blocks_head_custom_js":"","_kad_blocks_body_custom_js":"","_kad_blocks_footer_custom_js":"","_kad_post_transparent":"","_kad_post_title":"","_kad_post_layout":"","_kad_post_sidebar_id":"","_kad_post_content_style":"","_kad_post_vertical_padding":"","_kad_post_feature":"","_kad_post_feature_position":"","_kad_post_header":false,"_kad_post_footer":false},"product_brand":[59],"product_cat":[31,117,152],"product_tag":[],"class_list":{"0":"post-1910","1":"product","2":"type-product","3":"status-publish","4":"has-post-thumbnail","6":"product_brand-diadora","7":"product_cat-kluby-europejskie","8":"product_cat-kluby-wloskie","9":"product_cat-pozostale-kluby-wloskie","10":"pa_location-filip","11":"pa_rozmiar-m","12":"pa_sezon-2007-08","14":"first","15":"instock","16":"taxable","17":"shipping-taxable","18":"purchasable","19":"product-type-simple","20":"entry","21":"content-bg","22":"loop-entry"},"taxonomy_info":{"product_brand":[{"value":59,"label":"Diadora"}],"product_cat":[{"value":31,"label":"Kluby Europejskie"},{"value":117,"label":"Kluby W\u0142oskie"},{"value":152,"label":"Pozosta\u0142e kluby w\u0142oskie"}],"pa_location":[{"value":18,"label":"FILIP"}],"pa_rozmiar":[{"value":28,"label":"M"}],"pa_sezon":[{"value":64,"label":"2007\/08"}]},"featured_image_src_large":["https:\/\/fts.you2.pl\/wp-content\/uploads\/2025\/09\/21036-Vicenza-200708-Home-M-1024x1024.jpg",1024,1024,true],"author_info":[],"comment_info":"","_links":{"self":[{"href":"https:\/\/fts.you2.pl\/en\/wp-json\/wp\/v2\/product\/1910","targetHints":{"allow":["GET"]}}],"collection":[{"href":"https:\/\/fts.you2.pl\/en\/wp-json\/wp\/v2\/product"}],"about":[{"href":"https:\/\/fts.you2.pl\/en\/wp-json\/wp\/v2\/types\/product"}],"wp:featuredmedia":[{"embeddable":true,"href":"https:\/\/fts.you2.pl\/en\/wp-json\/wp\/v2\/media\/4775"}],"wp:attachment":[{"href":"https:\/\/fts.you2.pl\/en\/wp-json\/wp\/v2\/media?parent=1910"}],"wp:term":[{"taxonomy":"product_brand","embeddable":true,"href":"https:\/\/fts.you2.pl\/en\/wp-json\/wp\/v2\/product_brand?post=1910"},{"taxonomy":"product_cat","embeddable":true,"href":"https:\/\/fts.you2.pl\/en\/wp-json\/wp\/v2\/product_cat?post=1910"},{"taxonomy":"product_tag","embeddable":true,"href":"https:\/\/fts.you2.pl\/en\/wp-json\/wp\/v2\/product_tag?post=1910"}],"curies":[{"name":"wp","href":"https:\/\/api.w.org\/{rel}","templated":true}]}}