{"id":1911,"date":"2023-02-15T18:44:01","date_gmt":"2023-02-15T17:44:01","guid":{"rendered":"https:\/\/fts.you2.pl\/index.php\/produkt\/niemcy-2008-09-home-l\/"},"modified":"2025-09-18T16:35:23","modified_gmt":"2025-09-18T14:35:23","slug":"niemcy-2008-09-home-l","status":"publish","type":"product","link":"https:\/\/fts.you2.pl\/en\/niemcy-2008-09-home-l\/","title":{"rendered":"Niemcy 2008\/09 Home [L]"},"content":{"rendered":"<p><strong>Klub: <\/strong>Niemcy<\/p>\n<p><strong>Sezon: <\/strong>2008\/09 Home<\/p>\n<p><strong>Rozmiar: <\/strong>L<\/p>\n<p><strong>Stan: <\/strong>Zadowalaj\u0105cy &#8211; koszulka posiada kilka plam i zabrudze\u0144.<\/p>\n<p><strong>Wymiary (szeroko\u015b\u0107 pod pachami\/d\u0142ugo\u015b\u0107) w cm: <\/strong>52\/76<\/p>","protected":false},"excerpt":{"rendered":"<p>Niemcy 2008\/09 Home [L]<\/p>","protected":false},"featured_media":4784,"template":"","meta":{"_kad_blocks_custom_css":"","_kad_blocks_head_custom_js":"","_kad_blocks_body_custom_js":"","_kad_blocks_footer_custom_js":"","_kad_post_transparent":"","_kad_post_title":"","_kad_post_layout":"","_kad_post_sidebar_id":"","_kad_post_content_style":"","_kad_post_vertical_padding":"","_kad_post_feature":"","_kad_post_feature_position":"","_kad_post_header":false,"_kad_post_footer":false},"product_brand":[45],"product_cat":[23,143,22],"product_tag":[],"class_list":{"0":"post-1911","1":"product","2":"type-product","3":"status-publish","4":"has-post-thumbnail","6":"product_brand-adidas","7":"product_cat-europa","8":"product_cat-niemcy","9":"product_cat-reprezentacje","10":"pa_location-filip","11":"pa_rozmiar-l","12":"pa_sezon-2008-09","14":"first","15":"instock","16":"taxable","17":"shipping-taxable","18":"purchasable","19":"product-type-simple","20":"entry","21":"content-bg","22":"loop-entry"},"taxonomy_info":{"product_brand":[{"value":45,"label":"Adidas"}],"product_cat":[{"value":23,"label":"Europa"},{"value":143,"label":"Niemcy"},{"value":22,"label":"REPREZENTACJE"}],"pa_location":[{"value":18,"label":"FILIP"}],"pa_rozmiar":[{"value":39,"label":"L"}],"pa_sezon":[{"value":72,"label":"2008\/09"}]},"featured_image_src_large":["https:\/\/fts.you2.pl\/wp-content\/uploads\/2025\/09\/21002-Niemcy-200809-Home-L-1024x1024.jpg",1024,1024,true],"author_info":[],"comment_info":"","_links":{"self":[{"href":"https:\/\/fts.you2.pl\/en\/wp-json\/wp\/v2\/product\/1911","targetHints":{"allow":["GET"]}}],"collection":[{"href":"https:\/\/fts.you2.pl\/en\/wp-json\/wp\/v2\/product"}],"about":[{"href":"https:\/\/fts.you2.pl\/en\/wp-json\/wp\/v2\/types\/product"}],"wp:featuredmedia":[{"embeddable":true,"href":"https:\/\/fts.you2.pl\/en\/wp-json\/wp\/v2\/media\/4784"}],"wp:attachment":[{"href":"https:\/\/fts.you2.pl\/en\/wp-json\/wp\/v2\/media?parent=1911"}],"wp:term":[{"taxonomy":"product_brand","embeddable":true,"href":"https:\/\/fts.you2.pl\/en\/wp-json\/wp\/v2\/product_brand?post=1911"},{"taxonomy":"product_cat","embeddable":true,"href":"https:\/\/fts.you2.pl\/en\/wp-json\/wp\/v2\/product_cat?post=1911"},{"taxonomy":"product_tag","embeddable":true,"href":"https:\/\/fts.you2.pl\/en\/wp-json\/wp\/v2\/product_tag?post=1911"}],"curies":[{"name":"wp","href":"https:\/\/api.w.org\/{rel}","templated":true}]}}