{"id":1925,"date":"2023-03-17T14:06:21","date_gmt":"2023-03-17T13:06:21","guid":{"rendered":"https:\/\/fts.you2.pl\/index.php\/produkt\/match-worn-koszulka-bramkarska-slask-wroclaw-2017-18-1-wrabel-l\/"},"modified":"2025-09-18T16:46:40","modified_gmt":"2025-09-18T14:46:40","slug":"match-worn-koszulka-bramkarska-slask-wroclaw-2017-18-1-wrabel-l","status":"publish","type":"product","link":"https:\/\/fts.you2.pl\/en\/match-worn-koszulka-bramkarska-slask-wroclaw-2017-18-1-wrabel-l\/","title":{"rendered":"MATCH WORN Koszulka bramkarska \u015al\u0105sk Wroc\u0142aw 2017\/18 1 Wr\u0105bel [L]"},"content":{"rendered":"<p><strong>Klub: <\/strong>\u015al\u0105sk Wroc\u0142aw<\/p>\n<p><strong>Zawodnik: <\/strong>1 Wr\u0105bel<\/p>\n<p><strong>Sezon: <\/strong>2017\/18<\/p>\n<p><strong>Rozmiar: <\/strong>L<\/p>\n<p><strong>Stan: <\/strong>Dobry &#8211; pop\u0119kany patch Ekstraklasy, kilka zabrudze\u0144 i plam.<\/p>\n<p><strong>Wymiary (szeroko\u015b\u0107 pod pachami\/d\u0142ugo\u015b\u0107) w cm: <\/strong>58\/74<\/p>\n<p><strong>Dodatkowe informacje:<\/strong> Koszulka meczowa zdobyta przez kibica, kt\u00f3ry otrzyma\u0142 j\u0105 bezpo\u015brednio od pi\u0142karza po meczu.<\/p>","protected":false},"excerpt":{"rendered":"<p>MATCH WORN Koszulka bramkarska \u015al\u0105sk Wroc\u0142aw 2017\/18 1 Wr\u0105bel [L]<\/p>","protected":false},"featured_media":4911,"template":"","meta":{"_kad_blocks_custom_css":"","_kad_blocks_head_custom_js":"","_kad_blocks_body_custom_js":"","_kad_blocks_footer_custom_js":"","_kad_post_transparent":"","_kad_post_title":"","_kad_post_layout":"","_kad_post_sidebar_id":"","_kad_post_content_style":"","_kad_post_vertical_padding":"","_kad_post_feature":"","_kad_post_feature_position":"","_kad_post_header":false,"_kad_post_footer":false},"product_brand":[45],"product_cat":[31,159,173,298,160],"product_tag":[],"class_list":{"0":"post-1925","1":"product","2":"type-product","3":"status-publish","4":"has-post-thumbnail","6":"product_brand-adidas","7":"product_cat-kluby-europejskie","8":"product_cat-kluby-polskie","9":"product_cat-match-worn-issue","10":"product_cat-polscy-pilkarze","11":"product_cat-pozostale-kluby-polskie","12":"pa_location-filip","13":"pa_napis-wrabel","14":"pa_numer-98","15":"pa_rozmiar-l","16":"pa_sezon-2017-18","18":"first","19":"instock","20":"taxable","21":"shipping-taxable","22":"purchasable","23":"product-type-simple","24":"entry","25":"content-bg","26":"loop-entry"},"taxonomy_info":{"product_brand":[{"value":45,"label":"Adidas"}],"product_cat":[{"value":31,"label":"Kluby Europejskie"},{"value":159,"label":"Kluby Polskie"},{"value":173,"label":"MATCH WORN &amp; ISSUE"},{"value":298,"label":"POLSCY PI\u0141KARZE"},{"value":160,"label":"Pozosta\u0142e kluby polskie"}],"pa_location":[{"value":18,"label":"FILIP"}],"pa_napis":[{"value":297,"label":"Wr\u0105bel"}],"pa_numer":[{"value":98,"label":"1"}],"pa_rozmiar":[{"value":39,"label":"L"}],"pa_sezon":[{"value":70,"label":"2017\/18"}]},"featured_image_src_large":["https:\/\/fts.you2.pl\/wp-content\/uploads\/2025\/09\/Photoroom_092_20240323_131125-1024x1024.png",1024,1024,true],"author_info":[],"comment_info":"","_links":{"self":[{"href":"https:\/\/fts.you2.pl\/en\/wp-json\/wp\/v2\/product\/1925","targetHints":{"allow":["GET"]}}],"collection":[{"href":"https:\/\/fts.you2.pl\/en\/wp-json\/wp\/v2\/product"}],"about":[{"href":"https:\/\/fts.you2.pl\/en\/wp-json\/wp\/v2\/types\/product"}],"wp:featuredmedia":[{"embeddable":true,"href":"https:\/\/fts.you2.pl\/en\/wp-json\/wp\/v2\/media\/4911"}],"wp:attachment":[{"href":"https:\/\/fts.you2.pl\/en\/wp-json\/wp\/v2\/media?parent=1925"}],"wp:term":[{"taxonomy":"product_brand","embeddable":true,"href":"https:\/\/fts.you2.pl\/en\/wp-json\/wp\/v2\/product_brand?post=1925"},{"taxonomy":"product_cat","embeddable":true,"href":"https:\/\/fts.you2.pl\/en\/wp-json\/wp\/v2\/product_cat?post=1925"},{"taxonomy":"product_tag","embeddable":true,"href":"https:\/\/fts.you2.pl\/en\/wp-json\/wp\/v2\/product_tag?post=1925"}],"curies":[{"name":"wp","href":"https:\/\/api.w.org\/{rel}","templated":true}]}}