{"id":1927,"date":"2023-04-01T15:49:50","date_gmt":"2023-04-01T13:49:50","guid":{"rendered":"https:\/\/fts.you2.pl\/index.php\/produkt\/slowacja-2008-09-away-16-l\/"},"modified":"2025-09-18T16:48:03","modified_gmt":"2025-09-18T14:48:03","slug":"slowacja-2008-09-away-16-l","status":"publish","type":"product","link":"https:\/\/fts.you2.pl\/en\/slowacja-2008-09-away-16-l\/","title":{"rendered":"S\u0142owacja 2008\/09 Away 16 [L]"},"content":{"rendered":"<p><strong>Klub: <\/strong>S\u0142owacja<\/p>\n<p><strong>Sezon: <\/strong>2008\/09 Away<\/p>\n<p><strong>Rozmiar: <\/strong>L<\/p>\n<p><strong>Stan: <\/strong>Zadowalaj\u0105cy &#8211; dziurka i kilka zaci\u0105gni\u0119\u0107 na r\u0119kawie, delikatnie pop\u0119kany numer na plecach.<\/p>\n<p><strong>Wymiary (szeroko\u015b\u0107 pod pachami\/d\u0142ugo\u015b\u0107) w cm: <\/strong>56\/74<\/p>","protected":false},"excerpt":{"rendered":"<p>S\u0142owacja 2008\/09 Away 16 [L]<\/p>","protected":false},"featured_media":4936,"template":"","meta":{"_kad_blocks_custom_css":"","_kad_blocks_head_custom_js":"","_kad_blocks_body_custom_js":"","_kad_blocks_footer_custom_js":"","_kad_post_transparent":"","_kad_post_title":"","_kad_post_layout":"","_kad_post_sidebar_id":"","_kad_post_content_style":"","_kad_post_vertical_padding":"","_kad_post_feature":"","_kad_post_feature_position":"","_kad_post_header":false,"_kad_post_footer":false},"product_brand":[45],"product_cat":[23,114,22],"product_tag":[],"class_list":{"0":"post-1927","1":"product","2":"type-product","3":"status-publish","4":"has-post-thumbnail","6":"product_brand-adidas","7":"product_cat-europa","8":"product_cat-pozostale","9":"product_cat-reprezentacje","10":"pa_numer-203","11":"pa_rozmiar-l","12":"pa_sezon-2008-09","14":"first","15":"instock","16":"taxable","17":"shipping-taxable","18":"purchasable","19":"product-type-simple","20":"entry","21":"content-bg","22":"loop-entry"},"taxonomy_info":{"product_brand":[{"value":45,"label":"Adidas"}],"product_cat":[{"value":23,"label":"Europa"},{"value":114,"label":"Pozosta\u0142e"},{"value":22,"label":"REPREZENTACJE"}],"pa_numer":[{"value":203,"label":"16"}],"pa_rozmiar":[{"value":39,"label":"L"}],"pa_sezon":[{"value":72,"label":"2008\/09"}]},"featured_image_src_large":["https:\/\/fts.you2.pl\/wp-content\/uploads\/2025\/09\/Photoroom_040_20240913_150520-1024x1024.png",1024,1024,true],"author_info":[],"comment_info":"","_links":{"self":[{"href":"https:\/\/fts.you2.pl\/en\/wp-json\/wp\/v2\/product\/1927","targetHints":{"allow":["GET"]}}],"collection":[{"href":"https:\/\/fts.you2.pl\/en\/wp-json\/wp\/v2\/product"}],"about":[{"href":"https:\/\/fts.you2.pl\/en\/wp-json\/wp\/v2\/types\/product"}],"wp:featuredmedia":[{"embeddable":true,"href":"https:\/\/fts.you2.pl\/en\/wp-json\/wp\/v2\/media\/4936"}],"wp:attachment":[{"href":"https:\/\/fts.you2.pl\/en\/wp-json\/wp\/v2\/media?parent=1927"}],"wp:term":[{"taxonomy":"product_brand","embeddable":true,"href":"https:\/\/fts.you2.pl\/en\/wp-json\/wp\/v2\/product_brand?post=1927"},{"taxonomy":"product_cat","embeddable":true,"href":"https:\/\/fts.you2.pl\/en\/wp-json\/wp\/v2\/product_cat?post=1927"},{"taxonomy":"product_tag","embeddable":true,"href":"https:\/\/fts.you2.pl\/en\/wp-json\/wp\/v2\/product_tag?post=1927"}],"curies":[{"name":"wp","href":"https:\/\/api.w.org\/{rel}","templated":true}]}}