{"id":1932,"date":"2023-04-01T15:50:01","date_gmt":"2023-04-01T13:50:01","guid":{"rendered":"https:\/\/fts.you2.pl\/index.php\/produkt\/hertha-bsc-2018-19-home-17-mittelstadt-l\/"},"modified":"2025-09-18T16:49:55","modified_gmt":"2025-09-18T14:49:55","slug":"hertha-bsc-2018-19-home-17-mittelstadt-l","status":"publish","type":"product","link":"https:\/\/fts.you2.pl\/en\/hertha-bsc-2018-19-home-17-mittelstadt-l\/","title":{"rendered":"Hertha BSC 2018\/19 Home 17 Mittelstadt [L]"},"content":{"rendered":"<p><strong>Klub: <\/strong>Hertha BSC<\/p>\n<p><strong>Zawodnik: <\/strong>17 Mittelstadt<\/p>\n<p><strong>Sezon: <\/strong>2018\/19 Home<\/p>\n<p><strong>Rozmiar: <\/strong>L<\/p>\n<p><strong>Stan: <\/strong>Bardzo dobry &#8211; starta naszywka z rozmiarem na karku oraz delikatnie uszkodzony numer na plecach.<\/p>\n<p><strong>Wymiary (szeroko\u015b\u0107 pod pachami\/d\u0142ugo\u015b\u0107) w cm: <\/strong>54\/71<\/p>\n<p><strong>Dodatkowe informacje:<\/strong> Maximilian Mittelst\u00e4dt to niemiecki pi\u0142karz, kt\u00f3ry wyst\u0119puje na pozycji lewego obro\u0144cy w dru\u017cynie Herthy BSC. Wychowanek klubu z Berlina, do seniorskiej dru\u017cyny do\u0142\u0105czy\u0142 w 2016 roku. Mittelst\u00e4dt wyr\u00f3\u017cnia si\u0119 szybko\u015bci\u0105, dobr\u0105 technik\u0105 i umiej\u0119tno\u015bci\u0105 gry w ofensywie.<\/p>","protected":false},"excerpt":{"rendered":"<p>Hertha BSC 2018\/19 Home 17 Mittelstadt [L]<\/p>","protected":false},"featured_media":4985,"template":"","meta":{"_kad_blocks_custom_css":"","_kad_blocks_head_custom_js":"","_kad_blocks_body_custom_js":"","_kad_blocks_footer_custom_js":"","_kad_post_transparent":"","_kad_post_title":"","_kad_post_layout":"","_kad_post_sidebar_id":"","_kad_post_content_style":"","_kad_post_vertical_padding":"","_kad_post_feature":"","_kad_post_feature_position":"","_kad_post_header":false,"_kad_post_footer":false},"product_brand":[55],"product_cat":[307,31,46],"product_tag":[],"class_list":{"0":"post-1932","1":"product","2":"type-product","3":"status-publish","4":"has-post-thumbnail","6":"product_brand-nike","7":"product_cat-hertha-bsc","8":"product_cat-kluby-europejskie","9":"product_cat-kluby-niemieckie","10":"pa_napis-mittelstadt","11":"pa_numer-94","12":"pa_rozmiar-l","13":"pa_sezon-2018-19","15":"first","16":"instock","17":"taxable","18":"shipping-taxable","19":"purchasable","20":"product-type-simple","21":"entry","22":"content-bg","23":"loop-entry"},"taxonomy_info":{"product_brand":[{"value":55,"label":"Nike"}],"product_cat":[{"value":307,"label":"Hertha BSC"},{"value":31,"label":"Kluby Europejskie"},{"value":46,"label":"Kluby Niemieckie"}],"pa_napis":[{"value":306,"label":"Mittelstadt"}],"pa_numer":[{"value":94,"label":"17"}],"pa_rozmiar":[{"value":39,"label":"L"}],"pa_sezon":[{"value":208,"label":"2018\/19"}]},"featured_image_src_large":["https:\/\/fts.you2.pl\/wp-content\/uploads\/2025\/09\/21985-Hertha-BSC-201819-Home-17-Mittelstadt-L-1024x1024.jpg",1024,1024,true],"author_info":[],"comment_info":"","_links":{"self":[{"href":"https:\/\/fts.you2.pl\/en\/wp-json\/wp\/v2\/product\/1932","targetHints":{"allow":["GET"]}}],"collection":[{"href":"https:\/\/fts.you2.pl\/en\/wp-json\/wp\/v2\/product"}],"about":[{"href":"https:\/\/fts.you2.pl\/en\/wp-json\/wp\/v2\/types\/product"}],"wp:featuredmedia":[{"embeddable":true,"href":"https:\/\/fts.you2.pl\/en\/wp-json\/wp\/v2\/media\/4985"}],"wp:attachment":[{"href":"https:\/\/fts.you2.pl\/en\/wp-json\/wp\/v2\/media?parent=1932"}],"wp:term":[{"taxonomy":"product_brand","embeddable":true,"href":"https:\/\/fts.you2.pl\/en\/wp-json\/wp\/v2\/product_brand?post=1932"},{"taxonomy":"product_cat","embeddable":true,"href":"https:\/\/fts.you2.pl\/en\/wp-json\/wp\/v2\/product_cat?post=1932"},{"taxonomy":"product_tag","embeddable":true,"href":"https:\/\/fts.you2.pl\/en\/wp-json\/wp\/v2\/product_tag?post=1932"}],"curies":[{"name":"wp","href":"https:\/\/api.w.org\/{rel}","templated":true}]}}