{"id":1937,"date":"2023-04-06T18:32:31","date_gmt":"2023-04-06T16:32:31","guid":{"rendered":"https:\/\/fts.you2.pl\/index.php\/produkt\/fc-bayern-monachium-1995-97-home-18-klinsmann-xl-3\/"},"modified":"2025-09-18T16:50:56","modified_gmt":"2025-09-18T14:50:56","slug":"fc-bayern-monachium-1995-97-home-18-klinsmann-xl-3","status":"publish","type":"product","link":"https:\/\/fts.you2.pl\/en\/fc-bayern-monachium-1995-97-home-18-klinsmann-xl-3\/","title":{"rendered":"FC Bayern Monachium 1995\/97 Home 18 Klinsmann [XL]"},"content":{"rendered":"<p><strong>Klub: <\/strong>FC Bayern Monachium<\/p>\n<p><strong>Zawodnik: <\/strong>18 Klinsmann<\/p>\n<p><strong>Sezon: <\/strong>1995\/97 Home<\/p>\n<p><strong>Rozmiar: <\/strong>XL<\/p>\n<p><strong>Stan: <\/strong>S\u0142aby &#8211; koszulka posiada niewielkie zaci\u0105gni\u0119cia, zabrudzony nadruk sponsora oraz podniszczone nazwisko i numer na plecach.<\/p>\n<p><strong>Wymiary (szeroko\u015b\u0107 pod pachami\/d\u0142ugo\u015b\u0107) w cm: <\/strong>59\/77<\/p>\n<p><strong>Dodatkowe informacje:<\/strong> Jurgen Klinsmann gra\u0142 w Bayernie Monachium w latach 1995-1997. W tym czasie pom\u00f3g\u0142 Bayernowi wygra\u0107 mistrzostwo Niemiec i Puchar UEFA. Klinsmann by\u0142 znany z szybko\u015bci, zwinno\u015bci i skuteczno\u015bci w strzelaniu bramek.<\/p><\/p>","protected":false},"excerpt":{"rendered":"<p>FC Bayern Monachium 1995\/97 Home 18 Klinsmann [XL]<\/p>","protected":false},"featured_media":5031,"template":"","meta":{"_kad_blocks_custom_css":"","_kad_blocks_head_custom_js":"","_kad_blocks_body_custom_js":"","_kad_blocks_footer_custom_js":"","_kad_post_transparent":"","_kad_post_title":"","_kad_post_layout":"","_kad_post_sidebar_id":"","_kad_post_content_style":"","_kad_post_vertical_padding":"","_kad_post_feature":"","_kad_post_feature_position":"","_kad_post_header":false,"_kad_post_footer":false},"product_brand":[45],"product_cat":[100,31,46],"product_tag":[],"class_list":{"0":"post-1937","1":"product","2":"type-product","3":"status-publish","4":"has-post-thumbnail","6":"product_brand-adidas","7":"product_cat-fc-bayern-monachium","8":"product_cat-kluby-europejskie","9":"product_cat-kluby-niemieckie","10":"pa_napis-klinsmann","11":"pa_numer-303","12":"pa_rozmiar-xl","13":"pa_sezon-1995-97","15":"first","16":"instock","17":"taxable","18":"shipping-taxable","19":"purchasable","20":"product-type-simple","21":"entry","22":"content-bg","23":"loop-entry"},"taxonomy_info":{"product_brand":[{"value":45,"label":"Adidas"}],"product_cat":[{"value":100,"label":"FC Bayern Monachium"},{"value":31,"label":"Kluby Europejskie"},{"value":46,"label":"Kluby Niemieckie"}],"pa_napis":[{"value":310,"label":"Klinsmann"}],"pa_numer":[{"value":303,"label":"18"}],"pa_rozmiar":[{"value":57,"label":"XL"}],"pa_sezon":[{"value":311,"label":"1995\/97"}]},"featured_image_src_large":["https:\/\/fts.you2.pl\/wp-content\/uploads\/2025\/09\/22426-FC-Bayern-Monachium-199597-Home-18-Klinsmann-XL-1024x1024.jpg",1024,1024,true],"author_info":[],"comment_info":"","_links":{"self":[{"href":"https:\/\/fts.you2.pl\/en\/wp-json\/wp\/v2\/product\/1937","targetHints":{"allow":["GET"]}}],"collection":[{"href":"https:\/\/fts.you2.pl\/en\/wp-json\/wp\/v2\/product"}],"about":[{"href":"https:\/\/fts.you2.pl\/en\/wp-json\/wp\/v2\/types\/product"}],"wp:featuredmedia":[{"embeddable":true,"href":"https:\/\/fts.you2.pl\/en\/wp-json\/wp\/v2\/media\/5031"}],"wp:attachment":[{"href":"https:\/\/fts.you2.pl\/en\/wp-json\/wp\/v2\/media?parent=1937"}],"wp:term":[{"taxonomy":"product_brand","embeddable":true,"href":"https:\/\/fts.you2.pl\/en\/wp-json\/wp\/v2\/product_brand?post=1937"},{"taxonomy":"product_cat","embeddable":true,"href":"https:\/\/fts.you2.pl\/en\/wp-json\/wp\/v2\/product_cat?post=1937"},{"taxonomy":"product_tag","embeddable":true,"href":"https:\/\/fts.you2.pl\/en\/wp-json\/wp\/v2\/product_tag?post=1937"}],"curies":[{"name":"wp","href":"https:\/\/api.w.org\/{rel}","templated":true}]}}