{"id":1940,"date":"2023-04-13T16:00:42","date_gmt":"2023-04-13T14:00:42","guid":{"rendered":"https:\/\/fts.you2.pl\/index.php\/produkt\/karlsruher-sc-2012-13-home-van-der-biezen-m\/"},"modified":"2025-09-18T16:51:31","modified_gmt":"2025-09-18T14:51:31","slug":"karlsruher-sc-2012-13-home-van-der-biezen-m","status":"publish","type":"product","link":"https:\/\/fts.you2.pl\/en\/karlsruher-sc-2012-13-home-van-der-biezen-m\/","title":{"rendered":"Karlsruher SC 2012\/13 Home Van Der Biezen [M]"},"content":{"rendered":"<p><strong>Klub: <\/strong>Karlsruher SC<\/p>\n<p><strong>Zawodnik: <\/strong>Van Der Biezen<\/p>\n<p><strong>Sezon: <\/strong>2012\/13 Home<\/p>\n<p><strong>Rozmiar: <\/strong>M<\/p>\n<p><strong>Stan: <\/strong>Zadowalaj\u0105cy &#8211; starta metka z rozmiarem, dwie subtelne plamki, mocno pop\u0119kany numer i nazwisko na plecach.<\/p>\n<p><strong>Wymiary (szeroko\u015b\u0107 pod pachami\/d\u0142ugo\u015b\u0107) w cm: <\/strong>51\/66(prz\u00f3d), 69(ty\u0142)<\/p>","protected":false},"excerpt":{"rendered":"<p>Karlsruher SC 2012\/13 Home Van Der Biezen [M]<\/p>","protected":false},"featured_media":5060,"template":"","meta":{"_kad_blocks_custom_css":"","_kad_blocks_head_custom_js":"","_kad_blocks_body_custom_js":"","_kad_blocks_footer_custom_js":"","_kad_post_transparent":"","_kad_post_title":"","_kad_post_layout":"","_kad_post_sidebar_id":"","_kad_post_content_style":"","_kad_post_vertical_padding":"","_kad_post_feature":"","_kad_post_feature_position":"","_kad_post_header":false,"_kad_post_footer":false},"product_brand":[201],"product_cat":[31,46,174],"product_tag":[],"class_list":{"0":"post-1940","1":"product","2":"type-product","3":"status-publish","4":"has-post-thumbnail","6":"product_brand-hummel","7":"product_cat-kluby-europejskie","8":"product_cat-kluby-niemieckie","9":"product_cat-pozostale-kluby-niemieckie","10":"pa_napis-van-der-biezen","11":"pa_rozmiar-m","12":"pa_sezon-2012-13","14":"first","15":"instock","16":"taxable","17":"shipping-taxable","18":"purchasable","19":"product-type-simple","20":"entry","21":"content-bg","22":"loop-entry"},"taxonomy_info":{"product_brand":[{"value":201,"label":"Hummel"}],"product_cat":[{"value":31,"label":"Kluby Europejskie"},{"value":46,"label":"Kluby Niemieckie"},{"value":174,"label":"Pozosta\u0142e kluby niemieckie"}],"pa_napis":[{"value":314,"label":"Van Der Biezen"}],"pa_rozmiar":[{"value":28,"label":"M"}],"pa_sezon":[{"value":91,"label":"2012\/13"}]},"featured_image_src_large":["https:\/\/fts.you2.pl\/wp-content\/uploads\/2025\/09\/22785-Karlsruher-SC-201213-Home-Van-Der-Biezen-M-1024x1024.jpg",1024,1024,true],"author_info":[],"comment_info":"","_links":{"self":[{"href":"https:\/\/fts.you2.pl\/en\/wp-json\/wp\/v2\/product\/1940","targetHints":{"allow":["GET"]}}],"collection":[{"href":"https:\/\/fts.you2.pl\/en\/wp-json\/wp\/v2\/product"}],"about":[{"href":"https:\/\/fts.you2.pl\/en\/wp-json\/wp\/v2\/types\/product"}],"wp:featuredmedia":[{"embeddable":true,"href":"https:\/\/fts.you2.pl\/en\/wp-json\/wp\/v2\/media\/5060"}],"wp:attachment":[{"href":"https:\/\/fts.you2.pl\/en\/wp-json\/wp\/v2\/media?parent=1940"}],"wp:term":[{"taxonomy":"product_brand","embeddable":true,"href":"https:\/\/fts.you2.pl\/en\/wp-json\/wp\/v2\/product_brand?post=1940"},{"taxonomy":"product_cat","embeddable":true,"href":"https:\/\/fts.you2.pl\/en\/wp-json\/wp\/v2\/product_cat?post=1940"},{"taxonomy":"product_tag","embeddable":true,"href":"https:\/\/fts.you2.pl\/en\/wp-json\/wp\/v2\/product_tag?post=1940"}],"curies":[{"name":"wp","href":"https:\/\/api.w.org\/{rel}","templated":true}]}}