{"id":1941,"date":"2023-04-13T16:00:44","date_gmt":"2023-04-13T14:00:44","guid":{"rendered":"https:\/\/fts.you2.pl\/index.php\/produkt\/hertha-bsc-2012-13-home-19-lasogga-xl\/"},"modified":"2025-09-18T16:51:45","modified_gmt":"2025-09-18T14:51:45","slug":"hertha-bsc-2012-13-home-19-lasogga-xl","status":"publish","type":"product","link":"https:\/\/fts.you2.pl\/en\/hertha-bsc-2012-13-home-19-lasogga-xl\/","title":{"rendered":"Hertha BSC 2012\/13 Home 19 Lasogga [XL]"},"content":{"rendered":"<p><strong>Klub: <\/strong>Hertha BSC<\/p>\n<p><strong>Zawodnik: <\/strong>19 Lasogga<\/p>\n<p><strong>Sezon: <\/strong>2012\/13 Home<\/p>\n<p><strong>Rozmiar: <\/strong>XL<\/p>\n<p><strong>Stan: <\/strong>Bardzo dobry &#8211; dwa mikro zaci\u0105gni\u0119cia.<\/p>\n<p><strong>Wymiary (szeroko\u015b\u0107 pod pachami\/d\u0142ugo\u015b\u0107) w cm: <\/strong>58\/76<\/p>\n<p><strong>Dodatkowe informacje:<\/strong> Pierre-Michel Lasogga to niemiecki pi\u0142karz, kt\u00f3ry w sezonie 2013\/2014 zosta\u0142 wypo\u017cyczony z klubu Hertha BSC do Hamburgera SV. W swoim pierwszym sezonie w barwach nowego klubu zdoby\u0142 13 bramek w 20 meczach ligowych, co przyczyni\u0142o si\u0119 do utrzymania dru\u017cyny w Bundeslidze. Po sezonie wypo\u017cyczenia wr\u00f3ci\u0142 do Herthy, ale nie spe\u0142ni\u0142 oczekiwa\u0144 i zosta\u0142 ponownie wypo\u017cyczony, tym razem do Leeds United.<\/p>","protected":false},"excerpt":{"rendered":"<p>Hertha BSC 2012\/13 Home 19 Lasogga [XL]<\/p>","protected":false},"featured_media":5072,"template":"","meta":{"_kad_blocks_custom_css":"","_kad_blocks_head_custom_js":"","_kad_blocks_body_custom_js":"","_kad_blocks_footer_custom_js":"","_kad_post_transparent":"","_kad_post_title":"","_kad_post_layout":"","_kad_post_sidebar_id":"","_kad_post_content_style":"","_kad_post_vertical_padding":"","_kad_post_feature":"","_kad_post_feature_position":"","_kad_post_header":false,"_kad_post_footer":false},"product_brand":[55],"product_cat":[307,31,46],"product_tag":[],"class_list":{"0":"post-1941","1":"product","2":"type-product","3":"status-publish","4":"has-post-thumbnail","6":"product_brand-nike","7":"product_cat-hertha-bsc","8":"product_cat-kluby-europejskie","9":"product_cat-kluby-niemieckie","10":"pa_napis-lasogga","11":"pa_numer-120","12":"pa_rozmiar-xl","13":"pa_sezon-2012-13","15":"first","16":"instock","17":"taxable","18":"shipping-taxable","19":"purchasable","20":"product-type-simple","21":"entry","22":"content-bg","23":"loop-entry"},"taxonomy_info":{"product_brand":[{"value":55,"label":"Nike"}],"product_cat":[{"value":307,"label":"Hertha BSC"},{"value":31,"label":"Kluby Europejskie"},{"value":46,"label":"Kluby Niemieckie"}],"pa_napis":[{"value":315,"label":"Lasogga"}],"pa_numer":[{"value":120,"label":"19"}],"pa_rozmiar":[{"value":57,"label":"XL"}],"pa_sezon":[{"value":91,"label":"2012\/13"}]},"featured_image_src_large":["https:\/\/fts.you2.pl\/wp-content\/uploads\/2025\/09\/22821-Hertha-BSC-201213-Home-19-Lasogga-XL-1024x1024.jpg",1024,1024,true],"author_info":[],"comment_info":"","_links":{"self":[{"href":"https:\/\/fts.you2.pl\/en\/wp-json\/wp\/v2\/product\/1941","targetHints":{"allow":["GET"]}}],"collection":[{"href":"https:\/\/fts.you2.pl\/en\/wp-json\/wp\/v2\/product"}],"about":[{"href":"https:\/\/fts.you2.pl\/en\/wp-json\/wp\/v2\/types\/product"}],"wp:featuredmedia":[{"embeddable":true,"href":"https:\/\/fts.you2.pl\/en\/wp-json\/wp\/v2\/media\/5072"}],"wp:attachment":[{"href":"https:\/\/fts.you2.pl\/en\/wp-json\/wp\/v2\/media?parent=1941"}],"wp:term":[{"taxonomy":"product_brand","embeddable":true,"href":"https:\/\/fts.you2.pl\/en\/wp-json\/wp\/v2\/product_brand?post=1941"},{"taxonomy":"product_cat","embeddable":true,"href":"https:\/\/fts.you2.pl\/en\/wp-json\/wp\/v2\/product_cat?post=1941"},{"taxonomy":"product_tag","embeddable":true,"href":"https:\/\/fts.you2.pl\/en\/wp-json\/wp\/v2\/product_tag?post=1941"}],"curies":[{"name":"wp","href":"https:\/\/api.w.org\/{rel}","templated":true}]}}