{"id":1944,"date":"2023-04-13T16:00:52","date_gmt":"2023-04-13T14:00:52","guid":{"rendered":"https:\/\/fts.you2.pl\/index.php\/produkt\/vfl-wolfsburg-2014-15-home-29-zhang-m\/"},"modified":"2025-09-18T16:52:24","modified_gmt":"2025-09-18T14:52:24","slug":"vfl-wolfsburg-2014-15-home-29-zhang-m","status":"publish","type":"product","link":"https:\/\/fts.you2.pl\/en\/vfl-wolfsburg-2014-15-home-29-zhang-m\/","title":{"rendered":"VFL Wolfsburg 2014\/15 Home 29 Zhang [M]"},"content":{"rendered":"<p><strong>Klub: <\/strong>VFL Wolfsburg<\/p>\n<p><strong>Zawodnik: <\/strong>29 Zhang<\/p>\n<p><strong>Sezon: <\/strong>2014\/15 Home<\/p>\n<p><strong>Rozmiar: <\/strong>M<\/p>\n<p><strong>Stan: <\/strong>Zadowalaj\u0105cy &#8211; cztery mikro zaci\u0105gni\u0119cia.<\/p>\n<p><strong>Wymiary (szeroko\u015b\u0107 pod pachami\/d\u0142ugo\u015b\u0107) w cm: <\/strong>47\/70<\/p>","protected":false},"excerpt":{"rendered":"<p>VFL Wolfsburg 2014\/15 Home 29 Zhang [M]<\/p>","protected":false},"featured_media":5104,"template":"","meta":{"_kad_blocks_custom_css":"","_kad_blocks_head_custom_js":"","_kad_blocks_body_custom_js":"","_kad_blocks_footer_custom_js":"","_kad_post_transparent":"","_kad_post_title":"","_kad_post_layout":"","_kad_post_sidebar_id":"","_kad_post_content_style":"","_kad_post_vertical_padding":"","_kad_post_feature":"","_kad_post_feature_position":"","_kad_post_header":false,"_kad_post_footer":false},"product_brand":[35],"product_cat":[31,46,179],"product_tag":[],"class_list":{"0":"post-1944","1":"product","2":"type-product","3":"status-publish","4":"has-post-thumbnail","6":"product_brand-kappa","7":"product_cat-kluby-europejskie","8":"product_cat-kluby-niemieckie","9":"product_cat-vfl-wolfsburg","10":"pa_napis-zhang","11":"pa_numer-319","12":"pa_rozmiar-m","13":"pa_sezon-2014-15","15":"first","16":"instock","17":"taxable","18":"shipping-taxable","19":"purchasable","20":"product-type-simple","21":"entry","22":"content-bg","23":"loop-entry"},"taxonomy_info":{"product_brand":[{"value":35,"label":"Kappa"}],"product_cat":[{"value":31,"label":"Kluby Europejskie"},{"value":46,"label":"Kluby Niemieckie"},{"value":179,"label":"VFL Wolfsburg"}],"pa_napis":[{"value":318,"label":"Zhang"}],"pa_numer":[{"value":319,"label":"29"}],"pa_rozmiar":[{"value":28,"label":"M"}],"pa_sezon":[{"value":49,"label":"2014\/15"}]},"featured_image_src_large":["https:\/\/fts.you2.pl\/wp-content\/uploads\/2025\/09\/22952-VFL-Wolfsburg-201415-Home-29-Zhang-M-1024x1024.jpg",1024,1024,true],"author_info":[],"comment_info":"","_links":{"self":[{"href":"https:\/\/fts.you2.pl\/en\/wp-json\/wp\/v2\/product\/1944","targetHints":{"allow":["GET"]}}],"collection":[{"href":"https:\/\/fts.you2.pl\/en\/wp-json\/wp\/v2\/product"}],"about":[{"href":"https:\/\/fts.you2.pl\/en\/wp-json\/wp\/v2\/types\/product"}],"wp:featuredmedia":[{"embeddable":true,"href":"https:\/\/fts.you2.pl\/en\/wp-json\/wp\/v2\/media\/5104"}],"wp:attachment":[{"href":"https:\/\/fts.you2.pl\/en\/wp-json\/wp\/v2\/media?parent=1944"}],"wp:term":[{"taxonomy":"product_brand","embeddable":true,"href":"https:\/\/fts.you2.pl\/en\/wp-json\/wp\/v2\/product_brand?post=1944"},{"taxonomy":"product_cat","embeddable":true,"href":"https:\/\/fts.you2.pl\/en\/wp-json\/wp\/v2\/product_cat?post=1944"},{"taxonomy":"product_tag","embeddable":true,"href":"https:\/\/fts.you2.pl\/en\/wp-json\/wp\/v2\/product_tag?post=1944"}],"curies":[{"name":"wp","href":"https:\/\/api.w.org\/{rel}","templated":true}]}}