{"id":1948,"date":"2023-04-13T16:00:57","date_gmt":"2023-04-13T14:00:57","guid":{"rendered":"https:\/\/fts.you2.pl\/index.php\/produkt\/bnwt-koszulka-okolicznosciowa-manchester-city-2019-20-home-l\/"},"modified":"2025-09-18T16:53:09","modified_gmt":"2025-09-18T14:53:09","slug":"bnwt-koszulka-okolicznosciowa-manchester-city-2019-20-home-l","status":"publish","type":"product","link":"https:\/\/fts.you2.pl\/en\/bnwt-koszulka-okolicznosciowa-manchester-city-2019-20-home-l\/","title":{"rendered":"BNWT Koszulka okoliczno\u015bciowa Manchester City 2019\/20 Home [L]"},"content":{"rendered":"<p><strong>Klub: <\/strong>Manchester City<\/p>\n<p><strong>Sezon: <\/strong>2019\/20 Home<\/p>\n<p><strong>Rozmiar: <\/strong>L<\/p>\n<p><strong>Stan: <\/strong>BNWT &#8211; Koszulka nowa z metkami &#8211; posiada jednak dwa zabrudzenia materia\u0142u.<\/p>\n<p><strong>Wymiary (szeroko\u015b\u0107 pod pachami\/d\u0142ugo\u015b\u0107) w cm: <\/strong>57\/74<\/p>\n<p><strong>Dodatkowe informacje:<\/strong> Koszulka okoliczno\u015bciowa wydana z okazji 125-lecia klubu. 'The Citizens&#8217; zagrali w tych strojach raz, w meczu o Tarcz\u0119 Wsp\u00f3lnoty przeciwko Liverpoolowi, kt\u00f3ry wygrali 5:4 w rzutach karnych po remisie w podstawowym czasie gry. Koszulka w wersji Authentic limitowana by\u0142a do 1894 sztuk, replika, tak jak ta, by\u0142a dost\u0119pna do zakupu bez limitu.<\/p>","protected":false},"excerpt":{"rendered":"<p>BNWT Koszulka okoliczno\u015bciowa Manchester City 2019\/20 Home [L]<\/p>","protected":false},"featured_media":5142,"template":"","meta":{"_kad_blocks_custom_css":"","_kad_blocks_head_custom_js":"","_kad_blocks_body_custom_js":"","_kad_blocks_footer_custom_js":"","_kad_post_transparent":"","_kad_post_title":"","_kad_post_layout":"","_kad_post_sidebar_id":"","_kad_post_content_style":"","_kad_post_vertical_padding":"","_kad_post_feature":"","_kad_post_feature_position":"","_kad_post_header":false,"_kad_post_footer":false},"product_brand":[86],"product_cat":[32,31,308],"product_tag":[],"class_list":{"0":"post-1948","1":"product","2":"type-product","3":"status-publish","4":"has-post-thumbnail","6":"product_brand-puma","7":"product_cat-kluby-angielskie","8":"product_cat-kluby-europejskie","9":"product_cat-manchester-city","10":"pa_rozmiar-l","11":"pa_sezon-2019-20","13":"first","14":"instock","15":"taxable","16":"shipping-taxable","17":"purchasable","18":"product-type-simple","19":"entry","20":"content-bg","21":"loop-entry"},"taxonomy_info":{"product_brand":[{"value":86,"label":"Puma"}],"product_cat":[{"value":32,"label":"Kluby Angielskie"},{"value":31,"label":"Kluby Europejskie"},{"value":308,"label":"Manchester City"}],"pa_rozmiar":[{"value":39,"label":"L"}],"pa_sezon":[{"value":226,"label":"2019\/20"}]},"featured_image_src_large":["https:\/\/fts.you2.pl\/wp-content\/uploads\/2025\/09\/23036-BNWT-Koszulka-okolicznosciowa-Manchester-City-201920-Home-L-1024x1024.jpg",1024,1024,true],"author_info":[],"comment_info":"","_links":{"self":[{"href":"https:\/\/fts.you2.pl\/en\/wp-json\/wp\/v2\/product\/1948","targetHints":{"allow":["GET"]}}],"collection":[{"href":"https:\/\/fts.you2.pl\/en\/wp-json\/wp\/v2\/product"}],"about":[{"href":"https:\/\/fts.you2.pl\/en\/wp-json\/wp\/v2\/types\/product"}],"wp:featuredmedia":[{"embeddable":true,"href":"https:\/\/fts.you2.pl\/en\/wp-json\/wp\/v2\/media\/5142"}],"wp:attachment":[{"href":"https:\/\/fts.you2.pl\/en\/wp-json\/wp\/v2\/media?parent=1948"}],"wp:term":[{"taxonomy":"product_brand","embeddable":true,"href":"https:\/\/fts.you2.pl\/en\/wp-json\/wp\/v2\/product_brand?post=1948"},{"taxonomy":"product_cat","embeddable":true,"href":"https:\/\/fts.you2.pl\/en\/wp-json\/wp\/v2\/product_cat?post=1948"},{"taxonomy":"product_tag","embeddable":true,"href":"https:\/\/fts.you2.pl\/en\/wp-json\/wp\/v2\/product_tag?post=1948"}],"curies":[{"name":"wp","href":"https:\/\/api.w.org\/{rel}","templated":true}]}}