{"id":1949,"date":"2023-04-13T16:00:59","date_gmt":"2023-04-13T14:00:59","guid":{"rendered":"https:\/\/fts.you2.pl\/index.php\/produkt\/lotwa-2012-14-home-17-xl\/"},"modified":"2025-09-18T16:53:23","modified_gmt":"2025-09-18T14:53:23","slug":"lotwa-2012-14-home-17-xl","status":"publish","type":"product","link":"https:\/\/fts.you2.pl\/en\/lotwa-2012-14-home-17-xl\/","title":{"rendered":"\u0141otwa 2012\/14 Home 17 Zjuzins [XL]"},"content":{"rendered":"<p><strong>Klub: <\/strong>\u0141otwa<\/p>\n<p><strong>Sezon: <\/strong>2012\/14 Home<\/p>\n<p><strong>Zawodnik:<\/strong> 17 Zjuzins<\/p>\n<p><strong>Rozmiar: <\/strong>XL<\/p>\n<p><strong>Stan: <\/strong>Bardzo dobry<\/p>\n<p><strong>Wymiary (szeroko\u015b\u0107 pod pachami\/d\u0142ugo\u015b\u0107) w cm: <\/strong>56\/75<\/p>\n<p><strong>Dodatkowe informacje:<\/strong> Koszulka posiada autograf nad numerem.<\/p>","protected":false},"excerpt":{"rendered":"<p>\u0141otwa 2012\/14 Home 17 Zjuzins [XL]<\/p>","protected":false},"featured_media":5154,"template":"","meta":{"_kad_blocks_custom_css":"","_kad_blocks_head_custom_js":"","_kad_blocks_body_custom_js":"","_kad_blocks_footer_custom_js":"","_kad_post_transparent":"","_kad_post_title":"","_kad_post_layout":"","_kad_post_sidebar_id":"","_kad_post_content_style":"","_kad_post_vertical_padding":"","_kad_post_feature":"","_kad_post_feature_position":"","_kad_post_header":false,"_kad_post_footer":false},"product_brand":[45],"product_cat":[23,114,22],"product_tag":[],"class_list":{"0":"post-1949","1":"product","2":"type-product","3":"status-publish","4":"has-post-thumbnail","6":"product_brand-adidas","7":"product_cat-europa","8":"product_cat-pozostale","9":"product_cat-reprezentacje","10":"pa_numer-94","11":"pa_rozmiar-xl","12":"pa_sezon-2012-14","14":"first","15":"instock","16":"taxable","17":"shipping-taxable","18":"purchasable","19":"product-type-simple","20":"entry","21":"content-bg","22":"loop-entry"},"taxonomy_info":{"product_brand":[{"value":45,"label":"Adidas"}],"product_cat":[{"value":23,"label":"Europa"},{"value":114,"label":"Pozosta\u0142e"},{"value":22,"label":"REPREZENTACJE"}],"pa_numer":[{"value":94,"label":"17"}],"pa_rozmiar":[{"value":57,"label":"XL"}],"pa_sezon":[{"value":262,"label":"2012\/14"}]},"featured_image_src_large":["https:\/\/fts.you2.pl\/wp-content\/uploads\/2025\/09\/23074-Lotwa-201214-Home-17-Zjuzins-XL-1024x1024.jpg",1024,1024,true],"author_info":[],"comment_info":"","_links":{"self":[{"href":"https:\/\/fts.you2.pl\/en\/wp-json\/wp\/v2\/product\/1949","targetHints":{"allow":["GET"]}}],"collection":[{"href":"https:\/\/fts.you2.pl\/en\/wp-json\/wp\/v2\/product"}],"about":[{"href":"https:\/\/fts.you2.pl\/en\/wp-json\/wp\/v2\/types\/product"}],"wp:featuredmedia":[{"embeddable":true,"href":"https:\/\/fts.you2.pl\/en\/wp-json\/wp\/v2\/media\/5154"}],"wp:attachment":[{"href":"https:\/\/fts.you2.pl\/en\/wp-json\/wp\/v2\/media?parent=1949"}],"wp:term":[{"taxonomy":"product_brand","embeddable":true,"href":"https:\/\/fts.you2.pl\/en\/wp-json\/wp\/v2\/product_brand?post=1949"},{"taxonomy":"product_cat","embeddable":true,"href":"https:\/\/fts.you2.pl\/en\/wp-json\/wp\/v2\/product_cat?post=1949"},{"taxonomy":"product_tag","embeddable":true,"href":"https:\/\/fts.you2.pl\/en\/wp-json\/wp\/v2\/product_tag?post=1949"}],"curies":[{"name":"wp","href":"https:\/\/api.w.org\/{rel}","templated":true}]}}