{"id":1950,"date":"2023-04-13T16:00:59","date_gmt":"2023-04-13T14:00:59","guid":{"rendered":"https:\/\/fts.you2.pl\/index.php\/produkt\/bluza-feyenoord-rotterdam-1998-99-m\/"},"modified":"2025-09-18T16:53:33","modified_gmt":"2025-09-18T14:53:33","slug":"bluza-feyenoord-rotterdam-1998-99-m","status":"publish","type":"product","link":"https:\/\/fts.you2.pl\/en\/bluza-feyenoord-rotterdam-1998-99-m\/","title":{"rendered":"Bluza Feyenoord Rotterdam 1998\/99 [M]"},"content":{"rendered":"<p><strong>Klub: <\/strong>Feyenoord Rotterdam<\/p>\n<p><strong>Sezon: <\/strong>1998\/99<\/p>\n<p><strong>Rozmiar: <\/strong>M<\/p>\n<p><strong>Stan: <\/strong>Dobry &#8211; trzy mikro zabrudzenia, miejscowo zmechacony materia\u0142.<\/p>\n<p><strong>Wymiary (szeroko\u015b\u0107 pod pachami\/d\u0142ugo\u015b\u0107) w cm: <\/strong>62\/74<\/p>","protected":false},"excerpt":{"rendered":"<p>Bluza Feyenoord Rotterdam 1998\/99 [M]<\/p>","protected":false},"featured_media":5163,"template":"","meta":{"_kad_blocks_custom_css":"","_kad_blocks_head_custom_js":"","_kad_blocks_body_custom_js":"","_kad_blocks_footer_custom_js":"","_kad_post_transparent":"","_kad_post_title":"","_kad_post_layout":"","_kad_post_sidebar_id":"","_kad_post_content_style":"","_kad_post_vertical_padding":"","_kad_post_feature":"","_kad_post_feature_position":"","_kad_post_header":false,"_kad_post_footer":false},"product_brand":[45],"product_cat":[107,25,50,31,26],"product_tag":[],"class_list":{"0":"post-1950","1":"product","2":"type-product","3":"status-publish","4":"has-post-thumbnail","6":"product_brand-adidas","7":"product_cat-belgia-i-holandia","8":"product_cat-inne","9":"product_cat-kluby-europejskie-kluby-europejskie","10":"product_cat-kluby-europejskie","11":"product_cat-kurtki-bluzy-trening","12":"pa_rozmiar-m","13":"pa_sezon-1998-99","15":"first","16":"instock","17":"taxable","18":"shipping-taxable","19":"purchasable","20":"product-type-simple","21":"entry","22":"content-bg","23":"loop-entry"},"taxonomy_info":{"product_brand":[{"value":45,"label":"Adidas"}],"product_cat":[{"value":107,"label":"Belgia i Holandia"},{"value":25,"label":"Inne"},{"value":50,"label":"Kluby Europejskie"},{"value":31,"label":"Kluby Europejskie"},{"value":26,"label":"Kurtki\/bluzy\/trening"}],"pa_rozmiar":[{"value":28,"label":"M"}],"pa_sezon":[{"value":218,"label":"1998\/99"}]},"featured_image_src_large":["https:\/\/fts.you2.pl\/wp-content\/uploads\/2025\/09\/23084-Bluza-Feyenoord-Rotterdam-199899-M-1024x1024.jpg",1024,1024,true],"author_info":[],"comment_info":"","_links":{"self":[{"href":"https:\/\/fts.you2.pl\/en\/wp-json\/wp\/v2\/product\/1950","targetHints":{"allow":["GET"]}}],"collection":[{"href":"https:\/\/fts.you2.pl\/en\/wp-json\/wp\/v2\/product"}],"about":[{"href":"https:\/\/fts.you2.pl\/en\/wp-json\/wp\/v2\/types\/product"}],"wp:featuredmedia":[{"embeddable":true,"href":"https:\/\/fts.you2.pl\/en\/wp-json\/wp\/v2\/media\/5163"}],"wp:attachment":[{"href":"https:\/\/fts.you2.pl\/en\/wp-json\/wp\/v2\/media?parent=1950"}],"wp:term":[{"taxonomy":"product_brand","embeddable":true,"href":"https:\/\/fts.you2.pl\/en\/wp-json\/wp\/v2\/product_brand?post=1950"},{"taxonomy":"product_cat","embeddable":true,"href":"https:\/\/fts.you2.pl\/en\/wp-json\/wp\/v2\/product_cat?post=1950"},{"taxonomy":"product_tag","embeddable":true,"href":"https:\/\/fts.you2.pl\/en\/wp-json\/wp\/v2\/product_tag?post=1950"}],"curies":[{"name":"wp","href":"https:\/\/api.w.org\/{rel}","templated":true}]}}