{"id":1952,"date":"2023-04-13T16:01:01","date_gmt":"2023-04-13T14:01:01","guid":{"rendered":"https:\/\/fts.you2.pl\/index.php\/produkt\/match-issue-red-bull-lipsk-2012-13-away-4-willers-l\/"},"modified":"2025-09-18T16:53:54","modified_gmt":"2025-09-18T14:53:54","slug":"match-issue-red-bull-lipsk-2012-13-away-4-willers-l","status":"publish","type":"product","link":"https:\/\/fts.you2.pl\/en\/match-issue-red-bull-lipsk-2012-13-away-4-willers-l\/","title":{"rendered":"MATCH ISSUE Red Bull Lipsk 2012\/13 Away 4 Willers [L]"},"content":{"rendered":"<p><strong>Klub: <\/strong>Red Bull Lipsk<\/p>\n<p><strong>Zawodnik: <\/strong>4 Willers<\/p>\n<p><strong>Sezon: <\/strong>2012\/13 Away<\/p>\n<p><strong>Rozmiar: <\/strong>L<\/p>\n<p><strong>Stan: <\/strong>Doskona\u0142y<\/p>\n<p><strong>Wymiary (szeroko\u015b\u0107 pod pachami\/d\u0142ugo\u015b\u0107) w cm: <\/strong>54\/75<\/p>","protected":false},"excerpt":{"rendered":"<p>MATCH ISSUE Red Bull Lipsk 2012\/13 Away 4 Willers [L]<\/p>","protected":false},"featured_media":5181,"template":"","meta":{"_kad_blocks_custom_css":"","_kad_blocks_head_custom_js":"","_kad_blocks_body_custom_js":"","_kad_blocks_footer_custom_js":"","_kad_post_transparent":"","_kad_post_title":"","_kad_post_layout":"","_kad_post_sidebar_id":"","_kad_post_content_style":"","_kad_post_vertical_padding":"","_kad_post_feature":"","_kad_post_feature_position":"","_kad_post_header":false,"_kad_post_footer":false},"product_brand":[45],"product_cat":[31,46,173,174],"product_tag":[],"class_list":{"0":"post-1952","1":"product","2":"type-product","3":"status-publish","4":"has-post-thumbnail","6":"product_brand-adidas","7":"product_cat-kluby-europejskie","8":"product_cat-kluby-niemieckie","9":"product_cat-match-worn-issue","10":"product_cat-pozostale-kluby-niemieckie","11":"pa_napis-willers","12":"pa_numer-154","13":"pa_rozmiar-l","14":"pa_sezon-2012-13","16":"first","17":"instock","18":"taxable","19":"shipping-taxable","20":"purchasable","21":"product-type-simple","22":"entry","23":"content-bg","24":"loop-entry"},"taxonomy_info":{"product_brand":[{"value":45,"label":"Adidas"}],"product_cat":[{"value":31,"label":"Kluby Europejskie"},{"value":46,"label":"Kluby Niemieckie"},{"value":173,"label":"MATCH WORN &amp; ISSUE"},{"value":174,"label":"Pozosta\u0142e kluby niemieckie"}],"pa_napis":[{"value":324,"label":"Willers"}],"pa_numer":[{"value":154,"label":"4"}],"pa_rozmiar":[{"value":39,"label":"L"}],"pa_sezon":[{"value":91,"label":"2012\/13"}]},"featured_image_src_large":["https:\/\/fts.you2.pl\/wp-content\/uploads\/2025\/09\/23110-MATCH-ISSUE-Red-Bull-Lipsk-201213-Away-4-Willers-L-1024x1024.jpg",1024,1024,true],"author_info":[],"comment_info":"","_links":{"self":[{"href":"https:\/\/fts.you2.pl\/en\/wp-json\/wp\/v2\/product\/1952","targetHints":{"allow":["GET"]}}],"collection":[{"href":"https:\/\/fts.you2.pl\/en\/wp-json\/wp\/v2\/product"}],"about":[{"href":"https:\/\/fts.you2.pl\/en\/wp-json\/wp\/v2\/types\/product"}],"wp:featuredmedia":[{"embeddable":true,"href":"https:\/\/fts.you2.pl\/en\/wp-json\/wp\/v2\/media\/5181"}],"wp:attachment":[{"href":"https:\/\/fts.you2.pl\/en\/wp-json\/wp\/v2\/media?parent=1952"}],"wp:term":[{"taxonomy":"product_brand","embeddable":true,"href":"https:\/\/fts.you2.pl\/en\/wp-json\/wp\/v2\/product_brand?post=1952"},{"taxonomy":"product_cat","embeddable":true,"href":"https:\/\/fts.you2.pl\/en\/wp-json\/wp\/v2\/product_cat?post=1952"},{"taxonomy":"product_tag","embeddable":true,"href":"https:\/\/fts.you2.pl\/en\/wp-json\/wp\/v2\/product_tag?post=1952"}],"curies":[{"name":"wp","href":"https:\/\/api.w.org\/{rel}","templated":true}]}}