{"id":1956,"date":"2023-04-20T18:56:28","date_gmt":"2023-04-20T16:56:28","guid":{"rendered":"https:\/\/fts.you2.pl\/index.php\/produkt\/tottenham-hotspur-fc-1982-83-away-m\/"},"modified":"2025-09-18T16:54:40","modified_gmt":"2025-09-18T14:54:40","slug":"tottenham-hotspur-fc-1982-83-away-m","status":"publish","type":"product","link":"https:\/\/fts.you2.pl\/en\/tottenham-hotspur-fc-1982-83-away-m\/","title":{"rendered":"Koszulka pi\u0142karska Tottenham Hotspur FC 1982\/83 Away [M]"},"content":{"rendered":"<p><strong>Klub: <\/strong>Tottenham Hotspur FC<\/p>\n<p><strong>Sezon: <\/strong>1982\/83 Away<\/p>\n<p><strong>Rozmiar: <\/strong>M<\/p>\n<p><strong>Stan: <\/strong>Dobry &#8211; uszkodzone logo producenta, mikro zabrudzenie oraz przetarty materia\u0142 na karku.<\/p>\n<p><strong>Wymiary (szeroko\u015b\u0107 pod pachami\/d\u0142ugo\u015b\u0107) w cm: <\/strong>50\/62<\/p>\n<p><strong>Dodatkowe informacje:<\/strong> Koszulka wydana z okazji stulecia klubu.<\/p>","protected":false},"excerpt":{"rendered":"<p data-start=\"0\" data-end=\"98\"><strong data-start=\"0\" data-end=\"96\">Oryginalna koszulka pi\u0142karska Tottenham Hotspur z sezonu 1982\/83 \u2013 produkcji Le Coq Sportif.<\/strong><\/p>\n<p data-start=\"100\" data-end=\"499\">Ta <strong data-start=\"103\" data-end=\"171\">oryginalna wyjazdowa koszulka Tottenham Hotspur z sezonu 1982\/83<\/strong>, wyprodukowana przez <strong data-start=\"193\" data-end=\"211\">Le Coq Sportif<\/strong>, to wyj\u0105tkowy model przygotowany z okazji <strong data-start=\"254\" data-end=\"273\">100-lecia klubu<\/strong>. Utrzymana w eleganckim <strong data-start=\"298\" data-end=\"319\">b\u0142\u0119kitnym kolorze<\/strong>, wyr\u00f3\u017cnia si\u0119 prostym, klasycznym designem, typowym dla wczesnych lat 80., oraz unikatowym <strong data-start=\"411\" data-end=\"438\">okoliczno\u015bciowym herbem<\/strong> na piersi, kt\u00f3ry podkre\u015bla\u0142 jubileuszowy charakter sezonu.<\/p>\n<p data-start=\"501\" data-end=\"864\">Koszulka posiada minimalistyczny kr\u00f3j z <strong data-start=\"541\" data-end=\"593\">detalami na ko\u0142nierzyku i mankietach<\/strong>, a na froncie widnieje logo <strong data-start=\"622\" data-end=\"640\">Le Coq Sportif<\/strong>, kt\u00f3ry w tamtym okresie by\u0142 oficjalnym dostawc\u0105 sprz\u0119tu dla \u201eKogut\u00f3w\u201d. Jej wykonanie z wysokiej jako\u015bci materia\u0142\u00f3w zapewnia\u0142o zawodnikom <strong data-start=\"778\" data-end=\"800\">komfort i trwa\u0142o\u015b\u0107<\/strong>, a dzi\u015b stanowi klasyczny przyk\u0142ad pi\u0142karskiej odzie\u017cy retro.<\/p>\n<p data-start=\"866\" data-end=\"1211\">Sezon <strong data-start=\"872\" data-end=\"883\">1982\/83<\/strong> zapisa\u0142 si\u0119 w historii Tottenhamu jako czas gry w europejskich pucharach po triumfie w <strong data-start=\"971\" data-end=\"993\">FA Cup w 1982 roku<\/strong>. Zesp\u00f3\u0142 prowadzony przez <strong data-start=\"1019\" data-end=\"1043\">Keitha Burkina-Shawa<\/strong> walczy\u0142 w\u00f3wczas w krajowych i europejskich rozgrywkach, a kluczowymi postaciami dru\u017cyny byli m.in. <strong data-start=\"1143\" data-end=\"1208\">Glenn Hoddle, Steve Archibald, Garth Crooks i Osvaldo Ardiles<\/strong>.<\/p>\n<p data-start=\"1213\" data-end=\"1490\">Ta koszulka to prawdziwa gratka dla <strong data-start=\"1249\" data-end=\"1294\">kolekcjoner\u00f3w oryginalnych koszulek retro<\/strong> oraz wiernych <strong data-start=\"1309\" data-end=\"1337\">fan\u00f3w Tottenhamu Hotspur<\/strong>, kt\u00f3rzy chc\u0105 posiada\u0107 niezwyk\u0142y egzemplarz upami\u0119tniaj\u0105cy <strong data-start=\"1396\" data-end=\"1415\">100-lecie klubu<\/strong> i okres, w kt\u00f3rym \u201eKoguty\u201d umacnia\u0142y swoj\u0105 pozycj\u0119 w angielskim futbolu.<\/p>","protected":false},"featured_media":5222,"template":"","meta":{"_kad_blocks_custom_css":"","_kad_blocks_head_custom_js":"","_kad_blocks_body_custom_js":"","_kad_blocks_footer_custom_js":"","_kad_post_transparent":"","_kad_post_title":"","_kad_post_layout":"","_kad_post_sidebar_id":"","_kad_post_content_style":"","_kad_post_vertical_padding":"","_kad_post_feature":"","_kad_post_feature_position":"","_kad_post_header":false,"_kad_post_footer":false},"product_brand":[96],"product_cat":[32,31,245],"product_tag":[],"class_list":{"0":"post-1956","1":"product","2":"type-product","3":"status-publish","4":"has-post-thumbnail","6":"product_brand-le-coq-sportif","7":"product_cat-kluby-angielskie","8":"product_cat-kluby-europejskie","9":"product_cat-tottenham-hotspur-fc","10":"pa_rozmiar-m","11":"pa_sezon-1982-83","13":"first","14":"instock","15":"taxable","16":"shipping-taxable","17":"purchasable","18":"product-type-simple","19":"entry","20":"content-bg","21":"loop-entry"},"taxonomy_info":{"product_brand":[{"value":96,"label":"Le Coq Sportif"}],"product_cat":[{"value":32,"label":"Kluby Angielskie"},{"value":31,"label":"Kluby Europejskie"},{"value":245,"label":"Tottenham Hotspur FC"}],"pa_rozmiar":[{"value":28,"label":"M"}],"pa_sezon":[{"value":270,"label":"1982\/83"}]},"featured_image_src_large":["https:\/\/fts.you2.pl\/wp-content\/uploads\/2025\/09\/23171-Tottenham-Hotspur-FC-198283-Away-M-1024x1024.jpg",1024,1024,true],"author_info":[],"comment_info":"","_links":{"self":[{"href":"https:\/\/fts.you2.pl\/en\/wp-json\/wp\/v2\/product\/1956","targetHints":{"allow":["GET"]}}],"collection":[{"href":"https:\/\/fts.you2.pl\/en\/wp-json\/wp\/v2\/product"}],"about":[{"href":"https:\/\/fts.you2.pl\/en\/wp-json\/wp\/v2\/types\/product"}],"wp:featuredmedia":[{"embeddable":true,"href":"https:\/\/fts.you2.pl\/en\/wp-json\/wp\/v2\/media\/5222"}],"wp:attachment":[{"href":"https:\/\/fts.you2.pl\/en\/wp-json\/wp\/v2\/media?parent=1956"}],"wp:term":[{"taxonomy":"product_brand","embeddable":true,"href":"https:\/\/fts.you2.pl\/en\/wp-json\/wp\/v2\/product_brand?post=1956"},{"taxonomy":"product_cat","embeddable":true,"href":"https:\/\/fts.you2.pl\/en\/wp-json\/wp\/v2\/product_cat?post=1956"},{"taxonomy":"product_tag","embeddable":true,"href":"https:\/\/fts.you2.pl\/en\/wp-json\/wp\/v2\/product_tag?post=1956"}],"curies":[{"name":"wp","href":"https:\/\/api.w.org\/{rel}","templated":true}]}}