{"id":1957,"date":"2023-04-20T18:56:29","date_gmt":"2023-04-20T16:56:29","guid":{"rendered":"https:\/\/fts.you2.pl\/index.php\/produkt\/tottenham-hotspur-fc-2014-15-home-s\/"},"modified":"2025-09-18T16:54:52","modified_gmt":"2025-09-18T14:54:52","slug":"tottenham-hotspur-fc-2014-15-home-s","status":"publish","type":"product","link":"https:\/\/fts.you2.pl\/en\/tottenham-hotspur-fc-2014-15-home-s\/","title":{"rendered":"Tottenham Hotspur FC 2014\/15 Home [S]"},"content":{"rendered":"<p><strong>Klub: <\/strong>Tottenham Hotspur FC<\/p>\n<p><strong>Sezon: <\/strong>2014\/15 Home<\/p>\n<p><strong>Rozmiar: <\/strong>S<\/p>\n<p><strong>Stan: <\/strong>Bardzo dobry &#8211; jedno drobne zabrudzenie, jeden z patchy na r\u0119kawie delikatnie si\u0119 odkleja.<\/p>\n<p><strong>Wymiary (szeroko\u015b\u0107 pod pachami\/d\u0142ugo\u015b\u0107) w cm: <\/strong>45\/66<\/p>","protected":false},"excerpt":{"rendered":"<p>Tottenham Hotspur FC 2014\/15 Home [S]<\/p>","protected":false},"featured_media":5232,"template":"","meta":{"_kad_blocks_custom_css":"","_kad_blocks_head_custom_js":"","_kad_blocks_body_custom_js":"","_kad_blocks_footer_custom_js":"","_kad_post_transparent":"","_kad_post_title":"","_kad_post_layout":"","_kad_post_sidebar_id":"","_kad_post_content_style":"","_kad_post_vertical_padding":"","_kad_post_feature":"","_kad_post_feature_position":"","_kad_post_header":false,"_kad_post_footer":false},"product_brand":[326],"product_cat":[32,31,245],"product_tag":[],"class_list":{"0":"post-1957","1":"product","2":"type-product","3":"status-publish","4":"has-post-thumbnail","6":"product_brand-under-armour","7":"product_cat-kluby-angielskie","8":"product_cat-kluby-europejskie","9":"product_cat-tottenham-hotspur-fc","10":"pa_rozmiar-s","11":"pa_sezon-2014-15","13":"first","14":"instock","15":"taxable","16":"shipping-taxable","17":"purchasable","18":"product-type-simple","19":"entry","20":"content-bg","21":"loop-entry"},"taxonomy_info":{"product_brand":[{"value":326,"label":"Under Armour"}],"product_cat":[{"value":32,"label":"Kluby Angielskie"},{"value":31,"label":"Kluby Europejskie"},{"value":245,"label":"Tottenham Hotspur FC"}],"pa_rozmiar":[{"value":19,"label":"S"}],"pa_sezon":[{"value":49,"label":"2014\/15"}]},"featured_image_src_large":["https:\/\/fts.you2.pl\/wp-content\/uploads\/2025\/09\/23178-Tottenham-Hotspur-FC-201415-Home-S-1024x1024.jpg",1024,1024,true],"author_info":[],"comment_info":"","_links":{"self":[{"href":"https:\/\/fts.you2.pl\/en\/wp-json\/wp\/v2\/product\/1957","targetHints":{"allow":["GET"]}}],"collection":[{"href":"https:\/\/fts.you2.pl\/en\/wp-json\/wp\/v2\/product"}],"about":[{"href":"https:\/\/fts.you2.pl\/en\/wp-json\/wp\/v2\/types\/product"}],"wp:featuredmedia":[{"embeddable":true,"href":"https:\/\/fts.you2.pl\/en\/wp-json\/wp\/v2\/media\/5232"}],"wp:attachment":[{"href":"https:\/\/fts.you2.pl\/en\/wp-json\/wp\/v2\/media?parent=1957"}],"wp:term":[{"taxonomy":"product_brand","embeddable":true,"href":"https:\/\/fts.you2.pl\/en\/wp-json\/wp\/v2\/product_brand?post=1957"},{"taxonomy":"product_cat","embeddable":true,"href":"https:\/\/fts.you2.pl\/en\/wp-json\/wp\/v2\/product_cat?post=1957"},{"taxonomy":"product_tag","embeddable":true,"href":"https:\/\/fts.you2.pl\/en\/wp-json\/wp\/v2\/product_tag?post=1957"}],"curies":[{"name":"wp","href":"https:\/\/api.w.org\/{rel}","templated":true}]}}