{"id":1963,"date":"2023-04-20T18:56:36","date_gmt":"2023-04-20T16:56:36","guid":{"rendered":"https:\/\/fts.you2.pl\/index.php\/produkt\/everton-fc-2009-10-away-10-arteta-xl-xxl\/"},"modified":"2025-09-18T16:56:40","modified_gmt":"2025-09-18T14:56:40","slug":"everton-fc-2009-10-away-10-arteta-xl-xxl","status":"publish","type":"product","link":"https:\/\/fts.you2.pl\/en\/everton-fc-2009-10-away-10-arteta-xl-xxl\/","title":{"rendered":"Everton FC 2009\/10 Away 10 Arteta [XXL]"},"content":{"rendered":"<p><strong>Klub: <\/strong>Everton FC<\/p>\n<p><strong>Zawodnik: <\/strong>10 Arteta<\/p>\n<p><strong>Sezon: <\/strong>2009\/10 Away<\/p>\n<p><strong>Rozmiar: <\/strong>XXL<\/p>\n<p><strong>Stan: <\/strong>Bardzo dobry &#8211; starta naszywka z rozmiarem, zmechacenie materia\u0142u w jednym miejscu.<\/p>\n<p><strong>Wymiary (szeroko\u015b\u0107 pod pachami\/d\u0142ugo\u015b\u0107) w cm: <\/strong>60\/76<\/p>","protected":false},"excerpt":{"rendered":"<p>Everton FC 2009\/10 Away 10 Arteta [XL\/XXL]<\/p>","protected":false},"featured_media":5285,"template":"","meta":{"_kad_blocks_custom_css":"","_kad_blocks_head_custom_js":"","_kad_blocks_body_custom_js":"","_kad_blocks_footer_custom_js":"","_kad_post_transparent":"","_kad_post_title":"","_kad_post_layout":"","_kad_post_sidebar_id":"","_kad_post_content_style":"","_kad_post_vertical_padding":"","_kad_post_feature":"","_kad_post_feature_position":"","_kad_post_header":false,"_kad_post_footer":false},"product_brand":[96],"product_cat":[92,32,31],"product_tag":[],"class_list":{"0":"post-1963","1":"product","2":"type-product","3":"status-publish","4":"has-post-thumbnail","6":"product_brand-le-coq-sportif","7":"product_cat-everton-fc","8":"product_cat-kluby-angielskie","9":"product_cat-kluby-europejskie","10":"pa_napis-arteta","11":"pa_numer-63","12":"pa_rozmiar-xxl","13":"pa_sezon-2009-10","15":"first","16":"instock","17":"taxable","18":"shipping-taxable","19":"purchasable","20":"product-type-simple","21":"entry","22":"content-bg","23":"loop-entry"},"taxonomy_info":{"product_brand":[{"value":96,"label":"Le Coq Sportif"}],"product_cat":[{"value":92,"label":"Everton FC"},{"value":32,"label":"Kluby Angielskie"},{"value":31,"label":"Kluby Europejskie"}],"pa_napis":[{"value":330,"label":"Arteta"}],"pa_numer":[{"value":63,"label":"10"}],"pa_rozmiar":[{"value":71,"label":"XXL"}],"pa_sezon":[{"value":95,"label":"2009\/10"}]},"featured_image_src_large":["https:\/\/fts.you2.pl\/wp-content\/uploads\/2025\/09\/23309-Everton-FC-200910-Away-10-Arteta-XXL-1024x1024.jpg",1024,1024,true],"author_info":[],"comment_info":"","_links":{"self":[{"href":"https:\/\/fts.you2.pl\/en\/wp-json\/wp\/v2\/product\/1963","targetHints":{"allow":["GET"]}}],"collection":[{"href":"https:\/\/fts.you2.pl\/en\/wp-json\/wp\/v2\/product"}],"about":[{"href":"https:\/\/fts.you2.pl\/en\/wp-json\/wp\/v2\/types\/product"}],"wp:featuredmedia":[{"embeddable":true,"href":"https:\/\/fts.you2.pl\/en\/wp-json\/wp\/v2\/media\/5285"}],"wp:attachment":[{"href":"https:\/\/fts.you2.pl\/en\/wp-json\/wp\/v2\/media?parent=1963"}],"wp:term":[{"taxonomy":"product_brand","embeddable":true,"href":"https:\/\/fts.you2.pl\/en\/wp-json\/wp\/v2\/product_brand?post=1963"},{"taxonomy":"product_cat","embeddable":true,"href":"https:\/\/fts.you2.pl\/en\/wp-json\/wp\/v2\/product_cat?post=1963"},{"taxonomy":"product_tag","embeddable":true,"href":"https:\/\/fts.you2.pl\/en\/wp-json\/wp\/v2\/product_tag?post=1963"}],"curies":[{"name":"wp","href":"https:\/\/api.w.org\/{rel}","templated":true}]}}