{"id":1964,"date":"2023-04-20T18:56:37","date_gmt":"2023-04-20T16:56:37","guid":{"rendered":"https:\/\/fts.you2.pl\/index.php\/produkt\/everton-fc-1993-94-third-20-warzycha-xl\/"},"modified":"2025-09-18T16:56:48","modified_gmt":"2025-09-18T14:56:48","slug":"everton-fc-1993-94-third-20-warzycha-xl","status":"publish","type":"product","link":"https:\/\/fts.you2.pl\/en\/everton-fc-1993-94-third-20-warzycha-xl\/","title":{"rendered":"Everton FC 1993\/94 Third 20 Warzycha [XL]"},"content":{"rendered":"<p><strong>Klub: <\/strong>Everton FC<\/p>\n<p><strong>Zawodnik: <\/strong>20 Warzycha<\/p>\n<p><strong>Sezon: <\/strong>1993\/94 Third<\/p>\n<p><strong>Rozmiar: <\/strong>XL<\/p>\n<p><strong>Stan: <\/strong>Bardzo dobry &#8211; dwa mikro zaci\u0105gni\u0119cia przy herbie.<\/p>\n<p><strong>Wymiary (szeroko\u015b\u0107 pod pachami\/d\u0142ugo\u015b\u0107) w cm: <\/strong>59\/78<\/p>\n<p><strong>Dodatkowe informacje:<\/strong> Koszulka w wersji sklepowej, z numerem bez obw\u00f3dki na plecach, w wersjach meczowych na koszulkach z paskami w tamtych latach w Premier League numery i nazwiska mia\u0142y obw\u00f3dk\u0119.<\/p>","protected":false},"excerpt":{"rendered":"<p>Everton FC 1993\/94 Third 20 Warzycha [XL]<\/p>","protected":false},"featured_media":5293,"template":"","meta":{"_kad_blocks_custom_css":"","_kad_blocks_head_custom_js":"","_kad_blocks_body_custom_js":"","_kad_blocks_footer_custom_js":"","_kad_post_transparent":"","_kad_post_title":"","_kad_post_layout":"","_kad_post_sidebar_id":"","_kad_post_content_style":"","_kad_post_vertical_padding":"","_kad_post_feature":"","_kad_post_feature_position":"","_kad_post_header":false,"_kad_post_footer":false},"product_brand":[21],"product_cat":[92,32,31,298],"product_tag":[],"class_list":{"0":"post-1964","1":"product","2":"type-product","3":"status-publish","4":"has-post-thumbnail","6":"product_brand-umbro","7":"product_cat-everton-fc","8":"product_cat-kluby-angielskie","9":"product_cat-kluby-europejskie","10":"product_cat-polscy-pilkarze","11":"pa_napis-warzycha","12":"pa_numer-123","13":"pa_rozmiar-xl","14":"pa_sezon-1993-94","16":"first","17":"instock","18":"taxable","19":"shipping-taxable","20":"purchasable","21":"product-type-simple","22":"entry","23":"content-bg","24":"loop-entry"},"taxonomy_info":{"product_brand":[{"value":21,"label":"Umbro"}],"product_cat":[{"value":92,"label":"Everton FC"},{"value":32,"label":"Kluby Angielskie"},{"value":31,"label":"Kluby Europejskie"},{"value":298,"label":"POLSCY PI\u0141KARZE"}],"pa_napis":[{"value":331,"label":"Warzycha"}],"pa_numer":[{"value":123,"label":"20"}],"pa_rozmiar":[{"value":57,"label":"XL"}],"pa_sezon":[{"value":332,"label":"1993\/94"}]},"featured_image_src_large":["https:\/\/fts.you2.pl\/wp-content\/uploads\/2025\/09\/23318-Everton-FC-199394-Third-20-Warzycha-XL-1024x1024.jpg",1024,1024,true],"author_info":[],"comment_info":"","_links":{"self":[{"href":"https:\/\/fts.you2.pl\/en\/wp-json\/wp\/v2\/product\/1964","targetHints":{"allow":["GET"]}}],"collection":[{"href":"https:\/\/fts.you2.pl\/en\/wp-json\/wp\/v2\/product"}],"about":[{"href":"https:\/\/fts.you2.pl\/en\/wp-json\/wp\/v2\/types\/product"}],"wp:featuredmedia":[{"embeddable":true,"href":"https:\/\/fts.you2.pl\/en\/wp-json\/wp\/v2\/media\/5293"}],"wp:attachment":[{"href":"https:\/\/fts.you2.pl\/en\/wp-json\/wp\/v2\/media?parent=1964"}],"wp:term":[{"taxonomy":"product_brand","embeddable":true,"href":"https:\/\/fts.you2.pl\/en\/wp-json\/wp\/v2\/product_brand?post=1964"},{"taxonomy":"product_cat","embeddable":true,"href":"https:\/\/fts.you2.pl\/en\/wp-json\/wp\/v2\/product_cat?post=1964"},{"taxonomy":"product_tag","embeddable":true,"href":"https:\/\/fts.you2.pl\/en\/wp-json\/wp\/v2\/product_tag?post=1964"}],"curies":[{"name":"wp","href":"https:\/\/api.w.org\/{rel}","templated":true}]}}